{"id":3404,"date":"2024-05-25T13:57:06","date_gmt":"2024-05-25T11:57:06","guid":{"rendered":"https:\/\/lacigue\u00f1abebe.com\/?post_type=product&#038;p=3404"},"modified":"2024-05-25T13:57:06","modified_gmt":"2024-05-25T11:57:06","slug":"capa-de-bano-rabbit","status":"publish","type":"product","link":"https:\/\/lacigue\u00f1abebe.com\/?product=capa-de-bano-rabbit","title":{"rendered":"Capa de Ba\u00f1o Rabbit"},"content":{"rendered":"<p>Capa de ba\u00f1o 100% algodon<\/p>\n","protected":false},"excerpt":{"rendered":"<p>La Capa de ba\u00f1o est\u00e1 indicada para secar al beb\u00e9 tras el ba\u00f1o. Est\u00e1 fabricada con fibras deTENCEL\u00bb!. Fibras bot\u00e1nicas y ecol\u00f3gicas, que evitan la aparici\u00f3n de alergias o irritaciones en la piel del beb\u00e9 y ofrece la m\u00e1xima suavidad al no retener la cal del agua durante el lavado. Su capucha, cuyo interior est\u00e1 forrado con rizo, ayuda a mantener al beb\u00e9 tapado conservando en todo momento su calor corporal tras el ba\u00f1o.<\/p>\n","protected":false},"featured_media":3411,"template":"","meta":[],"product_cat":[58,56,59],"product_tag":[329,326,327,328],"class_list":{"0":"post-3404","1":"product","2":"type-product","3":"status-publish","4":"has-post-thumbnail","6":"product_cat-accesorios-higiene","7":"product_cat-bano-e-higiene","8":"product_cat-capa-de-bano","9":"product_tag-banobebe","10":"product_tag-capadebano","11":"product_tag-capadebanobebe","12":"product_tag-toallabebe","14":"first","15":"instock","16":"shipping-taxable","17":"purchasable","18":"product-type-simple"},"yoast_head":"<!-- This site is optimized with the Yoast SEO plugin v22.1 - https:\/\/yoast.com\/wordpress\/plugins\/seo\/ -->\n<title>Capa de Ba\u00f1o Rabbit - LA CIG\u00dcE\u00d1A - Tienda de moda y accesorios para tu bebe<\/title>\n<meta name=\"description\" content=\"La Capa de ba\u00f1o est\u00e1 indicada para secar al beb\u00e9 tras el ba\u00f1o. Est\u00e1 fabricada con fibras deTENCEL&quot;!. Fibras bot\u00e1nicas y ecol\u00f3gicas, que evitan la aparici\u00f3n de alergias o irritaciones en la piel del beb\u00e9 y ofrece la m\u00e1xima suavidad al no retener la cal del agua durante el lavado. Su capucha, cuyo interior est\u00e1 forrado con rizo, ayuda a mantener al beb\u00e9 tapado conservando en todo momento su calor corporal tras el ba\u00f1o.\" \/>\n<meta name=\"robots\" content=\"index, follow, max-snippet:-1, max-image-preview:large, max-video-preview:-1\" \/>\n<link rel=\"canonical\" href=\"https:\/\/lacigue\u00f1abebe.com\/?product=capa-de-bano-rabbit\" \/>\n<meta property=\"og:locale\" content=\"es_ES\" \/>\n<meta property=\"og:type\" content=\"article\" \/>\n<meta property=\"og:title\" content=\"Capa de Ba\u00f1o Rabbit - LA CIG\u00dcE\u00d1A - Tienda de moda y accesorios para tu bebe\" \/>\n<meta property=\"og:description\" content=\"La Capa de ba\u00f1o est\u00e1 indicada para secar al beb\u00e9 tras el ba\u00f1o. Est\u00e1 fabricada con fibras deTENCEL&quot;!. Fibras bot\u00e1nicas y ecol\u00f3gicas, que evitan la aparici\u00f3n de alergias o irritaciones en la piel del beb\u00e9 y ofrece la m\u00e1xima suavidad al no retener la cal del agua durante el lavado. Su capucha, cuyo interior est\u00e1 forrado con rizo, ayuda a mantener al beb\u00e9 tapado conservando en todo momento su calor corporal tras el ba\u00f1o.\" \/>\n<meta property=\"og:url\" content=\"https:\/\/lacigue\u00f1abebe.com\/?product=capa-de-bano-rabbit\" \/>\n<meta property=\"og:site_name\" content=\"LA CIG\u00dcE\u00d1A - Tienda de moda y accesorios para tu bebe\" \/>\n<meta property=\"og:image\" content=\"https:\/\/lacigue\u00f1abebe.com\/wp-content\/uploads\/2024\/05\/7.png\" \/>\n\t<meta property=\"og:image:width\" content=\"800\" \/>\n\t<meta property=\"og:image:height\" content=\"1000\" \/>\n\t<meta property=\"og:image:type\" content=\"image\/png\" \/>\n<meta name=\"twitter:card\" content=\"summary_large_image\" \/>\n<meta name=\"twitter:label1\" content=\"Tiempo de lectura\" \/>\n\t<meta name=\"twitter:data1\" content=\"1 minuto\" \/>\n<script type=\"application\/ld+json\" class=\"yoast-schema-graph\">{\"@context\":\"https:\/\/schema.org\",\"@graph\":[{\"@type\":\"WebPage\",\"@id\":\"https:\/\/lacigue\u00f1abebe.com\/?product=capa-de-bano-rabbit\",\"url\":\"https:\/\/lacigue\u00f1abebe.com\/?product=capa-de-bano-rabbit\",\"name\":\"Capa de Ba\u00f1o Rabbit - LA CIG\u00dcE\u00d1A - Tienda de moda y accesorios para tu bebe\",\"isPartOf\":{\"@id\":\"https:\/\/lacigue\u00f1abebe.com\/#website\"},\"datePublished\":\"2024-05-25T11:57:06+00:00\",\"dateModified\":\"2024-05-25T11:57:06+00:00\",\"description\":\"La Capa de ba\u00f1o est\u00e1 indicada para secar al beb\u00e9 tras el ba\u00f1o. Est\u00e1 fabricada con fibras deTENCEL\\\"!. Fibras bot\u00e1nicas y ecol\u00f3gicas, que evitan la aparici\u00f3n de alergias o irritaciones en la piel del beb\u00e9 y ofrece la m\u00e1xima suavidad al no retener la cal del agua durante el lavado. Su capucha, cuyo interior est\u00e1 forrado con rizo, ayuda a mantener al beb\u00e9 tapado conservando en todo momento su calor corporal tras el ba\u00f1o.\",\"breadcrumb\":{\"@id\":\"https:\/\/lacigue\u00f1abebe.com\/?product=capa-de-bano-rabbit#breadcrumb\"},\"inLanguage\":\"es\",\"potentialAction\":[{\"@type\":\"ReadAction\",\"target\":[\"https:\/\/lacigue\u00f1abebe.com\/?product=capa-de-bano-rabbit\"]}]},{\"@type\":\"BreadcrumbList\",\"@id\":\"https:\/\/lacigue\u00f1abebe.com\/?product=capa-de-bano-rabbit#breadcrumb\",\"itemListElement\":[{\"@type\":\"ListItem\",\"position\":1,\"name\":\"Portada\",\"item\":\"https:\/\/lacigue\u00f1abebe.com\/\"},{\"@type\":\"ListItem\",\"position\":2,\"name\":\"Shop\",\"item\":\"https:\/\/lacigue\u00f1abebe.com\/?page_id=2432\"},{\"@type\":\"ListItem\",\"position\":3,\"name\":\"Capa de Ba\u00f1o Rabbit\"}]},{\"@type\":\"WebSite\",\"@id\":\"https:\/\/lacigue\u00f1abebe.com\/#website\",\"url\":\"https:\/\/lacigue\u00f1abebe.com\/\",\"name\":\"LA CIG\u00dcE\u00d1A - Tienda de moda y accesorios para tu bebe\",\"description\":\"Tienda de moda y accesorios para tu bebe \",\"publisher\":{\"@id\":\"https:\/\/lacigue\u00f1abebe.com\/#organization\"},\"potentialAction\":[{\"@type\":\"SearchAction\",\"target\":{\"@type\":\"EntryPoint\",\"urlTemplate\":\"https:\/\/lacigue\u00f1abebe.com\/?s={search_term_string}\"},\"query-input\":\"required name=search_term_string\"}],\"inLanguage\":\"es\"},{\"@type\":\"Organization\",\"@id\":\"https:\/\/lacigue\u00f1abebe.com\/#organization\",\"name\":\"LA CIG\u00dcE\u00d1A - Tienda de moda y accesorios para tu bebe\",\"url\":\"https:\/\/lacigue\u00f1abebe.com\/\",\"logo\":{\"@type\":\"ImageObject\",\"inLanguage\":\"es\",\"@id\":\"https:\/\/lacigue\u00f1abebe.com\/#\/schema\/logo\/image\/\",\"url\":\"https:\/\/lacigue\u00f1abebe.com\/wp-content\/uploads\/2023\/10\/cropped-cropped-WhatsApp_Image_2023-10-15_at_21.20.59-removebg-preview-1.png\",\"contentUrl\":\"https:\/\/lacigue\u00f1abebe.com\/wp-content\/uploads\/2023\/10\/cropped-cropped-WhatsApp_Image_2023-10-15_at_21.20.59-removebg-preview-1.png\",\"width\":512,\"height\":123,\"caption\":\"LA CIG\u00dcE\u00d1A - Tienda de moda y accesorios para tu bebe\"},\"image\":{\"@id\":\"https:\/\/lacigue\u00f1abebe.com\/#\/schema\/logo\/image\/\"}}]}<\/script>\n<!-- \/ Yoast SEO plugin. -->","yoast_head_json":{"title":"Capa de Ba\u00f1o Rabbit - LA CIG\u00dcE\u00d1A - Tienda de moda y accesorios para tu bebe","description":"La Capa de ba\u00f1o est\u00e1 indicada para secar al beb\u00e9 tras el ba\u00f1o. Est\u00e1 fabricada con fibras deTENCEL\"!. Fibras bot\u00e1nicas y ecol\u00f3gicas, que evitan la aparici\u00f3n de alergias o irritaciones en la piel del beb\u00e9 y ofrece la m\u00e1xima suavidad al no retener la cal del agua durante el lavado. Su capucha, cuyo interior est\u00e1 forrado con rizo, ayuda a mantener al beb\u00e9 tapado conservando en todo momento su calor corporal tras el ba\u00f1o.","robots":{"index":"index","follow":"follow","max-snippet":"max-snippet:-1","max-image-preview":"max-image-preview:large","max-video-preview":"max-video-preview:-1"},"canonical":"https:\/\/lacigue\u00f1abebe.com\/?product=capa-de-bano-rabbit","og_locale":"es_ES","og_type":"article","og_title":"Capa de Ba\u00f1o Rabbit - LA CIG\u00dcE\u00d1A - Tienda de moda y accesorios para tu bebe","og_description":"La Capa de ba\u00f1o est\u00e1 indicada para secar al beb\u00e9 tras el ba\u00f1o. Est\u00e1 fabricada con fibras deTENCEL\"!. Fibras bot\u00e1nicas y ecol\u00f3gicas, que evitan la aparici\u00f3n de alergias o irritaciones en la piel del beb\u00e9 y ofrece la m\u00e1xima suavidad al no retener la cal del agua durante el lavado. Su capucha, cuyo interior est\u00e1 forrado con rizo, ayuda a mantener al beb\u00e9 tapado conservando en todo momento su calor corporal tras el ba\u00f1o.","og_url":"https:\/\/lacigue\u00f1abebe.com\/?product=capa-de-bano-rabbit","og_site_name":"LA CIG\u00dcE\u00d1A - Tienda de moda y accesorios para tu bebe","og_image":[{"width":800,"height":1000,"url":"https:\/\/lacigue\u00f1abebe.com\/wp-content\/uploads\/2024\/05\/7.png","type":"image\/png"}],"twitter_card":"summary_large_image","twitter_misc":{"Tiempo de lectura":"1 minuto"},"schema":{"@context":"https:\/\/schema.org","@graph":[{"@type":"WebPage","@id":"https:\/\/lacigue\u00f1abebe.com\/?product=capa-de-bano-rabbit","url":"https:\/\/lacigue\u00f1abebe.com\/?product=capa-de-bano-rabbit","name":"Capa de Ba\u00f1o Rabbit - LA CIG\u00dcE\u00d1A - Tienda de moda y accesorios para tu bebe","isPartOf":{"@id":"https:\/\/lacigue\u00f1abebe.com\/#website"},"datePublished":"2024-05-25T11:57:06+00:00","dateModified":"2024-05-25T11:57:06+00:00","description":"La Capa de ba\u00f1o est\u00e1 indicada para secar al beb\u00e9 tras el ba\u00f1o. Est\u00e1 fabricada con fibras deTENCEL\"!. Fibras bot\u00e1nicas y ecol\u00f3gicas, que evitan la aparici\u00f3n de alergias o irritaciones en la piel del beb\u00e9 y ofrece la m\u00e1xima suavidad al no retener la cal del agua durante el lavado. Su capucha, cuyo interior est\u00e1 forrado con rizo, ayuda a mantener al beb\u00e9 tapado conservando en todo momento su calor corporal tras el ba\u00f1o.","breadcrumb":{"@id":"https:\/\/lacigue\u00f1abebe.com\/?product=capa-de-bano-rabbit#breadcrumb"},"inLanguage":"es","potentialAction":[{"@type":"ReadAction","target":["https:\/\/lacigue\u00f1abebe.com\/?product=capa-de-bano-rabbit"]}]},{"@type":"BreadcrumbList","@id":"https:\/\/lacigue\u00f1abebe.com\/?product=capa-de-bano-rabbit#breadcrumb","itemListElement":[{"@type":"ListItem","position":1,"name":"Portada","item":"https:\/\/lacigue\u00f1abebe.com\/"},{"@type":"ListItem","position":2,"name":"Shop","item":"https:\/\/lacigue\u00f1abebe.com\/?page_id=2432"},{"@type":"ListItem","position":3,"name":"Capa de Ba\u00f1o Rabbit"}]},{"@type":"WebSite","@id":"https:\/\/lacigue\u00f1abebe.com\/#website","url":"https:\/\/lacigue\u00f1abebe.com\/","name":"LA CIG\u00dcE\u00d1A - Tienda de moda y accesorios para tu bebe","description":"Tienda de moda y accesorios para tu bebe ","publisher":{"@id":"https:\/\/lacigue\u00f1abebe.com\/#organization"},"potentialAction":[{"@type":"SearchAction","target":{"@type":"EntryPoint","urlTemplate":"https:\/\/lacigue\u00f1abebe.com\/?s={search_term_string}"},"query-input":"required name=search_term_string"}],"inLanguage":"es"},{"@type":"Organization","@id":"https:\/\/lacigue\u00f1abebe.com\/#organization","name":"LA CIG\u00dcE\u00d1A - Tienda de moda y accesorios para tu bebe","url":"https:\/\/lacigue\u00f1abebe.com\/","logo":{"@type":"ImageObject","inLanguage":"es","@id":"https:\/\/lacigue\u00f1abebe.com\/#\/schema\/logo\/image\/","url":"https:\/\/lacigue\u00f1abebe.com\/wp-content\/uploads\/2023\/10\/cropped-cropped-WhatsApp_Image_2023-10-15_at_21.20.59-removebg-preview-1.png","contentUrl":"https:\/\/lacigue\u00f1abebe.com\/wp-content\/uploads\/2023\/10\/cropped-cropped-WhatsApp_Image_2023-10-15_at_21.20.59-removebg-preview-1.png","width":512,"height":123,"caption":"LA CIG\u00dcE\u00d1A - Tienda de moda y accesorios para tu bebe"},"image":{"@id":"https:\/\/lacigue\u00f1abebe.com\/#\/schema\/logo\/image\/"}}]}},"_links":{"self":[{"href":"https:\/\/lacigue\u00f1abebe.com\/index.php?rest_route=\/wp\/v2\/product\/3404","targetHints":{"allow":["GET"]}}],"collection":[{"href":"https:\/\/lacigue\u00f1abebe.com\/index.php?rest_route=\/wp\/v2\/product"}],"about":[{"href":"https:\/\/lacigue\u00f1abebe.com\/index.php?rest_route=\/wp\/v2\/types\/product"}],"version-history":[{"count":1,"href":"https:\/\/lacigue\u00f1abebe.com\/index.php?rest_route=\/wp\/v2\/product\/3404\/revisions"}],"predecessor-version":[{"id":3412,"href":"https:\/\/lacigue\u00f1abebe.com\/index.php?rest_route=\/wp\/v2\/product\/3404\/revisions\/3412"}],"wp:featuredmedia":[{"embeddable":true,"href":"https:\/\/lacigue\u00f1abebe.com\/index.php?rest_route=\/wp\/v2\/media\/3411"}],"wp:attachment":[{"href":"https:\/\/lacigue\u00f1abebe.com\/index.php?rest_route=%2Fwp%2Fv2%2Fmedia&parent=3404"}],"wp:term":[{"taxonomy":"product_cat","embeddable":true,"href":"https:\/\/lacigue\u00f1abebe.com\/index.php?rest_route=%2Fwp%2Fv2%2Fproduct_cat&post=3404"},{"taxonomy":"product_tag","embeddable":true,"href":"https:\/\/lacigue\u00f1abebe.com\/index.php?rest_route=%2Fwp%2Fv2%2Fproduct_tag&post=3404"}],"curies":[{"name":"wp","href":"https:\/\/api.w.org\/{rel}","templated":true}]}}