{"id":3381,"date":"2024-05-12T00:14:12","date_gmt":"2024-05-11T22:14:12","guid":{"rendered":"https:\/\/lacigue\u00f1abebe.com\/?post_type=product&#038;p=3381"},"modified":"2024-05-12T00:14:13","modified_gmt":"2024-05-11T22:14:13","slug":"hamaca-electronica-moon","status":"publish","type":"product","link":"https:\/\/lacigue\u00f1abebe.com\/?product=hamaca-electronica-moon","title":{"rendered":"Hamaca electr\u00f3nica Moon"},"content":{"rendered":"<p>Hamaca electr\u00f3nica con movimiento<\/p>\n","protected":false},"excerpt":{"rendered":"<p style=\"text-align: right;\">Hamaca que te ayuda en esos momentos del d\u00eda a d\u00eda que necesitas dejar a tu beb\u00e9 durante un ratito en un sitio seguro. Gracias a su peso ligero, la podr\u00e1s transportar por las distintas estancias de la casa y as\u00ed tener a tu peque vigilado mientras Moon lo balancea para que se sienta tranquilo y en calma.<\/p>\n","protected":false},"featured_media":3364,"template":"","meta":[],"product_cat":[49],"product_tag":[322,324,325,323],"class_list":{"0":"post-3381","1":"product","2":"type-product","3":"status-publish","4":"has-post-thumbnail","6":"product_cat-descanso","7":"product_tag-columpiobebe","8":"product_tag-columpiomovimiento","9":"product_tag-columpiosonido","10":"product_tag-hamacabebe","12":"first","13":"instock","14":"shipping-taxable","15":"purchasable","16":"product-type-simple"},"yoast_head":"<!-- This site is optimized with the Yoast SEO plugin v22.1 - https:\/\/yoast.com\/wordpress\/plugins\/seo\/ -->\n<title>Hamaca electr\u00f3nica Moon - LA CIG\u00dcE\u00d1A - Tienda de moda y accesorios para tu bebe<\/title>\n<meta name=\"description\" content=\"Hamaca que te ayuda en esos momentos del d\u00eda a d\u00eda que necesitas dejar a tu beb\u00e9 durante un ratito en un sitio seguro. Gracias a su peso ligero, la podr\u00e1s transportar por las distintas estancias de la casa y as\u00ed tener a tu peque vigilado mientras Moon lo balancea para que se sienta tranquilo y en calma.\" \/>\n<meta name=\"robots\" content=\"index, follow, max-snippet:-1, max-image-preview:large, max-video-preview:-1\" \/>\n<link rel=\"canonical\" href=\"https:\/\/lacigue\u00f1abebe.com\/?product=hamaca-electronica-moon\" \/>\n<meta property=\"og:locale\" content=\"es_ES\" \/>\n<meta property=\"og:type\" content=\"article\" \/>\n<meta property=\"og:title\" content=\"Hamaca electr\u00f3nica Moon - LA CIG\u00dcE\u00d1A - Tienda de moda y accesorios para tu bebe\" \/>\n<meta property=\"og:description\" content=\"Hamaca que te ayuda en esos momentos del d\u00eda a d\u00eda que necesitas dejar a tu beb\u00e9 durante un ratito en un sitio seguro. Gracias a su peso ligero, la podr\u00e1s transportar por las distintas estancias de la casa y as\u00ed tener a tu peque vigilado mientras Moon lo balancea para que se sienta tranquilo y en calma.\" \/>\n<meta property=\"og:url\" content=\"https:\/\/lacigue\u00f1abebe.com\/?product=hamaca-electronica-moon\" \/>\n<meta property=\"og:site_name\" content=\"LA CIG\u00dcE\u00d1A - Tienda de moda y accesorios para tu bebe\" \/>\n<meta property=\"article:modified_time\" content=\"2024-05-11T22:14:13+00:00\" \/>\n<meta property=\"og:image\" content=\"https:\/\/lacigue\u00f1abebe.com\/wp-content\/uploads\/2024\/05\/11.jpg\" \/>\n\t<meta property=\"og:image:width\" content=\"800\" \/>\n\t<meta property=\"og:image:height\" content=\"1000\" \/>\n\t<meta property=\"og:image:type\" content=\"image\/jpeg\" \/>\n<meta name=\"twitter:card\" content=\"summary_large_image\" \/>\n<meta name=\"twitter:label1\" content=\"Tiempo de lectura\" \/>\n\t<meta name=\"twitter:data1\" content=\"1 minuto\" \/>\n<script type=\"application\/ld+json\" class=\"yoast-schema-graph\">{\"@context\":\"https:\/\/schema.org\",\"@graph\":[{\"@type\":\"WebPage\",\"@id\":\"https:\/\/lacigue\u00f1abebe.com\/?product=hamaca-electronica-moon\",\"url\":\"https:\/\/lacigue\u00f1abebe.com\/?product=hamaca-electronica-moon\",\"name\":\"Hamaca electr\u00f3nica Moon - LA CIG\u00dcE\u00d1A - Tienda de moda y accesorios para tu bebe\",\"isPartOf\":{\"@id\":\"https:\/\/lacigue\u00f1abebe.com\/#website\"},\"datePublished\":\"2024-05-11T22:14:12+00:00\",\"dateModified\":\"2024-05-11T22:14:13+00:00\",\"description\":\"Hamaca que te ayuda en esos momentos del d\u00eda a d\u00eda que necesitas dejar a tu beb\u00e9 durante un ratito en un sitio seguro. Gracias a su peso ligero, la podr\u00e1s transportar por las distintas estancias de la casa y as\u00ed tener a tu peque vigilado mientras Moon lo balancea para que se sienta tranquilo y en calma.\",\"breadcrumb\":{\"@id\":\"https:\/\/lacigue\u00f1abebe.com\/?product=hamaca-electronica-moon#breadcrumb\"},\"inLanguage\":\"es\",\"potentialAction\":[{\"@type\":\"ReadAction\",\"target\":[\"https:\/\/lacigue\u00f1abebe.com\/?product=hamaca-electronica-moon\"]}]},{\"@type\":\"BreadcrumbList\",\"@id\":\"https:\/\/lacigue\u00f1abebe.com\/?product=hamaca-electronica-moon#breadcrumb\",\"itemListElement\":[{\"@type\":\"ListItem\",\"position\":1,\"name\":\"Portada\",\"item\":\"https:\/\/lacigue\u00f1abebe.com\/\"},{\"@type\":\"ListItem\",\"position\":2,\"name\":\"Shop\",\"item\":\"https:\/\/lacigue\u00f1abebe.com\/?page_id=2432\"},{\"@type\":\"ListItem\",\"position\":3,\"name\":\"Hamaca electr\u00f3nica Moon\"}]},{\"@type\":\"WebSite\",\"@id\":\"https:\/\/lacigue\u00f1abebe.com\/#website\",\"url\":\"https:\/\/lacigue\u00f1abebe.com\/\",\"name\":\"LA CIG\u00dcE\u00d1A - Tienda de moda y accesorios para tu bebe\",\"description\":\"Tienda de moda y accesorios para tu bebe \",\"publisher\":{\"@id\":\"https:\/\/lacigue\u00f1abebe.com\/#organization\"},\"potentialAction\":[{\"@type\":\"SearchAction\",\"target\":{\"@type\":\"EntryPoint\",\"urlTemplate\":\"https:\/\/lacigue\u00f1abebe.com\/?s={search_term_string}\"},\"query-input\":\"required name=search_term_string\"}],\"inLanguage\":\"es\"},{\"@type\":\"Organization\",\"@id\":\"https:\/\/lacigue\u00f1abebe.com\/#organization\",\"name\":\"LA CIG\u00dcE\u00d1A - Tienda de moda y accesorios para tu bebe\",\"url\":\"https:\/\/lacigue\u00f1abebe.com\/\",\"logo\":{\"@type\":\"ImageObject\",\"inLanguage\":\"es\",\"@id\":\"https:\/\/lacigue\u00f1abebe.com\/#\/schema\/logo\/image\/\",\"url\":\"https:\/\/lacigue\u00f1abebe.com\/wp-content\/uploads\/2023\/10\/cropped-cropped-WhatsApp_Image_2023-10-15_at_21.20.59-removebg-preview-1.png\",\"contentUrl\":\"https:\/\/lacigue\u00f1abebe.com\/wp-content\/uploads\/2023\/10\/cropped-cropped-WhatsApp_Image_2023-10-15_at_21.20.59-removebg-preview-1.png\",\"width\":512,\"height\":123,\"caption\":\"LA CIG\u00dcE\u00d1A - Tienda de moda y accesorios para tu bebe\"},\"image\":{\"@id\":\"https:\/\/lacigue\u00f1abebe.com\/#\/schema\/logo\/image\/\"}}]}<\/script>\n<!-- \/ Yoast SEO plugin. -->","yoast_head_json":{"title":"Hamaca electr\u00f3nica Moon - LA CIG\u00dcE\u00d1A - Tienda de moda y accesorios para tu bebe","description":"Hamaca que te ayuda en esos momentos del d\u00eda a d\u00eda que necesitas dejar a tu beb\u00e9 durante un ratito en un sitio seguro. Gracias a su peso ligero, la podr\u00e1s transportar por las distintas estancias de la casa y as\u00ed tener a tu peque vigilado mientras Moon lo balancea para que se sienta tranquilo y en calma.","robots":{"index":"index","follow":"follow","max-snippet":"max-snippet:-1","max-image-preview":"max-image-preview:large","max-video-preview":"max-video-preview:-1"},"canonical":"https:\/\/lacigue\u00f1abebe.com\/?product=hamaca-electronica-moon","og_locale":"es_ES","og_type":"article","og_title":"Hamaca electr\u00f3nica Moon - LA CIG\u00dcE\u00d1A - Tienda de moda y accesorios para tu bebe","og_description":"Hamaca que te ayuda en esos momentos del d\u00eda a d\u00eda que necesitas dejar a tu beb\u00e9 durante un ratito en un sitio seguro. Gracias a su peso ligero, la podr\u00e1s transportar por las distintas estancias de la casa y as\u00ed tener a tu peque vigilado mientras Moon lo balancea para que se sienta tranquilo y en calma.","og_url":"https:\/\/lacigue\u00f1abebe.com\/?product=hamaca-electronica-moon","og_site_name":"LA CIG\u00dcE\u00d1A - Tienda de moda y accesorios para tu bebe","article_modified_time":"2024-05-11T22:14:13+00:00","og_image":[{"width":800,"height":1000,"url":"https:\/\/lacigue\u00f1abebe.com\/wp-content\/uploads\/2024\/05\/11.jpg","type":"image\/jpeg"}],"twitter_card":"summary_large_image","twitter_misc":{"Tiempo de lectura":"1 minuto"},"schema":{"@context":"https:\/\/schema.org","@graph":[{"@type":"WebPage","@id":"https:\/\/lacigue\u00f1abebe.com\/?product=hamaca-electronica-moon","url":"https:\/\/lacigue\u00f1abebe.com\/?product=hamaca-electronica-moon","name":"Hamaca electr\u00f3nica Moon - LA CIG\u00dcE\u00d1A - Tienda de moda y accesorios para tu bebe","isPartOf":{"@id":"https:\/\/lacigue\u00f1abebe.com\/#website"},"datePublished":"2024-05-11T22:14:12+00:00","dateModified":"2024-05-11T22:14:13+00:00","description":"Hamaca que te ayuda en esos momentos del d\u00eda a d\u00eda que necesitas dejar a tu beb\u00e9 durante un ratito en un sitio seguro. Gracias a su peso ligero, la podr\u00e1s transportar por las distintas estancias de la casa y as\u00ed tener a tu peque vigilado mientras Moon lo balancea para que se sienta tranquilo y en calma.","breadcrumb":{"@id":"https:\/\/lacigue\u00f1abebe.com\/?product=hamaca-electronica-moon#breadcrumb"},"inLanguage":"es","potentialAction":[{"@type":"ReadAction","target":["https:\/\/lacigue\u00f1abebe.com\/?product=hamaca-electronica-moon"]}]},{"@type":"BreadcrumbList","@id":"https:\/\/lacigue\u00f1abebe.com\/?product=hamaca-electronica-moon#breadcrumb","itemListElement":[{"@type":"ListItem","position":1,"name":"Portada","item":"https:\/\/lacigue\u00f1abebe.com\/"},{"@type":"ListItem","position":2,"name":"Shop","item":"https:\/\/lacigue\u00f1abebe.com\/?page_id=2432"},{"@type":"ListItem","position":3,"name":"Hamaca electr\u00f3nica Moon"}]},{"@type":"WebSite","@id":"https:\/\/lacigue\u00f1abebe.com\/#website","url":"https:\/\/lacigue\u00f1abebe.com\/","name":"LA CIG\u00dcE\u00d1A - Tienda de moda y accesorios para tu bebe","description":"Tienda de moda y accesorios para tu bebe ","publisher":{"@id":"https:\/\/lacigue\u00f1abebe.com\/#organization"},"potentialAction":[{"@type":"SearchAction","target":{"@type":"EntryPoint","urlTemplate":"https:\/\/lacigue\u00f1abebe.com\/?s={search_term_string}"},"query-input":"required name=search_term_string"}],"inLanguage":"es"},{"@type":"Organization","@id":"https:\/\/lacigue\u00f1abebe.com\/#organization","name":"LA CIG\u00dcE\u00d1A - Tienda de moda y accesorios para tu bebe","url":"https:\/\/lacigue\u00f1abebe.com\/","logo":{"@type":"ImageObject","inLanguage":"es","@id":"https:\/\/lacigue\u00f1abebe.com\/#\/schema\/logo\/image\/","url":"https:\/\/lacigue\u00f1abebe.com\/wp-content\/uploads\/2023\/10\/cropped-cropped-WhatsApp_Image_2023-10-15_at_21.20.59-removebg-preview-1.png","contentUrl":"https:\/\/lacigue\u00f1abebe.com\/wp-content\/uploads\/2023\/10\/cropped-cropped-WhatsApp_Image_2023-10-15_at_21.20.59-removebg-preview-1.png","width":512,"height":123,"caption":"LA CIG\u00dcE\u00d1A - Tienda de moda y accesorios para tu bebe"},"image":{"@id":"https:\/\/lacigue\u00f1abebe.com\/#\/schema\/logo\/image\/"}}]}},"_links":{"self":[{"href":"https:\/\/lacigue\u00f1abebe.com\/index.php?rest_route=\/wp\/v2\/product\/3381","targetHints":{"allow":["GET"]}}],"collection":[{"href":"https:\/\/lacigue\u00f1abebe.com\/index.php?rest_route=\/wp\/v2\/product"}],"about":[{"href":"https:\/\/lacigue\u00f1abebe.com\/index.php?rest_route=\/wp\/v2\/types\/product"}],"version-history":[{"count":1,"href":"https:\/\/lacigue\u00f1abebe.com\/index.php?rest_route=\/wp\/v2\/product\/3381\/revisions"}],"predecessor-version":[{"id":3382,"href":"https:\/\/lacigue\u00f1abebe.com\/index.php?rest_route=\/wp\/v2\/product\/3381\/revisions\/3382"}],"wp:featuredmedia":[{"embeddable":true,"href":"https:\/\/lacigue\u00f1abebe.com\/index.php?rest_route=\/wp\/v2\/media\/3364"}],"wp:attachment":[{"href":"https:\/\/lacigue\u00f1abebe.com\/index.php?rest_route=%2Fwp%2Fv2%2Fmedia&parent=3381"}],"wp:term":[{"taxonomy":"product_cat","embeddable":true,"href":"https:\/\/lacigue\u00f1abebe.com\/index.php?rest_route=%2Fwp%2Fv2%2Fproduct_cat&post=3381"},{"taxonomy":"product_tag","embeddable":true,"href":"https:\/\/lacigue\u00f1abebe.com\/index.php?rest_route=%2Fwp%2Fv2%2Fproduct_tag&post=3381"}],"curies":[{"name":"wp","href":"https:\/\/api.w.org\/{rel}","templated":true}]}}