{"id":3374,"date":"2024-05-10T20:38:22","date_gmt":"2024-05-10T18:38:22","guid":{"rendered":"https:\/\/lacigue\u00f1abebe.com\/?post_type=product&#038;p=3374"},"modified":"2024-05-10T20:38:22","modified_gmt":"2024-05-10T18:38:22","slug":"tronabebe","status":"publish","type":"product","link":"https:\/\/lacigue\u00f1abebe.com\/?product=tronabebe","title":{"rendered":"Trona Botanic Jane"},"content":{"rendered":"<p>La trona ideal para tu beb\u00e9 desde los 0 meses gracias a su reclinado y a la posibilidad de usarla como hamaca. Nuestra trona Mila est\u00e1 muy bien equipada con posiciones de reclinado y altura e incorpora suave reductor para que el beb\u00e9 se sienta bien arropado.<\/p>\n","protected":false},"excerpt":{"rendered":"<div class=\"features-type-images\">\n<div>\n<p class=\"header-line\"><strong>2 en 1<\/strong><\/p>\n<p>Uso desde el nacimiento en su formato de hamaquita y posteriormente, a partir de los 6 meses, como trona.<\/p>\n<\/div>\n<\/div>\n<div class=\"features-type-images\">\n<div>\n<p class=\"header-line\"><strong>Bandeja<\/strong><\/p>\n<p>Con bandeja extra\u00edble y de dos posiciones (m\u00e1s cerca o m\u00e1s alejada del cuerpo del ni\u00f1o). Adem\u00e1s incluye sobrebandeja para facilitar la limpieza.<\/p>\n<\/div>\n<\/div>\n<div class=\"features-type-images\">\n<div>\n<p class=\"header-line\"><strong>Multiposici\u00f3n<\/strong><\/p>\n<p>Regulable en altura hasta en 7 posiciones. Respaldo y reposapi\u00e9s multiposici\u00f3n.<\/p>\n<\/div>\n<\/div>\n<div class=\"features-type-images\">\n<div>\n<p class=\"header-line\"><strong>Plegable<\/strong><\/p>\n<p>En los momentos que no la necesites, se puede plegar para que quede recogida.<\/p>\n<\/div>\n<\/div>\n<div class=\"features-type-images\">\n<div>\n<p class=\"header-line\"><strong>Reductor<\/strong><\/p>\n<p>Para los primeros meses de uso. Es acolchado y reversible.<\/p>\n<\/div>\n<\/div>\n<div class=\"features-type-images\">\n<div>\n<p class=\"header-line\"><strong>Tapizado<\/strong><\/p>\n<p>Desenfundable y lavable.<\/p>\n<\/div>\n<\/div>\n","protected":false},"featured_media":3368,"template":"","meta":[],"product_cat":[42,40,41],"product_tag":[315,311,312,313,314],"class_list":{"0":"post-3374","1":"product","2":"type-product","3":"status-publish","4":"has-post-thumbnail","6":"product_cat-accesorios-para-alimentacion-bebe","7":"product_cat-alimentacion","8":"product_cat-tronas","9":"product_tag-trona","10":"product_tag-tronabebe","11":"product_tag-tronahamaca","12":"product_tag-tronajane","13":"product_tag-tronamila","15":"first","16":"instock","17":"shipping-taxable","18":"purchasable","19":"product-type-simple"},"yoast_head":"<!-- This site is optimized with the Yoast SEO plugin v22.1 - https:\/\/yoast.com\/wordpress\/plugins\/seo\/ -->\n<title>Trona Botanic Jane - LA CIG\u00dcE\u00d1A - Tienda de moda y accesorios para tu bebe<\/title>\n<meta name=\"description\" content=\"La trona ideal para tu beb\u00e9 desde los 0 meses gracias a su reclinado y a la posibilidad de usarla como hamaca. Nuestra trona Mila est\u00e1 muy bien equipada con posiciones de reclinado y altura e incorpora suave reductor para que el beb\u00e9 se sienta bien arropado.\" \/>\n<meta name=\"robots\" content=\"index, follow, max-snippet:-1, max-image-preview:large, max-video-preview:-1\" \/>\n<link rel=\"canonical\" href=\"https:\/\/lacigue\u00f1abebe.com\/?product=tronabebe\" \/>\n<meta property=\"og:locale\" content=\"es_ES\" \/>\n<meta property=\"og:type\" content=\"article\" \/>\n<meta property=\"og:title\" content=\"Trona Botanic Jane - LA CIG\u00dcE\u00d1A - Tienda de moda y accesorios para tu bebe\" \/>\n<meta property=\"og:description\" content=\"La trona ideal para tu beb\u00e9 desde los 0 meses gracias a su reclinado y a la posibilidad de usarla como hamaca. Nuestra trona Mila est\u00e1 muy bien equipada con posiciones de reclinado y altura e incorpora suave reductor para que el beb\u00e9 se sienta bien arropado.\" \/>\n<meta property=\"og:url\" content=\"https:\/\/lacigue\u00f1abebe.com\/?product=tronabebe\" \/>\n<meta property=\"og:site_name\" content=\"LA CIG\u00dcE\u00d1A - Tienda de moda y accesorios para tu bebe\" \/>\n<meta property=\"og:image\" content=\"https:\/\/lacigue\u00f1abebe.com\/wp-content\/uploads\/2024\/05\/15.jpg\" \/>\n\t<meta property=\"og:image:width\" content=\"800\" \/>\n\t<meta property=\"og:image:height\" content=\"1000\" \/>\n\t<meta property=\"og:image:type\" content=\"image\/jpeg\" \/>\n<meta name=\"twitter:card\" content=\"summary_large_image\" \/>\n<meta name=\"twitter:label1\" content=\"Tiempo de lectura\" \/>\n\t<meta name=\"twitter:data1\" content=\"1 minuto\" \/>\n<script type=\"application\/ld+json\" class=\"yoast-schema-graph\">{\"@context\":\"https:\/\/schema.org\",\"@graph\":[{\"@type\":\"WebPage\",\"@id\":\"https:\/\/lacigue\u00f1abebe.com\/?product=tronabebe\",\"url\":\"https:\/\/lacigue\u00f1abebe.com\/?product=tronabebe\",\"name\":\"Trona Botanic Jane - LA CIG\u00dcE\u00d1A - Tienda de moda y accesorios para tu bebe\",\"isPartOf\":{\"@id\":\"https:\/\/lacigue\u00f1abebe.com\/#website\"},\"datePublished\":\"2024-05-10T18:38:22+00:00\",\"dateModified\":\"2024-05-10T18:38:22+00:00\",\"description\":\"La trona ideal para tu beb\u00e9 desde los 0 meses gracias a su reclinado y a la posibilidad de usarla como hamaca. Nuestra trona Mila est\u00e1 muy bien equipada con posiciones de reclinado y altura e incorpora suave reductor para que el beb\u00e9 se sienta bien arropado.\",\"breadcrumb\":{\"@id\":\"https:\/\/lacigue\u00f1abebe.com\/?product=tronabebe#breadcrumb\"},\"inLanguage\":\"es\",\"potentialAction\":[{\"@type\":\"ReadAction\",\"target\":[\"https:\/\/lacigue\u00f1abebe.com\/?product=tronabebe\"]}]},{\"@type\":\"BreadcrumbList\",\"@id\":\"https:\/\/lacigue\u00f1abebe.com\/?product=tronabebe#breadcrumb\",\"itemListElement\":[{\"@type\":\"ListItem\",\"position\":1,\"name\":\"Portada\",\"item\":\"https:\/\/lacigue\u00f1abebe.com\/\"},{\"@type\":\"ListItem\",\"position\":2,\"name\":\"Shop\",\"item\":\"https:\/\/lacigue\u00f1abebe.com\/?page_id=2432\"},{\"@type\":\"ListItem\",\"position\":3,\"name\":\"Trona Botanic Jane\"}]},{\"@type\":\"WebSite\",\"@id\":\"https:\/\/lacigue\u00f1abebe.com\/#website\",\"url\":\"https:\/\/lacigue\u00f1abebe.com\/\",\"name\":\"LA CIG\u00dcE\u00d1A - Tienda de moda y accesorios para tu bebe\",\"description\":\"Tienda de moda y accesorios para tu bebe \",\"publisher\":{\"@id\":\"https:\/\/lacigue\u00f1abebe.com\/#organization\"},\"potentialAction\":[{\"@type\":\"SearchAction\",\"target\":{\"@type\":\"EntryPoint\",\"urlTemplate\":\"https:\/\/lacigue\u00f1abebe.com\/?s={search_term_string}\"},\"query-input\":\"required name=search_term_string\"}],\"inLanguage\":\"es\"},{\"@type\":\"Organization\",\"@id\":\"https:\/\/lacigue\u00f1abebe.com\/#organization\",\"name\":\"LA CIG\u00dcE\u00d1A - Tienda de moda y accesorios para tu bebe\",\"url\":\"https:\/\/lacigue\u00f1abebe.com\/\",\"logo\":{\"@type\":\"ImageObject\",\"inLanguage\":\"es\",\"@id\":\"https:\/\/lacigue\u00f1abebe.com\/#\/schema\/logo\/image\/\",\"url\":\"https:\/\/lacigue\u00f1abebe.com\/wp-content\/uploads\/2023\/10\/cropped-cropped-WhatsApp_Image_2023-10-15_at_21.20.59-removebg-preview-1.png\",\"contentUrl\":\"https:\/\/lacigue\u00f1abebe.com\/wp-content\/uploads\/2023\/10\/cropped-cropped-WhatsApp_Image_2023-10-15_at_21.20.59-removebg-preview-1.png\",\"width\":512,\"height\":123,\"caption\":\"LA CIG\u00dcE\u00d1A - Tienda de moda y accesorios para tu bebe\"},\"image\":{\"@id\":\"https:\/\/lacigue\u00f1abebe.com\/#\/schema\/logo\/image\/\"}}]}<\/script>\n<!-- \/ Yoast SEO plugin. -->","yoast_head_json":{"title":"Trona Botanic Jane - LA CIG\u00dcE\u00d1A - Tienda de moda y accesorios para tu bebe","description":"La trona ideal para tu beb\u00e9 desde los 0 meses gracias a su reclinado y a la posibilidad de usarla como hamaca. Nuestra trona Mila est\u00e1 muy bien equipada con posiciones de reclinado y altura e incorpora suave reductor para que el beb\u00e9 se sienta bien arropado.","robots":{"index":"index","follow":"follow","max-snippet":"max-snippet:-1","max-image-preview":"max-image-preview:large","max-video-preview":"max-video-preview:-1"},"canonical":"https:\/\/lacigue\u00f1abebe.com\/?product=tronabebe","og_locale":"es_ES","og_type":"article","og_title":"Trona Botanic Jane - LA CIG\u00dcE\u00d1A - Tienda de moda y accesorios para tu bebe","og_description":"La trona ideal para tu beb\u00e9 desde los 0 meses gracias a su reclinado y a la posibilidad de usarla como hamaca. Nuestra trona Mila est\u00e1 muy bien equipada con posiciones de reclinado y altura e incorpora suave reductor para que el beb\u00e9 se sienta bien arropado.","og_url":"https:\/\/lacigue\u00f1abebe.com\/?product=tronabebe","og_site_name":"LA CIG\u00dcE\u00d1A - Tienda de moda y accesorios para tu bebe","og_image":[{"width":800,"height":1000,"url":"https:\/\/lacigue\u00f1abebe.com\/wp-content\/uploads\/2024\/05\/15.jpg","type":"image\/jpeg"}],"twitter_card":"summary_large_image","twitter_misc":{"Tiempo de lectura":"1 minuto"},"schema":{"@context":"https:\/\/schema.org","@graph":[{"@type":"WebPage","@id":"https:\/\/lacigue\u00f1abebe.com\/?product=tronabebe","url":"https:\/\/lacigue\u00f1abebe.com\/?product=tronabebe","name":"Trona Botanic Jane - LA CIG\u00dcE\u00d1A - Tienda de moda y accesorios para tu bebe","isPartOf":{"@id":"https:\/\/lacigue\u00f1abebe.com\/#website"},"datePublished":"2024-05-10T18:38:22+00:00","dateModified":"2024-05-10T18:38:22+00:00","description":"La trona ideal para tu beb\u00e9 desde los 0 meses gracias a su reclinado y a la posibilidad de usarla como hamaca. Nuestra trona Mila est\u00e1 muy bien equipada con posiciones de reclinado y altura e incorpora suave reductor para que el beb\u00e9 se sienta bien arropado.","breadcrumb":{"@id":"https:\/\/lacigue\u00f1abebe.com\/?product=tronabebe#breadcrumb"},"inLanguage":"es","potentialAction":[{"@type":"ReadAction","target":["https:\/\/lacigue\u00f1abebe.com\/?product=tronabebe"]}]},{"@type":"BreadcrumbList","@id":"https:\/\/lacigue\u00f1abebe.com\/?product=tronabebe#breadcrumb","itemListElement":[{"@type":"ListItem","position":1,"name":"Portada","item":"https:\/\/lacigue\u00f1abebe.com\/"},{"@type":"ListItem","position":2,"name":"Shop","item":"https:\/\/lacigue\u00f1abebe.com\/?page_id=2432"},{"@type":"ListItem","position":3,"name":"Trona Botanic Jane"}]},{"@type":"WebSite","@id":"https:\/\/lacigue\u00f1abebe.com\/#website","url":"https:\/\/lacigue\u00f1abebe.com\/","name":"LA CIG\u00dcE\u00d1A - Tienda de moda y accesorios para tu bebe","description":"Tienda de moda y accesorios para tu bebe ","publisher":{"@id":"https:\/\/lacigue\u00f1abebe.com\/#organization"},"potentialAction":[{"@type":"SearchAction","target":{"@type":"EntryPoint","urlTemplate":"https:\/\/lacigue\u00f1abebe.com\/?s={search_term_string}"},"query-input":"required name=search_term_string"}],"inLanguage":"es"},{"@type":"Organization","@id":"https:\/\/lacigue\u00f1abebe.com\/#organization","name":"LA CIG\u00dcE\u00d1A - Tienda de moda y accesorios para tu bebe","url":"https:\/\/lacigue\u00f1abebe.com\/","logo":{"@type":"ImageObject","inLanguage":"es","@id":"https:\/\/lacigue\u00f1abebe.com\/#\/schema\/logo\/image\/","url":"https:\/\/lacigue\u00f1abebe.com\/wp-content\/uploads\/2023\/10\/cropped-cropped-WhatsApp_Image_2023-10-15_at_21.20.59-removebg-preview-1.png","contentUrl":"https:\/\/lacigue\u00f1abebe.com\/wp-content\/uploads\/2023\/10\/cropped-cropped-WhatsApp_Image_2023-10-15_at_21.20.59-removebg-preview-1.png","width":512,"height":123,"caption":"LA CIG\u00dcE\u00d1A - Tienda de moda y accesorios para tu bebe"},"image":{"@id":"https:\/\/lacigue\u00f1abebe.com\/#\/schema\/logo\/image\/"}}]}},"_links":{"self":[{"href":"https:\/\/lacigue\u00f1abebe.com\/index.php?rest_route=\/wp\/v2\/product\/3374","targetHints":{"allow":["GET"]}}],"collection":[{"href":"https:\/\/lacigue\u00f1abebe.com\/index.php?rest_route=\/wp\/v2\/product"}],"about":[{"href":"https:\/\/lacigue\u00f1abebe.com\/index.php?rest_route=\/wp\/v2\/types\/product"}],"version-history":[{"count":1,"href":"https:\/\/lacigue\u00f1abebe.com\/index.php?rest_route=\/wp\/v2\/product\/3374\/revisions"}],"predecessor-version":[{"id":3375,"href":"https:\/\/lacigue\u00f1abebe.com\/index.php?rest_route=\/wp\/v2\/product\/3374\/revisions\/3375"}],"wp:featuredmedia":[{"embeddable":true,"href":"https:\/\/lacigue\u00f1abebe.com\/index.php?rest_route=\/wp\/v2\/media\/3368"}],"wp:attachment":[{"href":"https:\/\/lacigue\u00f1abebe.com\/index.php?rest_route=%2Fwp%2Fv2%2Fmedia&parent=3374"}],"wp:term":[{"taxonomy":"product_cat","embeddable":true,"href":"https:\/\/lacigue\u00f1abebe.com\/index.php?rest_route=%2Fwp%2Fv2%2Fproduct_cat&post=3374"},{"taxonomy":"product_tag","embeddable":true,"href":"https:\/\/lacigue\u00f1abebe.com\/index.php?rest_route=%2Fwp%2Fv2%2Fproduct_tag&post=3374"}],"curies":[{"name":"wp","href":"https:\/\/api.w.org\/{rel}","templated":true}]}}