{"id":3353,"date":"2024-05-10T20:21:01","date_gmt":"2024-05-10T18:21:01","guid":{"rendered":"https:\/\/lacigue\u00f1abebe.com\/?post_type=product&#038;p=3353"},"modified":"2024-05-10T20:21:01","modified_gmt":"2024-05-10T18:21:01","slug":"cambiador-mimosa","status":"publish","type":"product","link":"https:\/\/lacigue\u00f1abebe.com\/?product=cambiador-mimosa","title":{"rendered":"Cambiador Mimosa"},"content":{"rendered":"<p>Cambiador mimosa 100% Algodon<\/p>\n","protected":false},"excerpt":{"rendered":"<p>El cambiador Mimosa Verde con estampado floral es un modelo muy c\u00f3modo, pr\u00e1ctico y f\u00e1cil de transportar. Un patr\u00f3n especialmente ideado para utilizarlo cuando necesites cambiar a tu beb\u00e9 y es plegable para facilitar su trasladarlo a todas partes. Es un dise\u00f1o casual, elegante y funcional que se presenta en formato plegado para hacerlo completamente port\u00e1til sin ocupar mucho espacio en cualquier bolso donde lo guarde. Cuenta con cintas de agarre que lo mantienen cerrado para reducir su espacio y poderlo llevar dentro de la bolsa de maternidad. El cambiador de beb\u00e9 cuenta con un forro interior acolchado e impermeable para hacerlo m\u00e1s f\u00e1cil de limpiar por encima una vez termines de usarlo y as\u00ed evitar que se acumulen olores en el interior. Gran calidad y mucho estilo. Fabricado en un material resistente y de f\u00e1cil limpieza.<\/p>\n","protected":false},"featured_media":3370,"template":"","meta":[],"product_cat":[32,33,36,28],"product_tag":[305,304,306,307],"class_list":{"0":"post-3353","1":"product","2":"type-product","3":"status-publish","4":"has-post-thumbnail","6":"product_cat-accesorios-carro-y-silla","7":"product_cat-bolso-carro","8":"product_cat-otros-accesorios","9":"product_cat-paseo","10":"product_tag-cambiadorbebe","11":"product_tag-cambiadorcarro","12":"product_tag-cambiadorportatil","13":"product_tag-walkingmum","15":"first","16":"instock","17":"shipping-taxable","18":"purchasable","19":"product-type-simple"},"yoast_head":"<!-- This site is optimized with the Yoast SEO plugin v22.1 - https:\/\/yoast.com\/wordpress\/plugins\/seo\/ -->\n<title>Cambiador Mimosa - LA CIG\u00dcE\u00d1A - Tienda de moda y accesorios para tu bebe<\/title>\n<meta name=\"robots\" content=\"index, follow, max-snippet:-1, max-image-preview:large, max-video-preview:-1\" \/>\n<link rel=\"canonical\" href=\"https:\/\/lacigue\u00f1abebe.com\/?product=cambiador-mimosa\" \/>\n<meta property=\"og:locale\" content=\"es_ES\" \/>\n<meta property=\"og:type\" content=\"article\" \/>\n<meta property=\"og:title\" content=\"Cambiador Mimosa - LA CIG\u00dcE\u00d1A - Tienda de moda y accesorios para tu bebe\" \/>\n<meta property=\"og:description\" content=\"El cambiador Mimosa Verde con estampado floral es un modelo muy c\u00f3modo, pr\u00e1ctico y f\u00e1cil de transportar. Un patr\u00f3n especialmente ideado para utilizarlo cuando necesites cambiar a tu beb\u00e9 y es plegable para facilitar su trasladarlo a todas partes. Es un dise\u00f1o casual, elegante y funcional que se presenta en formato plegado para hacerlo completamente port\u00e1til sin ocupar mucho espacio en cualquier bolso donde lo guarde. Cuenta con cintas de agarre que lo mantienen cerrado para reducir su espacio y poderlo llevar dentro de la bolsa de maternidad. El cambiador de beb\u00e9 cuenta con un forro interior acolchado e impermeable para hacerlo m\u00e1s f\u00e1cil de limpiar por encima una vez termines de usarlo y as\u00ed evitar que se acumulen olores en el interior. Gran calidad y mucho estilo. Fabricado en un material resistente y de f\u00e1cil limpieza.\" \/>\n<meta property=\"og:url\" content=\"https:\/\/lacigue\u00f1abebe.com\/?product=cambiador-mimosa\" \/>\n<meta property=\"og:site_name\" content=\"LA CIG\u00dcE\u00d1A - Tienda de moda y accesorios para tu bebe\" \/>\n<meta property=\"og:image\" content=\"https:\/\/lacigue\u00f1abebe.com\/wp-content\/uploads\/2024\/05\/1-copia.jpg\" \/>\n\t<meta property=\"og:image:width\" content=\"800\" \/>\n\t<meta property=\"og:image:height\" content=\"1000\" \/>\n\t<meta property=\"og:image:type\" content=\"image\/jpeg\" \/>\n<meta name=\"twitter:card\" content=\"summary_large_image\" \/>\n<meta name=\"twitter:label1\" content=\"Tiempo de lectura\" \/>\n\t<meta name=\"twitter:data1\" content=\"1 minuto\" \/>\n<script type=\"application\/ld+json\" class=\"yoast-schema-graph\">{\"@context\":\"https:\/\/schema.org\",\"@graph\":[{\"@type\":\"WebPage\",\"@id\":\"https:\/\/lacigue\u00f1abebe.com\/?product=cambiador-mimosa\",\"url\":\"https:\/\/lacigue\u00f1abebe.com\/?product=cambiador-mimosa\",\"name\":\"Cambiador Mimosa - LA CIG\u00dcE\u00d1A - Tienda de moda y accesorios para tu bebe\",\"isPartOf\":{\"@id\":\"https:\/\/lacigue\u00f1abebe.com\/#website\"},\"datePublished\":\"2024-05-10T18:21:01+00:00\",\"dateModified\":\"2024-05-10T18:21:01+00:00\",\"breadcrumb\":{\"@id\":\"https:\/\/lacigue\u00f1abebe.com\/?product=cambiador-mimosa#breadcrumb\"},\"inLanguage\":\"es\",\"potentialAction\":[{\"@type\":\"ReadAction\",\"target\":[\"https:\/\/lacigue\u00f1abebe.com\/?product=cambiador-mimosa\"]}]},{\"@type\":\"BreadcrumbList\",\"@id\":\"https:\/\/lacigue\u00f1abebe.com\/?product=cambiador-mimosa#breadcrumb\",\"itemListElement\":[{\"@type\":\"ListItem\",\"position\":1,\"name\":\"Portada\",\"item\":\"https:\/\/lacigue\u00f1abebe.com\/\"},{\"@type\":\"ListItem\",\"position\":2,\"name\":\"Shop\",\"item\":\"https:\/\/lacigue\u00f1abebe.com\/?page_id=2432\"},{\"@type\":\"ListItem\",\"position\":3,\"name\":\"Cambiador Mimosa\"}]},{\"@type\":\"WebSite\",\"@id\":\"https:\/\/lacigue\u00f1abebe.com\/#website\",\"url\":\"https:\/\/lacigue\u00f1abebe.com\/\",\"name\":\"LA CIG\u00dcE\u00d1A - Tienda de moda y accesorios para tu bebe\",\"description\":\"Tienda de moda y accesorios para tu bebe \",\"publisher\":{\"@id\":\"https:\/\/lacigue\u00f1abebe.com\/#organization\"},\"potentialAction\":[{\"@type\":\"SearchAction\",\"target\":{\"@type\":\"EntryPoint\",\"urlTemplate\":\"https:\/\/lacigue\u00f1abebe.com\/?s={search_term_string}\"},\"query-input\":\"required name=search_term_string\"}],\"inLanguage\":\"es\"},{\"@type\":\"Organization\",\"@id\":\"https:\/\/lacigue\u00f1abebe.com\/#organization\",\"name\":\"LA CIG\u00dcE\u00d1A - Tienda de moda y accesorios para tu bebe\",\"url\":\"https:\/\/lacigue\u00f1abebe.com\/\",\"logo\":{\"@type\":\"ImageObject\",\"inLanguage\":\"es\",\"@id\":\"https:\/\/lacigue\u00f1abebe.com\/#\/schema\/logo\/image\/\",\"url\":\"https:\/\/lacigue\u00f1abebe.com\/wp-content\/uploads\/2023\/10\/cropped-cropped-WhatsApp_Image_2023-10-15_at_21.20.59-removebg-preview-1.png\",\"contentUrl\":\"https:\/\/lacigue\u00f1abebe.com\/wp-content\/uploads\/2023\/10\/cropped-cropped-WhatsApp_Image_2023-10-15_at_21.20.59-removebg-preview-1.png\",\"width\":512,\"height\":123,\"caption\":\"LA CIG\u00dcE\u00d1A - Tienda de moda y accesorios para tu bebe\"},\"image\":{\"@id\":\"https:\/\/lacigue\u00f1abebe.com\/#\/schema\/logo\/image\/\"}}]}<\/script>\n<!-- \/ Yoast SEO plugin. -->","yoast_head_json":{"title":"Cambiador Mimosa - LA CIG\u00dcE\u00d1A - Tienda de moda y accesorios para tu bebe","robots":{"index":"index","follow":"follow","max-snippet":"max-snippet:-1","max-image-preview":"max-image-preview:large","max-video-preview":"max-video-preview:-1"},"canonical":"https:\/\/lacigue\u00f1abebe.com\/?product=cambiador-mimosa","og_locale":"es_ES","og_type":"article","og_title":"Cambiador Mimosa - LA CIG\u00dcE\u00d1A - Tienda de moda y accesorios para tu bebe","og_description":"El cambiador Mimosa Verde con estampado floral es un modelo muy c\u00f3modo, pr\u00e1ctico y f\u00e1cil de transportar. Un patr\u00f3n especialmente ideado para utilizarlo cuando necesites cambiar a tu beb\u00e9 y es plegable para facilitar su trasladarlo a todas partes. Es un dise\u00f1o casual, elegante y funcional que se presenta en formato plegado para hacerlo completamente port\u00e1til sin ocupar mucho espacio en cualquier bolso donde lo guarde. Cuenta con cintas de agarre que lo mantienen cerrado para reducir su espacio y poderlo llevar dentro de la bolsa de maternidad. El cambiador de beb\u00e9 cuenta con un forro interior acolchado e impermeable para hacerlo m\u00e1s f\u00e1cil de limpiar por encima una vez termines de usarlo y as\u00ed evitar que se acumulen olores en el interior. Gran calidad y mucho estilo. Fabricado en un material resistente y de f\u00e1cil limpieza.","og_url":"https:\/\/lacigue\u00f1abebe.com\/?product=cambiador-mimosa","og_site_name":"LA CIG\u00dcE\u00d1A - Tienda de moda y accesorios para tu bebe","og_image":[{"width":800,"height":1000,"url":"https:\/\/lacigue\u00f1abebe.com\/wp-content\/uploads\/2024\/05\/1-copia.jpg","type":"image\/jpeg"}],"twitter_card":"summary_large_image","twitter_misc":{"Tiempo de lectura":"1 minuto"},"schema":{"@context":"https:\/\/schema.org","@graph":[{"@type":"WebPage","@id":"https:\/\/lacigue\u00f1abebe.com\/?product=cambiador-mimosa","url":"https:\/\/lacigue\u00f1abebe.com\/?product=cambiador-mimosa","name":"Cambiador Mimosa - LA CIG\u00dcE\u00d1A - Tienda de moda y accesorios para tu bebe","isPartOf":{"@id":"https:\/\/lacigue\u00f1abebe.com\/#website"},"datePublished":"2024-05-10T18:21:01+00:00","dateModified":"2024-05-10T18:21:01+00:00","breadcrumb":{"@id":"https:\/\/lacigue\u00f1abebe.com\/?product=cambiador-mimosa#breadcrumb"},"inLanguage":"es","potentialAction":[{"@type":"ReadAction","target":["https:\/\/lacigue\u00f1abebe.com\/?product=cambiador-mimosa"]}]},{"@type":"BreadcrumbList","@id":"https:\/\/lacigue\u00f1abebe.com\/?product=cambiador-mimosa#breadcrumb","itemListElement":[{"@type":"ListItem","position":1,"name":"Portada","item":"https:\/\/lacigue\u00f1abebe.com\/"},{"@type":"ListItem","position":2,"name":"Shop","item":"https:\/\/lacigue\u00f1abebe.com\/?page_id=2432"},{"@type":"ListItem","position":3,"name":"Cambiador Mimosa"}]},{"@type":"WebSite","@id":"https:\/\/lacigue\u00f1abebe.com\/#website","url":"https:\/\/lacigue\u00f1abebe.com\/","name":"LA CIG\u00dcE\u00d1A - Tienda de moda y accesorios para tu bebe","description":"Tienda de moda y accesorios para tu bebe ","publisher":{"@id":"https:\/\/lacigue\u00f1abebe.com\/#organization"},"potentialAction":[{"@type":"SearchAction","target":{"@type":"EntryPoint","urlTemplate":"https:\/\/lacigue\u00f1abebe.com\/?s={search_term_string}"},"query-input":"required name=search_term_string"}],"inLanguage":"es"},{"@type":"Organization","@id":"https:\/\/lacigue\u00f1abebe.com\/#organization","name":"LA CIG\u00dcE\u00d1A - Tienda de moda y accesorios para tu bebe","url":"https:\/\/lacigue\u00f1abebe.com\/","logo":{"@type":"ImageObject","inLanguage":"es","@id":"https:\/\/lacigue\u00f1abebe.com\/#\/schema\/logo\/image\/","url":"https:\/\/lacigue\u00f1abebe.com\/wp-content\/uploads\/2023\/10\/cropped-cropped-WhatsApp_Image_2023-10-15_at_21.20.59-removebg-preview-1.png","contentUrl":"https:\/\/lacigue\u00f1abebe.com\/wp-content\/uploads\/2023\/10\/cropped-cropped-WhatsApp_Image_2023-10-15_at_21.20.59-removebg-preview-1.png","width":512,"height":123,"caption":"LA CIG\u00dcE\u00d1A - Tienda de moda y accesorios para tu bebe"},"image":{"@id":"https:\/\/lacigue\u00f1abebe.com\/#\/schema\/logo\/image\/"}}]}},"_links":{"self":[{"href":"https:\/\/lacigue\u00f1abebe.com\/index.php?rest_route=\/wp\/v2\/product\/3353","targetHints":{"allow":["GET"]}}],"collection":[{"href":"https:\/\/lacigue\u00f1abebe.com\/index.php?rest_route=\/wp\/v2\/product"}],"about":[{"href":"https:\/\/lacigue\u00f1abebe.com\/index.php?rest_route=\/wp\/v2\/types\/product"}],"version-history":[{"count":1,"href":"https:\/\/lacigue\u00f1abebe.com\/index.php?rest_route=\/wp\/v2\/product\/3353\/revisions"}],"predecessor-version":[{"id":3371,"href":"https:\/\/lacigue\u00f1abebe.com\/index.php?rest_route=\/wp\/v2\/product\/3353\/revisions\/3371"}],"wp:featuredmedia":[{"embeddable":true,"href":"https:\/\/lacigue\u00f1abebe.com\/index.php?rest_route=\/wp\/v2\/media\/3370"}],"wp:attachment":[{"href":"https:\/\/lacigue\u00f1abebe.com\/index.php?rest_route=%2Fwp%2Fv2%2Fmedia&parent=3353"}],"wp:term":[{"taxonomy":"product_cat","embeddable":true,"href":"https:\/\/lacigue\u00f1abebe.com\/index.php?rest_route=%2Fwp%2Fv2%2Fproduct_cat&post=3353"},{"taxonomy":"product_tag","embeddable":true,"href":"https:\/\/lacigue\u00f1abebe.com\/index.php?rest_route=%2Fwp%2Fv2%2Fproduct_tag&post=3353"}],"curies":[{"name":"wp","href":"https:\/\/api.w.org\/{rel}","templated":true}]}}