{"id":3260,"date":"2024-01-19T18:58:52","date_gmt":"2024-01-19T17:58:52","guid":{"rendered":"https:\/\/xn--lacigueabebe-ghb.com\/?post_type=product&#038;p=3260"},"modified":"2024-01-19T18:58:52","modified_gmt":"2024-01-19T17:58:52","slug":"silla-ligera-clap-jane","status":"publish","type":"product","link":"https:\/\/lacigue\u00f1abebe.com\/?product=silla-ligera-clap-jane","title":{"rendered":"Silla ligera Clap Jane"},"content":{"rendered":"<div class=\"features-type-images\">\n<div>\n<p>Caracteristicas:<\/p>\n<p class=\"header-line\"><strong>Aireaci\u00f3n<\/strong><\/p>\n<p>Ventana en capota con rejilla para aireaci\u00f3n.<\/p>\n<\/div>\n<\/div>\n<div class=\"features-type-images\">\n<div>\n<p class=\"header-line\"><strong>Arn\u00e9s de 5 puntos<\/strong><\/p>\n<p>Muy f\u00e1cil de abrochar y seguro.<\/p>\n<\/div>\n<\/div>\n<div class=\"features-type-images\">\n<div>\n<p class=\"header-line\"><strong>Asa de transporte<\/strong><\/p>\n<p>El protector delantero hace la funci\u00f3n de asa de transporte una vez plegado.<\/p>\n<p>&nbsp;<\/p>\n<\/div>\n<\/div>\n<div class=\"features-type-simple\">\n<p class=\"header-line\"><strong>Capota XXL y Wind Stopper<\/strong><\/p>\n<p>Capota extensible y con protecci\u00f3n para el viento para un mayor amparo en condiciones clim\u00e1ticas adversas.<\/p>\n<\/div>\n<div class=\"features-type-images\">\n<div>\n<p class=\"header-line\"><strong>Cestilla con grandes prestaciones<\/strong><\/p>\n<p>Cestilla de tejido, desmontable y con gran capacidad de carga.<\/p>\n<\/div>\n<\/div>\n<div class=\"features-type-images\">\n<div>\n<p class=\"header-line\"><strong>Equipaje de cabina<\/strong><\/p>\n<p>Plegado compacto que permite subir la silla de paseo al avi\u00f3n.<\/p>\n<\/div>\n<\/div>\n<div class=\"features-type-images\">\n<div>\n<p class=\"header-line\"><strong>Freno de pie<\/strong><\/p>\n<p>Freno de pie de doble acci\u00f3n sincronizado.<\/p>\n<\/div>\n<\/div>\n<div class=\"features-type-images\">\n<div>\n<p class=\"header-line\"><strong>Plegado compacto<\/strong><\/p>\n<p>Se pliega de manera autom\u00e1tica y queda de pie sobre s\u00ed misma.<\/p>\n<\/div>\n<\/div>\n<div class=\"features-type-images\">\n<div>\n<p class=\"header-line\"><strong>Protecci\u00f3n Anti-Uva<\/strong><\/p>\n<p>Tejidos con protecci\u00f3n solar UPF50.<\/p>\n<\/div>\n<\/div>\n<div class=\"features-type-images\">\n<div>\n<p class=\"header-line\"><strong>Protector delantero<\/strong><\/p>\n<p>Extra\u00edble.<\/p>\n<p>&nbsp;<\/p>\n<\/div>\n<\/div>\n<div class=\"features-type-simple\">\n<p class=\"header-line\"><strong>Repele el agua y transpirable<\/strong><\/p>\n<p>Tejidos repelentes al agua y transpirables para un mayor confort.<\/p>\n<\/div>\n<div class=\"features-type-images\">\n<div>\n<p class=\"header-line\"><strong>Reposapi\u00e9s ajustable<\/strong><\/p>\n<p>Ajustable para que el peque pueda estirar las piernas o bien doblarlas cuando va incorporado.<\/p>\n<\/div>\n<\/div>\n<div class=\"features-type-images\">\n<div>\n<p class=\"header-line\"><strong>Respaldo multiposici\u00f3n<\/strong><\/p>\n<p>De 105\u00b0 y hasta 155\u00b0.<\/p>\n<\/div>\n<\/div>\n<div class=\"features-type-images\">\n<div>\n<p class=\"header-line\"><strong>Ruedas 360\u00ba y extra\u00edbles<\/strong><\/p>\n<p>Ruedas delanteras con giro 360\u00ba. Ruedas delanteras y traseras extra\u00edbles.<\/p>\n<\/div>\n<\/div>\n<div class=\"features-type-images\">\n<div>\n<p class=\"header-line\"><strong>Suspensi\u00f3n total<\/strong><\/p>\n<p>Suspensi\u00f3n con muelles en todas las ruedas.<\/p>\n<\/div>\n<\/div>\n","protected":false},"excerpt":{"rendered":"<h1 class=\"product_title h1\">Silla ligera Clap<\/h1>\n<div class=\"product-information\">\n<div id=\"product-description-short-801879\" class=\"product-description\">\n<p>La silla de paseo que pliega de forma autom\u00e1tica y que puedes subir al avi\u00f3n. Resistente y segura, adecuada para paseos con ni\u00f1os desde el nacimiento hasta los 26 kg.<\/p>\n<\/div>\n<\/div>\n","protected":false},"featured_media":3266,"template":"","meta":[],"product_cat":[32,29,28,30],"product_tag":[149,267,268,266],"class_list":{"0":"post-3260","1":"product","2":"type-product","3":"status-publish","4":"has-post-thumbnail","6":"product_cat-accesorios-carro-y-silla","7":"product_cat-carro-de-bebe","8":"product_cat-paseo","9":"product_cat-silla-de-paseo","10":"product_tag-silla-bebe","11":"product_tag-silla-clap","12":"product_tag-silla-jane","13":"product_tag-silla-ligera","15":"first","16":"instock","17":"shipping-taxable","18":"purchasable","19":"product-type-simple"},"yoast_head":"<!-- This site is optimized with the Yoast SEO plugin v22.1 - https:\/\/yoast.com\/wordpress\/plugins\/seo\/ -->\n<title>Silla ligera Clap Jane - LA CIG\u00dcE\u00d1A - Tienda de moda y accesorios para tu bebe<\/title>\n<meta name=\"robots\" content=\"index, follow, max-snippet:-1, max-image-preview:large, max-video-preview:-1\" \/>\n<link rel=\"canonical\" href=\"https:\/\/lacigue\u00f1abebe.com\/?product=silla-ligera-clap-jane\" \/>\n<meta property=\"og:locale\" content=\"es_ES\" \/>\n<meta property=\"og:type\" content=\"article\" \/>\n<meta property=\"og:title\" content=\"Silla ligera Clap Jane - LA CIG\u00dcE\u00d1A - Tienda de moda y accesorios para tu bebe\" \/>\n<meta property=\"og:description\" content=\"Silla ligera Clap    La silla de paseo que pliega de forma autom\u00e1tica y que puedes subir al avi\u00f3n. Resistente y segura, adecuada para paseos con ni\u00f1os desde el nacimiento hasta los 26 kg.\" \/>\n<meta property=\"og:url\" content=\"https:\/\/lacigue\u00f1abebe.com\/?product=silla-ligera-clap-jane\" \/>\n<meta property=\"og:site_name\" content=\"LA CIG\u00dcE\u00d1A - Tienda de moda y accesorios para tu bebe\" \/>\n<meta property=\"og:image\" content=\"https:\/\/lacigue\u00f1abebe.com\/wp-content\/uploads\/2024\/01\/4.jpg\" \/>\n\t<meta property=\"og:image:width\" content=\"800\" \/>\n\t<meta property=\"og:image:height\" content=\"1000\" \/>\n\t<meta property=\"og:image:type\" content=\"image\/jpeg\" \/>\n<meta name=\"twitter:card\" content=\"summary_large_image\" \/>\n<meta name=\"twitter:label1\" content=\"Tiempo de lectura\" \/>\n\t<meta name=\"twitter:data1\" content=\"1 minuto\" \/>\n<script type=\"application\/ld+json\" class=\"yoast-schema-graph\">{\"@context\":\"https:\/\/schema.org\",\"@graph\":[{\"@type\":\"WebPage\",\"@id\":\"https:\/\/lacigue\u00f1abebe.com\/?product=silla-ligera-clap-jane\",\"url\":\"https:\/\/lacigue\u00f1abebe.com\/?product=silla-ligera-clap-jane\",\"name\":\"Silla ligera Clap Jane - LA CIG\u00dcE\u00d1A - Tienda de moda y accesorios para tu bebe\",\"isPartOf\":{\"@id\":\"https:\/\/lacigue\u00f1abebe.com\/#website\"},\"datePublished\":\"2024-01-19T17:58:52+00:00\",\"dateModified\":\"2024-01-19T17:58:52+00:00\",\"breadcrumb\":{\"@id\":\"https:\/\/lacigue\u00f1abebe.com\/?product=silla-ligera-clap-jane#breadcrumb\"},\"inLanguage\":\"es\",\"potentialAction\":[{\"@type\":\"ReadAction\",\"target\":[\"https:\/\/lacigue\u00f1abebe.com\/?product=silla-ligera-clap-jane\"]}]},{\"@type\":\"BreadcrumbList\",\"@id\":\"https:\/\/lacigue\u00f1abebe.com\/?product=silla-ligera-clap-jane#breadcrumb\",\"itemListElement\":[{\"@type\":\"ListItem\",\"position\":1,\"name\":\"Portada\",\"item\":\"https:\/\/lacigue\u00f1abebe.com\/\"},{\"@type\":\"ListItem\",\"position\":2,\"name\":\"Shop\",\"item\":\"https:\/\/lacigue\u00f1abebe.com\/?page_id=2432\"},{\"@type\":\"ListItem\",\"position\":3,\"name\":\"Silla ligera Clap Jane\"}]},{\"@type\":\"WebSite\",\"@id\":\"https:\/\/lacigue\u00f1abebe.com\/#website\",\"url\":\"https:\/\/lacigue\u00f1abebe.com\/\",\"name\":\"LA CIG\u00dcE\u00d1A - Tienda de moda y accesorios para tu bebe\",\"description\":\"Tienda de moda y accesorios para tu bebe \",\"publisher\":{\"@id\":\"https:\/\/lacigue\u00f1abebe.com\/#organization\"},\"potentialAction\":[{\"@type\":\"SearchAction\",\"target\":{\"@type\":\"EntryPoint\",\"urlTemplate\":\"https:\/\/lacigue\u00f1abebe.com\/?s={search_term_string}\"},\"query-input\":\"required name=search_term_string\"}],\"inLanguage\":\"es\"},{\"@type\":\"Organization\",\"@id\":\"https:\/\/lacigue\u00f1abebe.com\/#organization\",\"name\":\"LA CIG\u00dcE\u00d1A - Tienda de moda y accesorios para tu bebe\",\"url\":\"https:\/\/lacigue\u00f1abebe.com\/\",\"logo\":{\"@type\":\"ImageObject\",\"inLanguage\":\"es\",\"@id\":\"https:\/\/lacigue\u00f1abebe.com\/#\/schema\/logo\/image\/\",\"url\":\"https:\/\/lacigue\u00f1abebe.com\/wp-content\/uploads\/2023\/10\/cropped-cropped-WhatsApp_Image_2023-10-15_at_21.20.59-removebg-preview-1.png\",\"contentUrl\":\"https:\/\/lacigue\u00f1abebe.com\/wp-content\/uploads\/2023\/10\/cropped-cropped-WhatsApp_Image_2023-10-15_at_21.20.59-removebg-preview-1.png\",\"width\":512,\"height\":123,\"caption\":\"LA CIG\u00dcE\u00d1A - Tienda de moda y accesorios para tu bebe\"},\"image\":{\"@id\":\"https:\/\/lacigue\u00f1abebe.com\/#\/schema\/logo\/image\/\"}}]}<\/script>\n<!-- \/ Yoast SEO plugin. -->","yoast_head_json":{"title":"Silla ligera Clap Jane - LA CIG\u00dcE\u00d1A - Tienda de moda y accesorios para tu bebe","robots":{"index":"index","follow":"follow","max-snippet":"max-snippet:-1","max-image-preview":"max-image-preview:large","max-video-preview":"max-video-preview:-1"},"canonical":"https:\/\/lacigue\u00f1abebe.com\/?product=silla-ligera-clap-jane","og_locale":"es_ES","og_type":"article","og_title":"Silla ligera Clap Jane - LA CIG\u00dcE\u00d1A - Tienda de moda y accesorios para tu bebe","og_description":"Silla ligera Clap    La silla de paseo que pliega de forma autom\u00e1tica y que puedes subir al avi\u00f3n. Resistente y segura, adecuada para paseos con ni\u00f1os desde el nacimiento hasta los 26 kg.","og_url":"https:\/\/lacigue\u00f1abebe.com\/?product=silla-ligera-clap-jane","og_site_name":"LA CIG\u00dcE\u00d1A - Tienda de moda y accesorios para tu bebe","og_image":[{"width":800,"height":1000,"url":"https:\/\/lacigue\u00f1abebe.com\/wp-content\/uploads\/2024\/01\/4.jpg","type":"image\/jpeg"}],"twitter_card":"summary_large_image","twitter_misc":{"Tiempo de lectura":"1 minuto"},"schema":{"@context":"https:\/\/schema.org","@graph":[{"@type":"WebPage","@id":"https:\/\/lacigue\u00f1abebe.com\/?product=silla-ligera-clap-jane","url":"https:\/\/lacigue\u00f1abebe.com\/?product=silla-ligera-clap-jane","name":"Silla ligera Clap Jane - LA CIG\u00dcE\u00d1A - Tienda de moda y accesorios para tu bebe","isPartOf":{"@id":"https:\/\/lacigue\u00f1abebe.com\/#website"},"datePublished":"2024-01-19T17:58:52+00:00","dateModified":"2024-01-19T17:58:52+00:00","breadcrumb":{"@id":"https:\/\/lacigue\u00f1abebe.com\/?product=silla-ligera-clap-jane#breadcrumb"},"inLanguage":"es","potentialAction":[{"@type":"ReadAction","target":["https:\/\/lacigue\u00f1abebe.com\/?product=silla-ligera-clap-jane"]}]},{"@type":"BreadcrumbList","@id":"https:\/\/lacigue\u00f1abebe.com\/?product=silla-ligera-clap-jane#breadcrumb","itemListElement":[{"@type":"ListItem","position":1,"name":"Portada","item":"https:\/\/lacigue\u00f1abebe.com\/"},{"@type":"ListItem","position":2,"name":"Shop","item":"https:\/\/lacigue\u00f1abebe.com\/?page_id=2432"},{"@type":"ListItem","position":3,"name":"Silla ligera Clap Jane"}]},{"@type":"WebSite","@id":"https:\/\/lacigue\u00f1abebe.com\/#website","url":"https:\/\/lacigue\u00f1abebe.com\/","name":"LA CIG\u00dcE\u00d1A - Tienda de moda y accesorios para tu bebe","description":"Tienda de moda y accesorios para tu bebe ","publisher":{"@id":"https:\/\/lacigue\u00f1abebe.com\/#organization"},"potentialAction":[{"@type":"SearchAction","target":{"@type":"EntryPoint","urlTemplate":"https:\/\/lacigue\u00f1abebe.com\/?s={search_term_string}"},"query-input":"required name=search_term_string"}],"inLanguage":"es"},{"@type":"Organization","@id":"https:\/\/lacigue\u00f1abebe.com\/#organization","name":"LA CIG\u00dcE\u00d1A - Tienda de moda y accesorios para tu bebe","url":"https:\/\/lacigue\u00f1abebe.com\/","logo":{"@type":"ImageObject","inLanguage":"es","@id":"https:\/\/lacigue\u00f1abebe.com\/#\/schema\/logo\/image\/","url":"https:\/\/lacigue\u00f1abebe.com\/wp-content\/uploads\/2023\/10\/cropped-cropped-WhatsApp_Image_2023-10-15_at_21.20.59-removebg-preview-1.png","contentUrl":"https:\/\/lacigue\u00f1abebe.com\/wp-content\/uploads\/2023\/10\/cropped-cropped-WhatsApp_Image_2023-10-15_at_21.20.59-removebg-preview-1.png","width":512,"height":123,"caption":"LA CIG\u00dcE\u00d1A - Tienda de moda y accesorios para tu bebe"},"image":{"@id":"https:\/\/lacigue\u00f1abebe.com\/#\/schema\/logo\/image\/"}}]}},"_links":{"self":[{"href":"https:\/\/lacigue\u00f1abebe.com\/index.php?rest_route=\/wp\/v2\/product\/3260","targetHints":{"allow":["GET"]}}],"collection":[{"href":"https:\/\/lacigue\u00f1abebe.com\/index.php?rest_route=\/wp\/v2\/product"}],"about":[{"href":"https:\/\/lacigue\u00f1abebe.com\/index.php?rest_route=\/wp\/v2\/types\/product"}],"version-history":[{"count":1,"href":"https:\/\/lacigue\u00f1abebe.com\/index.php?rest_route=\/wp\/v2\/product\/3260\/revisions"}],"predecessor-version":[{"id":3267,"href":"https:\/\/lacigue\u00f1abebe.com\/index.php?rest_route=\/wp\/v2\/product\/3260\/revisions\/3267"}],"wp:featuredmedia":[{"embeddable":true,"href":"https:\/\/lacigue\u00f1abebe.com\/index.php?rest_route=\/wp\/v2\/media\/3266"}],"wp:attachment":[{"href":"https:\/\/lacigue\u00f1abebe.com\/index.php?rest_route=%2Fwp%2Fv2%2Fmedia&parent=3260"}],"wp:term":[{"taxonomy":"product_cat","embeddable":true,"href":"https:\/\/lacigue\u00f1abebe.com\/index.php?rest_route=%2Fwp%2Fv2%2Fproduct_cat&post=3260"},{"taxonomy":"product_tag","embeddable":true,"href":"https:\/\/lacigue\u00f1abebe.com\/index.php?rest_route=%2Fwp%2Fv2%2Fproduct_tag&post=3260"}],"curies":[{"name":"wp","href":"https:\/\/api.w.org\/{rel}","templated":true}]}}