{"id":2947,"date":"2023-10-26T19:22:32","date_gmt":"2023-10-26T17:22:32","guid":{"rendered":"https:\/\/xn--lacigueabebe-ghb.com\/?post_type=product&#038;p=2947"},"modified":"2023-10-26T19:22:32","modified_gmt":"2023-10-26T17:22:32","slug":"snack-box-silicona-sage-green","status":"publish","type":"product","link":"https:\/\/lacigue\u00f1abebe.com\/?product=snack-box-silicona-sage-green","title":{"rendered":"SNACK BOX SILICONA SAGE GREEN"},"content":{"rendered":"<p>Taza de silicona para tentempi\u00e9S<\/p>\n","protected":false},"excerpt":{"rendered":"<p>En casa o fuera de ella, el vaso Pick &amp; Snack permite a los peque\u00f1os gourmets picar o merendar f\u00e1cilmente sin derramar nada<\/p>\n<ul>\n<li>Material de silicona: caja flexible, ligera e irrompible<\/li>\n<li>Tapa de estrella blanda: no lastima la mano del ni\u00f1o y limita los derrames<\/li>\n<li>Tapa extra\u00edble: f\u00e1cil de limpiar<\/li>\n<li>Abertura ancha: f\u00e1cil de llenar para los padres<\/li>\n<li>Asa ancha: ideal para que la sujeten los ni\u00f1os<\/li>\n<li>Cuidados: Se recomienda lavar a mano o en lavavajillas en ciclo suave<\/li>\n<li>Sin BPA*, BPS ni ftalatos (*Cumple la normativa vigente)<\/li>\n<\/ul>\n","protected":false},"featured_media":2926,"template":"","meta":[],"product_cat":[42,40],"product_tag":[215,214,216],"class_list":{"0":"post-2947","1":"product","2":"type-product","3":"status-publish","4":"has-post-thumbnail","6":"product_cat-accesorios-para-alimentacion-bebe","7":"product_cat-alimentacion","8":"product_tag-taza-silicona-bebe","9":"product_tag-taza-silicona-snack","10":"product_tag-taza-snack-beaba","12":"first","13":"instock","14":"shipping-taxable","15":"purchasable","16":"product-type-simple"},"yoast_head":"<!-- This site is optimized with the Yoast SEO plugin v22.1 - https:\/\/yoast.com\/wordpress\/plugins\/seo\/ -->\n<title>SNACK BOX SILICONA SAGE GREEN - LA CIG\u00dcE\u00d1A - Tienda de moda y accesorios para tu bebe<\/title>\n<meta name=\"robots\" content=\"index, follow, max-snippet:-1, max-image-preview:large, max-video-preview:-1\" \/>\n<link rel=\"canonical\" href=\"https:\/\/lacigue\u00f1abebe.com\/?product=snack-box-silicona-sage-green\" \/>\n<meta property=\"og:locale\" content=\"es_ES\" \/>\n<meta property=\"og:type\" content=\"article\" \/>\n<meta property=\"og:title\" content=\"SNACK BOX SILICONA SAGE GREEN - LA CIG\u00dcE\u00d1A - Tienda de moda y accesorios para tu bebe\" \/>\n<meta property=\"og:description\" content=\"En casa o fuera de ella, el vaso Pick &amp; Snack permite a los peque\u00f1os gourmets picar o merendar f\u00e1cilmente sin derramar nada   Material de silicona: caja flexible, ligera e irrompible  Tapa de estrella blanda: no lastima la mano del ni\u00f1o y limita los derrames  Tapa extra\u00edble: f\u00e1cil de limpiar  Abertura ancha: f\u00e1cil de llenar para los padres  Asa ancha: ideal para que la sujeten los ni\u00f1os  Cuidados: Se recomienda lavar a mano o en lavavajillas en ciclo suave  Sin BPA*, BPS ni ftalatos (*Cumple la normativa vigente)\" \/>\n<meta property=\"og:url\" content=\"https:\/\/lacigue\u00f1abebe.com\/?product=snack-box-silicona-sage-green\" \/>\n<meta property=\"og:site_name\" content=\"LA CIG\u00dcE\u00d1A - Tienda de moda y accesorios para tu bebe\" \/>\n<meta property=\"og:image\" content=\"https:\/\/lacigue\u00f1abebe.com\/wp-content\/uploads\/2023\/10\/3598BB73-CCB6-466F-8CAF-A8BF45E0E9FF.jpeg\" \/>\n\t<meta property=\"og:image:width\" content=\"800\" \/>\n\t<meta property=\"og:image:height\" content=\"1000\" \/>\n\t<meta property=\"og:image:type\" content=\"image\/jpeg\" \/>\n<meta name=\"twitter:card\" content=\"summary_large_image\" \/>\n<script type=\"application\/ld+json\" class=\"yoast-schema-graph\">{\"@context\":\"https:\/\/schema.org\",\"@graph\":[{\"@type\":\"WebPage\",\"@id\":\"https:\/\/lacigue\u00f1abebe.com\/?product=snack-box-silicona-sage-green\",\"url\":\"https:\/\/lacigue\u00f1abebe.com\/?product=snack-box-silicona-sage-green\",\"name\":\"SNACK BOX SILICONA SAGE GREEN - LA CIG\u00dcE\u00d1A - Tienda de moda y accesorios para tu bebe\",\"isPartOf\":{\"@id\":\"https:\/\/lacigue\u00f1abebe.com\/#website\"},\"datePublished\":\"2023-10-26T17:22:32+00:00\",\"dateModified\":\"2023-10-26T17:22:32+00:00\",\"breadcrumb\":{\"@id\":\"https:\/\/lacigue\u00f1abebe.com\/?product=snack-box-silicona-sage-green#breadcrumb\"},\"inLanguage\":\"es\",\"potentialAction\":[{\"@type\":\"ReadAction\",\"target\":[\"https:\/\/lacigue\u00f1abebe.com\/?product=snack-box-silicona-sage-green\"]}]},{\"@type\":\"BreadcrumbList\",\"@id\":\"https:\/\/lacigue\u00f1abebe.com\/?product=snack-box-silicona-sage-green#breadcrumb\",\"itemListElement\":[{\"@type\":\"ListItem\",\"position\":1,\"name\":\"Portada\",\"item\":\"https:\/\/lacigue\u00f1abebe.com\/\"},{\"@type\":\"ListItem\",\"position\":2,\"name\":\"Shop\",\"item\":\"https:\/\/lacigue\u00f1abebe.com\/?page_id=2432\"},{\"@type\":\"ListItem\",\"position\":3,\"name\":\"SNACK BOX SILICONA SAGE GREEN\"}]},{\"@type\":\"WebSite\",\"@id\":\"https:\/\/lacigue\u00f1abebe.com\/#website\",\"url\":\"https:\/\/lacigue\u00f1abebe.com\/\",\"name\":\"LA CIG\u00dcE\u00d1A - Tienda de moda y accesorios para tu bebe\",\"description\":\"Tienda de moda y accesorios para tu bebe \",\"publisher\":{\"@id\":\"https:\/\/lacigue\u00f1abebe.com\/#organization\"},\"potentialAction\":[{\"@type\":\"SearchAction\",\"target\":{\"@type\":\"EntryPoint\",\"urlTemplate\":\"https:\/\/lacigue\u00f1abebe.com\/?s={search_term_string}\"},\"query-input\":\"required name=search_term_string\"}],\"inLanguage\":\"es\"},{\"@type\":\"Organization\",\"@id\":\"https:\/\/lacigue\u00f1abebe.com\/#organization\",\"name\":\"LA CIG\u00dcE\u00d1A - Tienda de moda y accesorios para tu bebe\",\"url\":\"https:\/\/lacigue\u00f1abebe.com\/\",\"logo\":{\"@type\":\"ImageObject\",\"inLanguage\":\"es\",\"@id\":\"https:\/\/lacigue\u00f1abebe.com\/#\/schema\/logo\/image\/\",\"url\":\"https:\/\/lacigue\u00f1abebe.com\/wp-content\/uploads\/2023\/10\/cropped-cropped-WhatsApp_Image_2023-10-15_at_21.20.59-removebg-preview-1.png\",\"contentUrl\":\"https:\/\/lacigue\u00f1abebe.com\/wp-content\/uploads\/2023\/10\/cropped-cropped-WhatsApp_Image_2023-10-15_at_21.20.59-removebg-preview-1.png\",\"width\":512,\"height\":123,\"caption\":\"LA CIG\u00dcE\u00d1A - Tienda de moda y accesorios para tu bebe\"},\"image\":{\"@id\":\"https:\/\/lacigue\u00f1abebe.com\/#\/schema\/logo\/image\/\"}}]}<\/script>\n<!-- \/ Yoast SEO plugin. -->","yoast_head_json":{"title":"SNACK BOX SILICONA SAGE GREEN - LA CIG\u00dcE\u00d1A - Tienda de moda y accesorios para tu bebe","robots":{"index":"index","follow":"follow","max-snippet":"max-snippet:-1","max-image-preview":"max-image-preview:large","max-video-preview":"max-video-preview:-1"},"canonical":"https:\/\/lacigue\u00f1abebe.com\/?product=snack-box-silicona-sage-green","og_locale":"es_ES","og_type":"article","og_title":"SNACK BOX SILICONA SAGE GREEN - LA CIG\u00dcE\u00d1A - Tienda de moda y accesorios para tu bebe","og_description":"En casa o fuera de ella, el vaso Pick &amp; Snack permite a los peque\u00f1os gourmets picar o merendar f\u00e1cilmente sin derramar nada   Material de silicona: caja flexible, ligera e irrompible  Tapa de estrella blanda: no lastima la mano del ni\u00f1o y limita los derrames  Tapa extra\u00edble: f\u00e1cil de limpiar  Abertura ancha: f\u00e1cil de llenar para los padres  Asa ancha: ideal para que la sujeten los ni\u00f1os  Cuidados: Se recomienda lavar a mano o en lavavajillas en ciclo suave  Sin BPA*, BPS ni ftalatos (*Cumple la normativa vigente)","og_url":"https:\/\/lacigue\u00f1abebe.com\/?product=snack-box-silicona-sage-green","og_site_name":"LA CIG\u00dcE\u00d1A - Tienda de moda y accesorios para tu bebe","og_image":[{"width":800,"height":1000,"url":"https:\/\/lacigue\u00f1abebe.com\/wp-content\/uploads\/2023\/10\/3598BB73-CCB6-466F-8CAF-A8BF45E0E9FF.jpeg","type":"image\/jpeg"}],"twitter_card":"summary_large_image","schema":{"@context":"https:\/\/schema.org","@graph":[{"@type":"WebPage","@id":"https:\/\/lacigue\u00f1abebe.com\/?product=snack-box-silicona-sage-green","url":"https:\/\/lacigue\u00f1abebe.com\/?product=snack-box-silicona-sage-green","name":"SNACK BOX SILICONA SAGE GREEN - LA CIG\u00dcE\u00d1A - Tienda de moda y accesorios para tu bebe","isPartOf":{"@id":"https:\/\/lacigue\u00f1abebe.com\/#website"},"datePublished":"2023-10-26T17:22:32+00:00","dateModified":"2023-10-26T17:22:32+00:00","breadcrumb":{"@id":"https:\/\/lacigue\u00f1abebe.com\/?product=snack-box-silicona-sage-green#breadcrumb"},"inLanguage":"es","potentialAction":[{"@type":"ReadAction","target":["https:\/\/lacigue\u00f1abebe.com\/?product=snack-box-silicona-sage-green"]}]},{"@type":"BreadcrumbList","@id":"https:\/\/lacigue\u00f1abebe.com\/?product=snack-box-silicona-sage-green#breadcrumb","itemListElement":[{"@type":"ListItem","position":1,"name":"Portada","item":"https:\/\/lacigue\u00f1abebe.com\/"},{"@type":"ListItem","position":2,"name":"Shop","item":"https:\/\/lacigue\u00f1abebe.com\/?page_id=2432"},{"@type":"ListItem","position":3,"name":"SNACK BOX SILICONA SAGE GREEN"}]},{"@type":"WebSite","@id":"https:\/\/lacigue\u00f1abebe.com\/#website","url":"https:\/\/lacigue\u00f1abebe.com\/","name":"LA CIG\u00dcE\u00d1A - Tienda de moda y accesorios para tu bebe","description":"Tienda de moda y accesorios para tu bebe ","publisher":{"@id":"https:\/\/lacigue\u00f1abebe.com\/#organization"},"potentialAction":[{"@type":"SearchAction","target":{"@type":"EntryPoint","urlTemplate":"https:\/\/lacigue\u00f1abebe.com\/?s={search_term_string}"},"query-input":"required name=search_term_string"}],"inLanguage":"es"},{"@type":"Organization","@id":"https:\/\/lacigue\u00f1abebe.com\/#organization","name":"LA CIG\u00dcE\u00d1A - Tienda de moda y accesorios para tu bebe","url":"https:\/\/lacigue\u00f1abebe.com\/","logo":{"@type":"ImageObject","inLanguage":"es","@id":"https:\/\/lacigue\u00f1abebe.com\/#\/schema\/logo\/image\/","url":"https:\/\/lacigue\u00f1abebe.com\/wp-content\/uploads\/2023\/10\/cropped-cropped-WhatsApp_Image_2023-10-15_at_21.20.59-removebg-preview-1.png","contentUrl":"https:\/\/lacigue\u00f1abebe.com\/wp-content\/uploads\/2023\/10\/cropped-cropped-WhatsApp_Image_2023-10-15_at_21.20.59-removebg-preview-1.png","width":512,"height":123,"caption":"LA CIG\u00dcE\u00d1A - Tienda de moda y accesorios para tu bebe"},"image":{"@id":"https:\/\/lacigue\u00f1abebe.com\/#\/schema\/logo\/image\/"}}]}},"_links":{"self":[{"href":"https:\/\/lacigue\u00f1abebe.com\/index.php?rest_route=\/wp\/v2\/product\/2947","targetHints":{"allow":["GET"]}}],"collection":[{"href":"https:\/\/lacigue\u00f1abebe.com\/index.php?rest_route=\/wp\/v2\/product"}],"about":[{"href":"https:\/\/lacigue\u00f1abebe.com\/index.php?rest_route=\/wp\/v2\/types\/product"}],"version-history":[{"count":1,"href":"https:\/\/lacigue\u00f1abebe.com\/index.php?rest_route=\/wp\/v2\/product\/2947\/revisions"}],"predecessor-version":[{"id":2948,"href":"https:\/\/lacigue\u00f1abebe.com\/index.php?rest_route=\/wp\/v2\/product\/2947\/revisions\/2948"}],"wp:featuredmedia":[{"embeddable":true,"href":"https:\/\/lacigue\u00f1abebe.com\/index.php?rest_route=\/wp\/v2\/media\/2926"}],"wp:attachment":[{"href":"https:\/\/lacigue\u00f1abebe.com\/index.php?rest_route=%2Fwp%2Fv2%2Fmedia&parent=2947"}],"wp:term":[{"taxonomy":"product_cat","embeddable":true,"href":"https:\/\/lacigue\u00f1abebe.com\/index.php?rest_route=%2Fwp%2Fv2%2Fproduct_cat&post=2947"},{"taxonomy":"product_tag","embeddable":true,"href":"https:\/\/lacigue\u00f1abebe.com\/index.php?rest_route=%2Fwp%2Fv2%2Fproduct_tag&post=2947"}],"curies":[{"name":"wp","href":"https:\/\/api.w.org\/{rel}","templated":true}]}}