{"id":2943,"date":"2023-10-26T19:13:45","date_gmt":"2023-10-26T17:13:45","guid":{"rendered":"https:\/\/xn--lacigueabebe-ghb.com\/?post_type=product&#038;p=2943"},"modified":"2023-10-26T19:13:46","modified_gmt":"2023-10-26T17:13:46","slug":"set-vajilla-silicona-4-piezas-jungle","status":"publish","type":"product","link":"https:\/\/lacigue\u00f1abebe.com\/?product=set-vajilla-silicona-4-piezas-jungle","title":{"rendered":"SET VAJILLA SILICONA 4 PIEZAS JUNGLE"},"content":{"rendered":"<ul>\n<li>Gama comida de silicona, incluye un plato y un bol con ventosa, as\u00ed como un vaso y una cuchara 2da edad de silicona<\/li>\n<li>Para acompa\u00f1ar el beb\u00e9 y a sus padres en las primeras comidas<\/li>\n<li>Plato y bol con ventosa para adherir a la mesa<\/li>\n<li>Dise\u00f1o y forma concebidos para facilitar la toma de los alimentos<\/li>\n<li>F\u00e1cil de limpiar<\/li>\n<li>Mantenimiento: lavado a mano o en el lavavajillas<\/li>\n<\/ul>\n","protected":false},"excerpt":{"rendered":"<p>Juego de platos y cubiertos de silicona para beb\u00e9s con ventosa para ense\u00f1ar al beb\u00e9 a comer solo<\/p>\n","protected":false},"featured_media":2921,"template":"","meta":[],"product_cat":[42,40,43],"product_tag":[209,210,208],"class_list":{"0":"post-2943","1":"product","2":"type-product","3":"status-publish","4":"has-post-thumbnail","6":"product_cat-accesorios-para-alimentacion-bebe","7":"product_cat-alimentacion","8":"product_cat-vajillas","9":"product_tag-plato-silicona-con-ventosa","10":"product_tag-set-de-alimentacion","11":"product_tag-vajilla-silicona-beaba","13":"first","14":"instock","15":"shipping-taxable","16":"purchasable","17":"product-type-simple"},"yoast_head":"<!-- This site is optimized with the Yoast SEO plugin v22.1 - https:\/\/yoast.com\/wordpress\/plugins\/seo\/ -->\n<title>SET VAJILLA SILICONA 4 PIEZAS JUNGLE - LA CIG\u00dcE\u00d1A - Tienda de moda y accesorios para tu bebe<\/title>\n<meta name=\"robots\" content=\"index, follow, max-snippet:-1, max-image-preview:large, max-video-preview:-1\" \/>\n<link rel=\"canonical\" href=\"https:\/\/lacigue\u00f1abebe.com\/?product=set-vajilla-silicona-4-piezas-jungle\" \/>\n<meta property=\"og:locale\" content=\"es_ES\" \/>\n<meta property=\"og:type\" content=\"article\" \/>\n<meta property=\"og:title\" content=\"SET VAJILLA SILICONA 4 PIEZAS JUNGLE - LA CIG\u00dcE\u00d1A - Tienda de moda y accesorios para tu bebe\" \/>\n<meta property=\"og:description\" content=\"Juego de platos y cubiertos de silicona para beb\u00e9s con ventosa para ense\u00f1ar al beb\u00e9 a comer solo\" \/>\n<meta property=\"og:url\" content=\"https:\/\/lacigue\u00f1abebe.com\/?product=set-vajilla-silicona-4-piezas-jungle\" \/>\n<meta property=\"og:site_name\" content=\"LA CIG\u00dcE\u00d1A - Tienda de moda y accesorios para tu bebe\" \/>\n<meta property=\"article:modified_time\" content=\"2023-10-26T17:13:46+00:00\" \/>\n<meta property=\"og:image\" content=\"https:\/\/lacigue\u00f1abebe.com\/wp-content\/uploads\/2023\/10\/12BECA3D-50E1-48E3-9DBC-6FAFB60E77EC.jpeg\" \/>\n\t<meta property=\"og:image:width\" content=\"800\" \/>\n\t<meta property=\"og:image:height\" content=\"1000\" \/>\n\t<meta property=\"og:image:type\" content=\"image\/jpeg\" \/>\n<meta name=\"twitter:card\" content=\"summary_large_image\" \/>\n<script type=\"application\/ld+json\" class=\"yoast-schema-graph\">{\"@context\":\"https:\/\/schema.org\",\"@graph\":[{\"@type\":\"WebPage\",\"@id\":\"https:\/\/lacigue\u00f1abebe.com\/?product=set-vajilla-silicona-4-piezas-jungle\",\"url\":\"https:\/\/lacigue\u00f1abebe.com\/?product=set-vajilla-silicona-4-piezas-jungle\",\"name\":\"SET VAJILLA SILICONA 4 PIEZAS JUNGLE - LA CIG\u00dcE\u00d1A - Tienda de moda y accesorios para tu bebe\",\"isPartOf\":{\"@id\":\"https:\/\/lacigue\u00f1abebe.com\/#website\"},\"datePublished\":\"2023-10-26T17:13:45+00:00\",\"dateModified\":\"2023-10-26T17:13:46+00:00\",\"breadcrumb\":{\"@id\":\"https:\/\/lacigue\u00f1abebe.com\/?product=set-vajilla-silicona-4-piezas-jungle#breadcrumb\"},\"inLanguage\":\"es\",\"potentialAction\":[{\"@type\":\"ReadAction\",\"target\":[\"https:\/\/lacigue\u00f1abebe.com\/?product=set-vajilla-silicona-4-piezas-jungle\"]}]},{\"@type\":\"BreadcrumbList\",\"@id\":\"https:\/\/lacigue\u00f1abebe.com\/?product=set-vajilla-silicona-4-piezas-jungle#breadcrumb\",\"itemListElement\":[{\"@type\":\"ListItem\",\"position\":1,\"name\":\"Portada\",\"item\":\"https:\/\/lacigue\u00f1abebe.com\/\"},{\"@type\":\"ListItem\",\"position\":2,\"name\":\"Shop\",\"item\":\"https:\/\/lacigue\u00f1abebe.com\/?page_id=2432\"},{\"@type\":\"ListItem\",\"position\":3,\"name\":\"SET VAJILLA SILICONA 4 PIEZAS JUNGLE\"}]},{\"@type\":\"WebSite\",\"@id\":\"https:\/\/lacigue\u00f1abebe.com\/#website\",\"url\":\"https:\/\/lacigue\u00f1abebe.com\/\",\"name\":\"LA CIG\u00dcE\u00d1A - Tienda de moda y accesorios para tu bebe\",\"description\":\"Tienda de moda y accesorios para tu bebe \",\"publisher\":{\"@id\":\"https:\/\/lacigue\u00f1abebe.com\/#organization\"},\"potentialAction\":[{\"@type\":\"SearchAction\",\"target\":{\"@type\":\"EntryPoint\",\"urlTemplate\":\"https:\/\/lacigue\u00f1abebe.com\/?s={search_term_string}\"},\"query-input\":\"required name=search_term_string\"}],\"inLanguage\":\"es\"},{\"@type\":\"Organization\",\"@id\":\"https:\/\/lacigue\u00f1abebe.com\/#organization\",\"name\":\"LA CIG\u00dcE\u00d1A - Tienda de moda y accesorios para tu bebe\",\"url\":\"https:\/\/lacigue\u00f1abebe.com\/\",\"logo\":{\"@type\":\"ImageObject\",\"inLanguage\":\"es\",\"@id\":\"https:\/\/lacigue\u00f1abebe.com\/#\/schema\/logo\/image\/\",\"url\":\"https:\/\/lacigue\u00f1abebe.com\/wp-content\/uploads\/2023\/10\/cropped-cropped-WhatsApp_Image_2023-10-15_at_21.20.59-removebg-preview-1.png\",\"contentUrl\":\"https:\/\/lacigue\u00f1abebe.com\/wp-content\/uploads\/2023\/10\/cropped-cropped-WhatsApp_Image_2023-10-15_at_21.20.59-removebg-preview-1.png\",\"width\":512,\"height\":123,\"caption\":\"LA CIG\u00dcE\u00d1A - Tienda de moda y accesorios para tu bebe\"},\"image\":{\"@id\":\"https:\/\/lacigue\u00f1abebe.com\/#\/schema\/logo\/image\/\"}}]}<\/script>\n<!-- \/ Yoast SEO plugin. -->","yoast_head_json":{"title":"SET VAJILLA SILICONA 4 PIEZAS JUNGLE - LA CIG\u00dcE\u00d1A - Tienda de moda y accesorios para tu bebe","robots":{"index":"index","follow":"follow","max-snippet":"max-snippet:-1","max-image-preview":"max-image-preview:large","max-video-preview":"max-video-preview:-1"},"canonical":"https:\/\/lacigue\u00f1abebe.com\/?product=set-vajilla-silicona-4-piezas-jungle","og_locale":"es_ES","og_type":"article","og_title":"SET VAJILLA SILICONA 4 PIEZAS JUNGLE - LA CIG\u00dcE\u00d1A - Tienda de moda y accesorios para tu bebe","og_description":"Juego de platos y cubiertos de silicona para beb\u00e9s con ventosa para ense\u00f1ar al beb\u00e9 a comer solo","og_url":"https:\/\/lacigue\u00f1abebe.com\/?product=set-vajilla-silicona-4-piezas-jungle","og_site_name":"LA CIG\u00dcE\u00d1A - Tienda de moda y accesorios para tu bebe","article_modified_time":"2023-10-26T17:13:46+00:00","og_image":[{"width":800,"height":1000,"url":"https:\/\/lacigue\u00f1abebe.com\/wp-content\/uploads\/2023\/10\/12BECA3D-50E1-48E3-9DBC-6FAFB60E77EC.jpeg","type":"image\/jpeg"}],"twitter_card":"summary_large_image","schema":{"@context":"https:\/\/schema.org","@graph":[{"@type":"WebPage","@id":"https:\/\/lacigue\u00f1abebe.com\/?product=set-vajilla-silicona-4-piezas-jungle","url":"https:\/\/lacigue\u00f1abebe.com\/?product=set-vajilla-silicona-4-piezas-jungle","name":"SET VAJILLA SILICONA 4 PIEZAS JUNGLE - LA CIG\u00dcE\u00d1A - Tienda de moda y accesorios para tu bebe","isPartOf":{"@id":"https:\/\/lacigue\u00f1abebe.com\/#website"},"datePublished":"2023-10-26T17:13:45+00:00","dateModified":"2023-10-26T17:13:46+00:00","breadcrumb":{"@id":"https:\/\/lacigue\u00f1abebe.com\/?product=set-vajilla-silicona-4-piezas-jungle#breadcrumb"},"inLanguage":"es","potentialAction":[{"@type":"ReadAction","target":["https:\/\/lacigue\u00f1abebe.com\/?product=set-vajilla-silicona-4-piezas-jungle"]}]},{"@type":"BreadcrumbList","@id":"https:\/\/lacigue\u00f1abebe.com\/?product=set-vajilla-silicona-4-piezas-jungle#breadcrumb","itemListElement":[{"@type":"ListItem","position":1,"name":"Portada","item":"https:\/\/lacigue\u00f1abebe.com\/"},{"@type":"ListItem","position":2,"name":"Shop","item":"https:\/\/lacigue\u00f1abebe.com\/?page_id=2432"},{"@type":"ListItem","position":3,"name":"SET VAJILLA SILICONA 4 PIEZAS JUNGLE"}]},{"@type":"WebSite","@id":"https:\/\/lacigue\u00f1abebe.com\/#website","url":"https:\/\/lacigue\u00f1abebe.com\/","name":"LA CIG\u00dcE\u00d1A - Tienda de moda y accesorios para tu bebe","description":"Tienda de moda y accesorios para tu bebe ","publisher":{"@id":"https:\/\/lacigue\u00f1abebe.com\/#organization"},"potentialAction":[{"@type":"SearchAction","target":{"@type":"EntryPoint","urlTemplate":"https:\/\/lacigue\u00f1abebe.com\/?s={search_term_string}"},"query-input":"required name=search_term_string"}],"inLanguage":"es"},{"@type":"Organization","@id":"https:\/\/lacigue\u00f1abebe.com\/#organization","name":"LA CIG\u00dcE\u00d1A - Tienda de moda y accesorios para tu bebe","url":"https:\/\/lacigue\u00f1abebe.com\/","logo":{"@type":"ImageObject","inLanguage":"es","@id":"https:\/\/lacigue\u00f1abebe.com\/#\/schema\/logo\/image\/","url":"https:\/\/lacigue\u00f1abebe.com\/wp-content\/uploads\/2023\/10\/cropped-cropped-WhatsApp_Image_2023-10-15_at_21.20.59-removebg-preview-1.png","contentUrl":"https:\/\/lacigue\u00f1abebe.com\/wp-content\/uploads\/2023\/10\/cropped-cropped-WhatsApp_Image_2023-10-15_at_21.20.59-removebg-preview-1.png","width":512,"height":123,"caption":"LA CIG\u00dcE\u00d1A - Tienda de moda y accesorios para tu bebe"},"image":{"@id":"https:\/\/lacigue\u00f1abebe.com\/#\/schema\/logo\/image\/"}}]}},"_links":{"self":[{"href":"https:\/\/lacigue\u00f1abebe.com\/index.php?rest_route=\/wp\/v2\/product\/2943","targetHints":{"allow":["GET"]}}],"collection":[{"href":"https:\/\/lacigue\u00f1abebe.com\/index.php?rest_route=\/wp\/v2\/product"}],"about":[{"href":"https:\/\/lacigue\u00f1abebe.com\/index.php?rest_route=\/wp\/v2\/types\/product"}],"version-history":[{"count":1,"href":"https:\/\/lacigue\u00f1abebe.com\/index.php?rest_route=\/wp\/v2\/product\/2943\/revisions"}],"predecessor-version":[{"id":2944,"href":"https:\/\/lacigue\u00f1abebe.com\/index.php?rest_route=\/wp\/v2\/product\/2943\/revisions\/2944"}],"wp:featuredmedia":[{"embeddable":true,"href":"https:\/\/lacigue\u00f1abebe.com\/index.php?rest_route=\/wp\/v2\/media\/2921"}],"wp:attachment":[{"href":"https:\/\/lacigue\u00f1abebe.com\/index.php?rest_route=%2Fwp%2Fv2%2Fmedia&parent=2943"}],"wp:term":[{"taxonomy":"product_cat","embeddable":true,"href":"https:\/\/lacigue\u00f1abebe.com\/index.php?rest_route=%2Fwp%2Fv2%2Fproduct_cat&post=2943"},{"taxonomy":"product_tag","embeddable":true,"href":"https:\/\/lacigue\u00f1abebe.com\/index.php?rest_route=%2Fwp%2Fv2%2Fproduct_tag&post=2943"}],"curies":[{"name":"wp","href":"https:\/\/api.w.org\/{rel}","templated":true}]}}