{"id":2941,"date":"2023-10-26T19:09:58","date_gmt":"2023-10-26T17:09:58","guid":{"rendered":"https:\/\/xn--lacigueabebe-ghb.com\/?post_type=product&#038;p=2941"},"modified":"2023-10-26T19:09:58","modified_gmt":"2023-10-26T17:09:58","slug":"banera-bebe-cameleo-green-blue","status":"publish","type":"product","link":"https:\/\/lacigue\u00f1abebe.com\/?product=banera-bebe-cameleo-green-blue","title":{"rendered":"BA\u00d1ERA BEB\u00c9 CAM\u00c9L\u00c9&#8217;O\u00ae GREEN BLUE"},"content":{"rendered":"<ul>\n<li>Ba\u00f1era para beb\u00e9 en la primera etapa: textura antideslizante y suave al tacto para la seguridad y la comodidad del ni\u00f1o<\/li>\n<li>Tap\u00f3n para simplificar el vaciado de la ba\u00f1era<\/li>\n<li>Manguera de drenaje : no incluida<\/li>\n<li>F\u00e1cil de llenar: soporte integrado para la alcachofa de la ducha<\/li>\n<li>Llantas anchas: f\u00e1cil de agarrar durante el transporte<\/li>\n<li>Dimensiones : 82 x 55 x 29 cm (ancho x largo x alto)<\/li>\n<li>Volumen de agua: 29L<\/li>\n<li>Fabricado en Francia<\/li>\n<li>Soporte Cam\u00e9l\u00e9&#8217;O\u00ae : la gama de ba\u00f1era para beb\u00e9 Cam\u00e9l\u00e9&#8217;O\u00ae es compatible con el reposapi\u00e9s Cam\u00e9l\u00e9&#8217;O\u00ae, vendido por separado<\/li>\n<li>Nota : la ba\u00f1era beb\u00e9 Cam\u00e9l\u00e9&#8217;O\u00ae no es compatible con la hamaca ba\u00f1era beb\u00e9 B\u00e9aba\u00ae<\/li>\n<\/ul>\n","protected":false},"excerpt":{"rendered":"<p>B\u00e9aba Cam\u00e9l\u00e9&#8217;O, ba\u00f1era para beb\u00e9s, azul verdoso, ergon\u00f3mica, con tap\u00f3n de desag\u00fce<\/p>\n","protected":false},"featured_media":2919,"template":"","meta":[],"product_cat":[57,56],"product_tag":[207,205,206],"class_list":{"0":"post-2941","1":"product","2":"type-product","3":"status-publish","4":"has-post-thumbnail","6":"product_cat-baneras","7":"product_cat-bano-e-higiene","8":"product_tag-banera-ligera","9":"product_tag-banera-plegable","10":"product_tag-banera-plegable-beaba","12":"first","13":"instock","14":"shipping-taxable","15":"purchasable","16":"product-type-simple"},"yoast_head":"<!-- This site is optimized with the Yoast SEO plugin v22.1 - https:\/\/yoast.com\/wordpress\/plugins\/seo\/ -->\n<title>BA\u00d1ERA BEB\u00c9 CAM\u00c9L\u00c9&#039;O\u00ae GREEN BLUE - LA CIG\u00dcE\u00d1A - Tienda de moda y accesorios para tu bebe<\/title>\n<meta name=\"robots\" content=\"index, follow, max-snippet:-1, max-image-preview:large, max-video-preview:-1\" \/>\n<link rel=\"canonical\" href=\"https:\/\/lacigue\u00f1abebe.com\/?product=banera-bebe-cameleo-green-blue\" \/>\n<meta property=\"og:locale\" content=\"es_ES\" \/>\n<meta property=\"og:type\" content=\"article\" \/>\n<meta property=\"og:title\" content=\"BA\u00d1ERA BEB\u00c9 CAM\u00c9L\u00c9&#039;O\u00ae GREEN BLUE - LA CIG\u00dcE\u00d1A - Tienda de moda y accesorios para tu bebe\" \/>\n<meta property=\"og:description\" content=\"B\u00e9aba Cam\u00e9l\u00e9&#039;O, ba\u00f1era para beb\u00e9s, azul verdoso, ergon\u00f3mica, con tap\u00f3n de desag\u00fce\" \/>\n<meta property=\"og:url\" content=\"https:\/\/lacigue\u00f1abebe.com\/?product=banera-bebe-cameleo-green-blue\" \/>\n<meta property=\"og:site_name\" content=\"LA CIG\u00dcE\u00d1A - Tienda de moda y accesorios para tu bebe\" \/>\n<meta property=\"og:image\" content=\"https:\/\/lacigue\u00f1abebe.com\/wp-content\/uploads\/2023\/10\/4C625E78-0837-4F5C-A114-3CF55946FE4E.jpeg\" \/>\n\t<meta property=\"og:image:width\" content=\"800\" \/>\n\t<meta property=\"og:image:height\" content=\"1000\" \/>\n\t<meta property=\"og:image:type\" content=\"image\/jpeg\" \/>\n<meta name=\"twitter:card\" content=\"summary_large_image\" \/>\n<meta name=\"twitter:label1\" content=\"Tiempo de lectura\" \/>\n\t<meta name=\"twitter:data1\" content=\"1 minuto\" \/>\n<script type=\"application\/ld+json\" class=\"yoast-schema-graph\">{\"@context\":\"https:\/\/schema.org\",\"@graph\":[{\"@type\":\"WebPage\",\"@id\":\"https:\/\/lacigue\u00f1abebe.com\/?product=banera-bebe-cameleo-green-blue\",\"url\":\"https:\/\/lacigue\u00f1abebe.com\/?product=banera-bebe-cameleo-green-blue\",\"name\":\"BA\u00d1ERA BEB\u00c9 CAM\u00c9L\u00c9'O\u00ae GREEN BLUE - LA CIG\u00dcE\u00d1A - Tienda de moda y accesorios para tu bebe\",\"isPartOf\":{\"@id\":\"https:\/\/lacigue\u00f1abebe.com\/#website\"},\"datePublished\":\"2023-10-26T17:09:58+00:00\",\"dateModified\":\"2023-10-26T17:09:58+00:00\",\"breadcrumb\":{\"@id\":\"https:\/\/lacigue\u00f1abebe.com\/?product=banera-bebe-cameleo-green-blue#breadcrumb\"},\"inLanguage\":\"es\",\"potentialAction\":[{\"@type\":\"ReadAction\",\"target\":[\"https:\/\/lacigue\u00f1abebe.com\/?product=banera-bebe-cameleo-green-blue\"]}]},{\"@type\":\"BreadcrumbList\",\"@id\":\"https:\/\/lacigue\u00f1abebe.com\/?product=banera-bebe-cameleo-green-blue#breadcrumb\",\"itemListElement\":[{\"@type\":\"ListItem\",\"position\":1,\"name\":\"Portada\",\"item\":\"https:\/\/lacigue\u00f1abebe.com\/\"},{\"@type\":\"ListItem\",\"position\":2,\"name\":\"Shop\",\"item\":\"https:\/\/lacigue\u00f1abebe.com\/?page_id=2432\"},{\"@type\":\"ListItem\",\"position\":3,\"name\":\"BA\u00d1ERA BEB\u00c9 CAM\u00c9L\u00c9&#8217;O\u00ae GREEN BLUE\"}]},{\"@type\":\"WebSite\",\"@id\":\"https:\/\/lacigue\u00f1abebe.com\/#website\",\"url\":\"https:\/\/lacigue\u00f1abebe.com\/\",\"name\":\"LA CIG\u00dcE\u00d1A - Tienda de moda y accesorios para tu bebe\",\"description\":\"Tienda de moda y accesorios para tu bebe \",\"publisher\":{\"@id\":\"https:\/\/lacigue\u00f1abebe.com\/#organization\"},\"potentialAction\":[{\"@type\":\"SearchAction\",\"target\":{\"@type\":\"EntryPoint\",\"urlTemplate\":\"https:\/\/lacigue\u00f1abebe.com\/?s={search_term_string}\"},\"query-input\":\"required name=search_term_string\"}],\"inLanguage\":\"es\"},{\"@type\":\"Organization\",\"@id\":\"https:\/\/lacigue\u00f1abebe.com\/#organization\",\"name\":\"LA CIG\u00dcE\u00d1A - Tienda de moda y accesorios para tu bebe\",\"url\":\"https:\/\/lacigue\u00f1abebe.com\/\",\"logo\":{\"@type\":\"ImageObject\",\"inLanguage\":\"es\",\"@id\":\"https:\/\/lacigue\u00f1abebe.com\/#\/schema\/logo\/image\/\",\"url\":\"https:\/\/lacigue\u00f1abebe.com\/wp-content\/uploads\/2023\/10\/cropped-cropped-WhatsApp_Image_2023-10-15_at_21.20.59-removebg-preview-1.png\",\"contentUrl\":\"https:\/\/lacigue\u00f1abebe.com\/wp-content\/uploads\/2023\/10\/cropped-cropped-WhatsApp_Image_2023-10-15_at_21.20.59-removebg-preview-1.png\",\"width\":512,\"height\":123,\"caption\":\"LA CIG\u00dcE\u00d1A - Tienda de moda y accesorios para tu bebe\"},\"image\":{\"@id\":\"https:\/\/lacigue\u00f1abebe.com\/#\/schema\/logo\/image\/\"}}]}<\/script>\n<!-- \/ Yoast SEO plugin. -->","yoast_head_json":{"title":"BA\u00d1ERA BEB\u00c9 CAM\u00c9L\u00c9'O\u00ae GREEN BLUE - LA CIG\u00dcE\u00d1A - Tienda de moda y accesorios para tu bebe","robots":{"index":"index","follow":"follow","max-snippet":"max-snippet:-1","max-image-preview":"max-image-preview:large","max-video-preview":"max-video-preview:-1"},"canonical":"https:\/\/lacigue\u00f1abebe.com\/?product=banera-bebe-cameleo-green-blue","og_locale":"es_ES","og_type":"article","og_title":"BA\u00d1ERA BEB\u00c9 CAM\u00c9L\u00c9'O\u00ae GREEN BLUE - LA CIG\u00dcE\u00d1A - Tienda de moda y accesorios para tu bebe","og_description":"B\u00e9aba Cam\u00e9l\u00e9'O, ba\u00f1era para beb\u00e9s, azul verdoso, ergon\u00f3mica, con tap\u00f3n de desag\u00fce","og_url":"https:\/\/lacigue\u00f1abebe.com\/?product=banera-bebe-cameleo-green-blue","og_site_name":"LA CIG\u00dcE\u00d1A - Tienda de moda y accesorios para tu bebe","og_image":[{"width":800,"height":1000,"url":"https:\/\/lacigue\u00f1abebe.com\/wp-content\/uploads\/2023\/10\/4C625E78-0837-4F5C-A114-3CF55946FE4E.jpeg","type":"image\/jpeg"}],"twitter_card":"summary_large_image","twitter_misc":{"Tiempo de lectura":"1 minuto"},"schema":{"@context":"https:\/\/schema.org","@graph":[{"@type":"WebPage","@id":"https:\/\/lacigue\u00f1abebe.com\/?product=banera-bebe-cameleo-green-blue","url":"https:\/\/lacigue\u00f1abebe.com\/?product=banera-bebe-cameleo-green-blue","name":"BA\u00d1ERA BEB\u00c9 CAM\u00c9L\u00c9'O\u00ae GREEN BLUE - LA CIG\u00dcE\u00d1A - Tienda de moda y accesorios para tu bebe","isPartOf":{"@id":"https:\/\/lacigue\u00f1abebe.com\/#website"},"datePublished":"2023-10-26T17:09:58+00:00","dateModified":"2023-10-26T17:09:58+00:00","breadcrumb":{"@id":"https:\/\/lacigue\u00f1abebe.com\/?product=banera-bebe-cameleo-green-blue#breadcrumb"},"inLanguage":"es","potentialAction":[{"@type":"ReadAction","target":["https:\/\/lacigue\u00f1abebe.com\/?product=banera-bebe-cameleo-green-blue"]}]},{"@type":"BreadcrumbList","@id":"https:\/\/lacigue\u00f1abebe.com\/?product=banera-bebe-cameleo-green-blue#breadcrumb","itemListElement":[{"@type":"ListItem","position":1,"name":"Portada","item":"https:\/\/lacigue\u00f1abebe.com\/"},{"@type":"ListItem","position":2,"name":"Shop","item":"https:\/\/lacigue\u00f1abebe.com\/?page_id=2432"},{"@type":"ListItem","position":3,"name":"BA\u00d1ERA BEB\u00c9 CAM\u00c9L\u00c9&#8217;O\u00ae GREEN BLUE"}]},{"@type":"WebSite","@id":"https:\/\/lacigue\u00f1abebe.com\/#website","url":"https:\/\/lacigue\u00f1abebe.com\/","name":"LA CIG\u00dcE\u00d1A - Tienda de moda y accesorios para tu bebe","description":"Tienda de moda y accesorios para tu bebe ","publisher":{"@id":"https:\/\/lacigue\u00f1abebe.com\/#organization"},"potentialAction":[{"@type":"SearchAction","target":{"@type":"EntryPoint","urlTemplate":"https:\/\/lacigue\u00f1abebe.com\/?s={search_term_string}"},"query-input":"required name=search_term_string"}],"inLanguage":"es"},{"@type":"Organization","@id":"https:\/\/lacigue\u00f1abebe.com\/#organization","name":"LA CIG\u00dcE\u00d1A - Tienda de moda y accesorios para tu bebe","url":"https:\/\/lacigue\u00f1abebe.com\/","logo":{"@type":"ImageObject","inLanguage":"es","@id":"https:\/\/lacigue\u00f1abebe.com\/#\/schema\/logo\/image\/","url":"https:\/\/lacigue\u00f1abebe.com\/wp-content\/uploads\/2023\/10\/cropped-cropped-WhatsApp_Image_2023-10-15_at_21.20.59-removebg-preview-1.png","contentUrl":"https:\/\/lacigue\u00f1abebe.com\/wp-content\/uploads\/2023\/10\/cropped-cropped-WhatsApp_Image_2023-10-15_at_21.20.59-removebg-preview-1.png","width":512,"height":123,"caption":"LA CIG\u00dcE\u00d1A - Tienda de moda y accesorios para tu bebe"},"image":{"@id":"https:\/\/lacigue\u00f1abebe.com\/#\/schema\/logo\/image\/"}}]}},"_links":{"self":[{"href":"https:\/\/lacigue\u00f1abebe.com\/index.php?rest_route=\/wp\/v2\/product\/2941","targetHints":{"allow":["GET"]}}],"collection":[{"href":"https:\/\/lacigue\u00f1abebe.com\/index.php?rest_route=\/wp\/v2\/product"}],"about":[{"href":"https:\/\/lacigue\u00f1abebe.com\/index.php?rest_route=\/wp\/v2\/types\/product"}],"version-history":[{"count":1,"href":"https:\/\/lacigue\u00f1abebe.com\/index.php?rest_route=\/wp\/v2\/product\/2941\/revisions"}],"predecessor-version":[{"id":2942,"href":"https:\/\/lacigue\u00f1abebe.com\/index.php?rest_route=\/wp\/v2\/product\/2941\/revisions\/2942"}],"wp:featuredmedia":[{"embeddable":true,"href":"https:\/\/lacigue\u00f1abebe.com\/index.php?rest_route=\/wp\/v2\/media\/2919"}],"wp:attachment":[{"href":"https:\/\/lacigue\u00f1abebe.com\/index.php?rest_route=%2Fwp%2Fv2%2Fmedia&parent=2941"}],"wp:term":[{"taxonomy":"product_cat","embeddable":true,"href":"https:\/\/lacigue\u00f1abebe.com\/index.php?rest_route=%2Fwp%2Fv2%2Fproduct_cat&post=2941"},{"taxonomy":"product_tag","embeddable":true,"href":"https:\/\/lacigue\u00f1abebe.com\/index.php?rest_route=%2Fwp%2Fv2%2Fproduct_tag&post=2941"}],"curies":[{"name":"wp","href":"https:\/\/api.w.org\/{rel}","templated":true}]}}