{"id":2939,"date":"2023-10-26T19:04:23","date_gmt":"2023-10-26T17:04:23","guid":{"rendered":"https:\/\/xn--lacigueabebe-ghb.com\/?post_type=product&#038;p=2939"},"modified":"2023-10-26T19:04:23","modified_gmt":"2023-10-26T17:04:23","slug":"robot-cocina-bebe-babycook-express-sage-green","status":"publish","type":"product","link":"https:\/\/lacigue\u00f1abebe.com\/?product=robot-cocina-bebe-babycook-express-sage-green","title":{"rendered":"ROBOT COCINA BEB\u00c9 BABYCOOK EXPRESS\u00ae SAGE GREEN"},"content":{"rendered":"<ul>\n<li>Pala mezcladora patentada y modo de cocci\u00f3n Express: \u00a1para una cocci\u00f3n homog\u00e9nea y r\u00e1pida!<\/li>\n<li>2 modos de cocci\u00f3n: cocci\u00f3n Express que ahorra tiempo y cocci\u00f3n Eco: -30% de consumo de agua y electricidad y -23% de emisiones de CO2 en comparaci\u00f3n con una BABYCOOK SOLO\u00ae<\/li>\n<li>Producto de dise\u00f1o ecol\u00f3gico<\/li>\n<li>Cocci\u00f3n suave y modulada con vapor: para preservar los beneficios nutricionales de los alimentos, as\u00ed como su sabor y aroma<\/li>\n<li>Robot 4 en 1: pr\u00e1ctico &#8211; Cuece al vapor, mezcla, descongela y calienta<\/li>\n<li>Tapa de doble pared aislante: para una cocci\u00f3n a\u00fan m\u00e1s r\u00e1pida<\/li>\n<li>Gran capacidad: jarra de 1250 ml y cesta de 1000 ml (cocci\u00f3n ecol\u00f3gica) \/ 980 ml (cocci\u00f3n expr\u00e9s)<\/li>\n<li>Esp\u00e1tula integrada,\u00a0amplia apertura del dep\u00f3sito de agua, se\u00f1alizaci\u00f3n clara de los niveles de agua, se\u00f1al ac\u00fastica y luminosa con parada autom\u00e1tica al fin de la cocci\u00f3n: f\u00e1cil de usar<\/li>\n<li>Cuchilla con doble curvatura para varias texturas (lisa, molida, picada) y adaptadas a la edad del ni\u00f1o: para una mezcla optimizada<\/li>\n<li>Accesorios: vendido con tapa anti-salpicaduras, esp\u00e1tula y libro de recetas<\/li>\n<li>Mantenimiento: tapadera, cesta de cocci\u00f3n, tapa anti-salpicaduras, cuchilla de mezclas: lavar a mano o en el lavaplatos. Cuerpo del aparato: limpiar con un pa\u00f1o h\u00famedo. No sumergir<\/li>\n<\/ul>\n","protected":false},"excerpt":{"rendered":"<h3 class=\"header page-subtitle\">La nueva Babycook Express permite preparar la comida del beb\u00e9 en menos de 15 minutos. Este robot de cocina para beb\u00e9s de nueva generaci\u00f3n cocina r\u00e1pidamente y permite mezclar, calentar o descongelar en un abrir y cerrar de ojos. Prepara recetas sanas y sabrosas para el beb\u00e9 mientras ahorras tiempo en tu rutina diaria.<\/h3>\n","protected":false},"featured_media":2911,"template":"","meta":[],"product_cat":[42,40,46],"product_tag":[202,203,204],"class_list":{"0":"post-2939","1":"product","2":"type-product","3":"status-publish","4":"has-post-thumbnail","6":"product_cat-accesorios-para-alimentacion-bebe","7":"product_cat-alimentacion","8":"product_cat-baby-cook","9":"product_tag-baby-cook-express","10":"product_tag-babycook-express","11":"product_tag-robot-de-cocina-bebe","13":"first","14":"instock","15":"shipping-taxable","16":"purchasable","17":"product-type-simple"},"yoast_head":"<!-- This site is optimized with the Yoast SEO plugin v22.1 - https:\/\/yoast.com\/wordpress\/plugins\/seo\/ -->\n<title>ROBOT COCINA BEB\u00c9 BABYCOOK EXPRESS\u00ae SAGE GREEN - LA CIG\u00dcE\u00d1A - Tienda de moda y accesorios para tu bebe<\/title>\n<meta name=\"robots\" content=\"index, follow, max-snippet:-1, max-image-preview:large, max-video-preview:-1\" \/>\n<link rel=\"canonical\" href=\"https:\/\/lacigue\u00f1abebe.com\/?product=robot-cocina-bebe-babycook-express-sage-green\" \/>\n<meta property=\"og:locale\" content=\"es_ES\" \/>\n<meta property=\"og:type\" content=\"article\" \/>\n<meta property=\"og:title\" content=\"ROBOT COCINA BEB\u00c9 BABYCOOK EXPRESS\u00ae SAGE GREEN - LA CIG\u00dcE\u00d1A - Tienda de moda y accesorios para tu bebe\" \/>\n<meta property=\"og:description\" content=\"La nueva Babycook Express permite preparar la comida del beb\u00e9 en menos de 15 minutos. Este robot de cocina para beb\u00e9s de nueva generaci\u00f3n cocina r\u00e1pidamente y permite mezclar, calentar o descongelar en un abrir y cerrar de ojos. Prepara recetas sanas y sabrosas para el beb\u00e9 mientras ahorras tiempo en tu rutina diaria.\" \/>\n<meta property=\"og:url\" content=\"https:\/\/lacigue\u00f1abebe.com\/?product=robot-cocina-bebe-babycook-express-sage-green\" \/>\n<meta property=\"og:site_name\" content=\"LA CIG\u00dcE\u00d1A - Tienda de moda y accesorios para tu bebe\" \/>\n<meta property=\"og:image\" content=\"https:\/\/lacigue\u00f1abebe.com\/wp-content\/uploads\/2023\/10\/4C107A80-2F48-4A55-85B6-4A786F6049EF.jpeg\" \/>\n\t<meta property=\"og:image:width\" content=\"800\" \/>\n\t<meta property=\"og:image:height\" content=\"1000\" \/>\n\t<meta property=\"og:image:type\" content=\"image\/jpeg\" \/>\n<meta name=\"twitter:card\" content=\"summary_large_image\" \/>\n<meta name=\"twitter:label1\" content=\"Tiempo de lectura\" \/>\n\t<meta name=\"twitter:data1\" content=\"1 minuto\" \/>\n<script type=\"application\/ld+json\" class=\"yoast-schema-graph\">{\"@context\":\"https:\/\/schema.org\",\"@graph\":[{\"@type\":\"WebPage\",\"@id\":\"https:\/\/lacigue\u00f1abebe.com\/?product=robot-cocina-bebe-babycook-express-sage-green\",\"url\":\"https:\/\/lacigue\u00f1abebe.com\/?product=robot-cocina-bebe-babycook-express-sage-green\",\"name\":\"ROBOT COCINA BEB\u00c9 BABYCOOK EXPRESS\u00ae SAGE GREEN - LA CIG\u00dcE\u00d1A - Tienda de moda y accesorios para tu bebe\",\"isPartOf\":{\"@id\":\"https:\/\/lacigue\u00f1abebe.com\/#website\"},\"datePublished\":\"2023-10-26T17:04:23+00:00\",\"dateModified\":\"2023-10-26T17:04:23+00:00\",\"breadcrumb\":{\"@id\":\"https:\/\/lacigue\u00f1abebe.com\/?product=robot-cocina-bebe-babycook-express-sage-green#breadcrumb\"},\"inLanguage\":\"es\",\"potentialAction\":[{\"@type\":\"ReadAction\",\"target\":[\"https:\/\/lacigue\u00f1abebe.com\/?product=robot-cocina-bebe-babycook-express-sage-green\"]}]},{\"@type\":\"BreadcrumbList\",\"@id\":\"https:\/\/lacigue\u00f1abebe.com\/?product=robot-cocina-bebe-babycook-express-sage-green#breadcrumb\",\"itemListElement\":[{\"@type\":\"ListItem\",\"position\":1,\"name\":\"Portada\",\"item\":\"https:\/\/lacigue\u00f1abebe.com\/\"},{\"@type\":\"ListItem\",\"position\":2,\"name\":\"Shop\",\"item\":\"https:\/\/lacigue\u00f1abebe.com\/?page_id=2432\"},{\"@type\":\"ListItem\",\"position\":3,\"name\":\"ROBOT COCINA BEB\u00c9 BABYCOOK EXPRESS\u00ae SAGE GREEN\"}]},{\"@type\":\"WebSite\",\"@id\":\"https:\/\/lacigue\u00f1abebe.com\/#website\",\"url\":\"https:\/\/lacigue\u00f1abebe.com\/\",\"name\":\"LA CIG\u00dcE\u00d1A - Tienda de moda y accesorios para tu bebe\",\"description\":\"Tienda de moda y accesorios para tu bebe \",\"publisher\":{\"@id\":\"https:\/\/lacigue\u00f1abebe.com\/#organization\"},\"potentialAction\":[{\"@type\":\"SearchAction\",\"target\":{\"@type\":\"EntryPoint\",\"urlTemplate\":\"https:\/\/lacigue\u00f1abebe.com\/?s={search_term_string}\"},\"query-input\":\"required name=search_term_string\"}],\"inLanguage\":\"es\"},{\"@type\":\"Organization\",\"@id\":\"https:\/\/lacigue\u00f1abebe.com\/#organization\",\"name\":\"LA CIG\u00dcE\u00d1A - Tienda de moda y accesorios para tu bebe\",\"url\":\"https:\/\/lacigue\u00f1abebe.com\/\",\"logo\":{\"@type\":\"ImageObject\",\"inLanguage\":\"es\",\"@id\":\"https:\/\/lacigue\u00f1abebe.com\/#\/schema\/logo\/image\/\",\"url\":\"https:\/\/lacigue\u00f1abebe.com\/wp-content\/uploads\/2023\/10\/cropped-cropped-WhatsApp_Image_2023-10-15_at_21.20.59-removebg-preview-1.png\",\"contentUrl\":\"https:\/\/lacigue\u00f1abebe.com\/wp-content\/uploads\/2023\/10\/cropped-cropped-WhatsApp_Image_2023-10-15_at_21.20.59-removebg-preview-1.png\",\"width\":512,\"height\":123,\"caption\":\"LA CIG\u00dcE\u00d1A - Tienda de moda y accesorios para tu bebe\"},\"image\":{\"@id\":\"https:\/\/lacigue\u00f1abebe.com\/#\/schema\/logo\/image\/\"}}]}<\/script>\n<!-- \/ Yoast SEO plugin. -->","yoast_head_json":{"title":"ROBOT COCINA BEB\u00c9 BABYCOOK EXPRESS\u00ae SAGE GREEN - LA CIG\u00dcE\u00d1A - Tienda de moda y accesorios para tu bebe","robots":{"index":"index","follow":"follow","max-snippet":"max-snippet:-1","max-image-preview":"max-image-preview:large","max-video-preview":"max-video-preview:-1"},"canonical":"https:\/\/lacigue\u00f1abebe.com\/?product=robot-cocina-bebe-babycook-express-sage-green","og_locale":"es_ES","og_type":"article","og_title":"ROBOT COCINA BEB\u00c9 BABYCOOK EXPRESS\u00ae SAGE GREEN - LA CIG\u00dcE\u00d1A - Tienda de moda y accesorios para tu bebe","og_description":"La nueva Babycook Express permite preparar la comida del beb\u00e9 en menos de 15 minutos. Este robot de cocina para beb\u00e9s de nueva generaci\u00f3n cocina r\u00e1pidamente y permite mezclar, calentar o descongelar en un abrir y cerrar de ojos. Prepara recetas sanas y sabrosas para el beb\u00e9 mientras ahorras tiempo en tu rutina diaria.","og_url":"https:\/\/lacigue\u00f1abebe.com\/?product=robot-cocina-bebe-babycook-express-sage-green","og_site_name":"LA CIG\u00dcE\u00d1A - Tienda de moda y accesorios para tu bebe","og_image":[{"width":800,"height":1000,"url":"https:\/\/lacigue\u00f1abebe.com\/wp-content\/uploads\/2023\/10\/4C107A80-2F48-4A55-85B6-4A786F6049EF.jpeg","type":"image\/jpeg"}],"twitter_card":"summary_large_image","twitter_misc":{"Tiempo de lectura":"1 minuto"},"schema":{"@context":"https:\/\/schema.org","@graph":[{"@type":"WebPage","@id":"https:\/\/lacigue\u00f1abebe.com\/?product=robot-cocina-bebe-babycook-express-sage-green","url":"https:\/\/lacigue\u00f1abebe.com\/?product=robot-cocina-bebe-babycook-express-sage-green","name":"ROBOT COCINA BEB\u00c9 BABYCOOK EXPRESS\u00ae SAGE GREEN - LA CIG\u00dcE\u00d1A - Tienda de moda y accesorios para tu bebe","isPartOf":{"@id":"https:\/\/lacigue\u00f1abebe.com\/#website"},"datePublished":"2023-10-26T17:04:23+00:00","dateModified":"2023-10-26T17:04:23+00:00","breadcrumb":{"@id":"https:\/\/lacigue\u00f1abebe.com\/?product=robot-cocina-bebe-babycook-express-sage-green#breadcrumb"},"inLanguage":"es","potentialAction":[{"@type":"ReadAction","target":["https:\/\/lacigue\u00f1abebe.com\/?product=robot-cocina-bebe-babycook-express-sage-green"]}]},{"@type":"BreadcrumbList","@id":"https:\/\/lacigue\u00f1abebe.com\/?product=robot-cocina-bebe-babycook-express-sage-green#breadcrumb","itemListElement":[{"@type":"ListItem","position":1,"name":"Portada","item":"https:\/\/lacigue\u00f1abebe.com\/"},{"@type":"ListItem","position":2,"name":"Shop","item":"https:\/\/lacigue\u00f1abebe.com\/?page_id=2432"},{"@type":"ListItem","position":3,"name":"ROBOT COCINA BEB\u00c9 BABYCOOK EXPRESS\u00ae SAGE GREEN"}]},{"@type":"WebSite","@id":"https:\/\/lacigue\u00f1abebe.com\/#website","url":"https:\/\/lacigue\u00f1abebe.com\/","name":"LA CIG\u00dcE\u00d1A - Tienda de moda y accesorios para tu bebe","description":"Tienda de moda y accesorios para tu bebe ","publisher":{"@id":"https:\/\/lacigue\u00f1abebe.com\/#organization"},"potentialAction":[{"@type":"SearchAction","target":{"@type":"EntryPoint","urlTemplate":"https:\/\/lacigue\u00f1abebe.com\/?s={search_term_string}"},"query-input":"required name=search_term_string"}],"inLanguage":"es"},{"@type":"Organization","@id":"https:\/\/lacigue\u00f1abebe.com\/#organization","name":"LA CIG\u00dcE\u00d1A - Tienda de moda y accesorios para tu bebe","url":"https:\/\/lacigue\u00f1abebe.com\/","logo":{"@type":"ImageObject","inLanguage":"es","@id":"https:\/\/lacigue\u00f1abebe.com\/#\/schema\/logo\/image\/","url":"https:\/\/lacigue\u00f1abebe.com\/wp-content\/uploads\/2023\/10\/cropped-cropped-WhatsApp_Image_2023-10-15_at_21.20.59-removebg-preview-1.png","contentUrl":"https:\/\/lacigue\u00f1abebe.com\/wp-content\/uploads\/2023\/10\/cropped-cropped-WhatsApp_Image_2023-10-15_at_21.20.59-removebg-preview-1.png","width":512,"height":123,"caption":"LA CIG\u00dcE\u00d1A - Tienda de moda y accesorios para tu bebe"},"image":{"@id":"https:\/\/lacigue\u00f1abebe.com\/#\/schema\/logo\/image\/"}}]}},"_links":{"self":[{"href":"https:\/\/lacigue\u00f1abebe.com\/index.php?rest_route=\/wp\/v2\/product\/2939","targetHints":{"allow":["GET"]}}],"collection":[{"href":"https:\/\/lacigue\u00f1abebe.com\/index.php?rest_route=\/wp\/v2\/product"}],"about":[{"href":"https:\/\/lacigue\u00f1abebe.com\/index.php?rest_route=\/wp\/v2\/types\/product"}],"version-history":[{"count":1,"href":"https:\/\/lacigue\u00f1abebe.com\/index.php?rest_route=\/wp\/v2\/product\/2939\/revisions"}],"predecessor-version":[{"id":2940,"href":"https:\/\/lacigue\u00f1abebe.com\/index.php?rest_route=\/wp\/v2\/product\/2939\/revisions\/2940"}],"wp:featuredmedia":[{"embeddable":true,"href":"https:\/\/lacigue\u00f1abebe.com\/index.php?rest_route=\/wp\/v2\/media\/2911"}],"wp:attachment":[{"href":"https:\/\/lacigue\u00f1abebe.com\/index.php?rest_route=%2Fwp%2Fv2%2Fmedia&parent=2939"}],"wp:term":[{"taxonomy":"product_cat","embeddable":true,"href":"https:\/\/lacigue\u00f1abebe.com\/index.php?rest_route=%2Fwp%2Fv2%2Fproduct_cat&post=2939"},{"taxonomy":"product_tag","embeddable":true,"href":"https:\/\/lacigue\u00f1abebe.com\/index.php?rest_route=%2Fwp%2Fv2%2Fproduct_tag&post=2939"}],"curies":[{"name":"wp","href":"https:\/\/api.w.org\/{rel}","templated":true}]}}