{"id":2906,"date":"2023-10-26T17:59:04","date_gmt":"2023-10-26T15:59:04","guid":{"rendered":"https:\/\/xn--lacigueabebe-ghb.com\/?post_type=product&#038;p=2906"},"modified":"2023-10-26T17:59:04","modified_gmt":"2023-10-26T15:59:04","slug":"portachupete-abril-verde","status":"publish","type":"product","link":"https:\/\/lacigue\u00f1abebe.com\/?product=portachupete-abril-verde","title":{"rendered":"PORTACHUPETE ABRIL (verde)"},"content":{"rendered":"<p>El Porta chupete de Cambrass est\u00e1 dise\u00f1ado para guardar los chupetes o biberones peque\u00f1os (anchos de 180 cl.) del beb\u00e9 y transportarlos de forma c\u00f3moda e higi\u00e9nica. Por su tama\u00f1o es f\u00e1cil de transportar dentro del bolso, aunque el clip que incorpora su asa superior tambi\u00e9n permite colgarlo en el carro. Adem\u00e1s, el porta chupete cuenta con cierre con cremallera YKK de alta calidad cuyo cursor est\u00e1 identificado con el logo de Cambrass.<\/p>\n<p>Medidas:<\/p>\n<p>8.5X8.5X11 CM<\/p>\n","protected":false},"excerpt":{"rendered":"<p>El Porta chupete de Cambrass est\u00e1 dise\u00f1ado para guardar los chupetes o biberones peque\u00f1os del beb\u00e9 y transportarlos de forma c\u00f3moda e higi\u00e9nica. Fabricado en Espa\u00f1a. Por Cambrass.<\/p>\n","protected":false},"featured_media":2884,"template":"","meta":[],"product_cat":[32,36],"product_tag":[198,197,196],"class_list":{"0":"post-2906","1":"product","2":"type-product","3":"status-publish","4":"has-post-thumbnail","6":"product_cat-accesorios-carro-y-silla","7":"product_cat-otros-accesorios","8":"product_tag-portachupete-bebe","9":"product_tag-portachupetes-cambrass","10":"product_tag-portachupetes-vichy-verde","12":"first","13":"instock","14":"shipping-taxable","15":"purchasable","16":"product-type-simple"},"yoast_head":"<!-- This site is optimized with the Yoast SEO plugin v22.1 - https:\/\/yoast.com\/wordpress\/plugins\/seo\/ -->\n<title>PORTACHUPETE ABRIL (verde) - LA CIG\u00dcE\u00d1A - Tienda de moda y accesorios para tu bebe<\/title>\n<meta name=\"robots\" content=\"index, follow, max-snippet:-1, max-image-preview:large, max-video-preview:-1\" \/>\n<link rel=\"canonical\" href=\"https:\/\/lacigue\u00f1abebe.com\/?product=portachupete-abril-verde\" \/>\n<meta property=\"og:locale\" content=\"es_ES\" \/>\n<meta property=\"og:type\" content=\"article\" \/>\n<meta property=\"og:title\" content=\"PORTACHUPETE ABRIL (verde) - LA CIG\u00dcE\u00d1A - Tienda de moda y accesorios para tu bebe\" \/>\n<meta property=\"og:description\" content=\"El Porta chupete de Cambrass est\u00e1 dise\u00f1ado para guardar los chupetes o biberones peque\u00f1os del beb\u00e9 y transportarlos de forma c\u00f3moda e higi\u00e9nica. Fabricado en Espa\u00f1a. Por Cambrass.\" \/>\n<meta property=\"og:url\" content=\"https:\/\/lacigue\u00f1abebe.com\/?product=portachupete-abril-verde\" \/>\n<meta property=\"og:site_name\" content=\"LA CIG\u00dcE\u00d1A - Tienda de moda y accesorios para tu bebe\" \/>\n<meta property=\"og:image\" content=\"https:\/\/lacigue\u00f1abebe.com\/wp-content\/uploads\/2023\/10\/51C92B26-CF40-4F0E-BC02-3CA5CA1FB4EF.png\" \/>\n\t<meta property=\"og:image:width\" content=\"800\" \/>\n\t<meta property=\"og:image:height\" content=\"1000\" \/>\n\t<meta property=\"og:image:type\" content=\"image\/png\" \/>\n<meta name=\"twitter:card\" content=\"summary_large_image\" \/>\n<script type=\"application\/ld+json\" class=\"yoast-schema-graph\">{\"@context\":\"https:\/\/schema.org\",\"@graph\":[{\"@type\":\"WebPage\",\"@id\":\"https:\/\/lacigue\u00f1abebe.com\/?product=portachupete-abril-verde\",\"url\":\"https:\/\/lacigue\u00f1abebe.com\/?product=portachupete-abril-verde\",\"name\":\"PORTACHUPETE ABRIL (verde) - LA CIG\u00dcE\u00d1A - Tienda de moda y accesorios para tu bebe\",\"isPartOf\":{\"@id\":\"https:\/\/lacigue\u00f1abebe.com\/#website\"},\"datePublished\":\"2023-10-26T15:59:04+00:00\",\"dateModified\":\"2023-10-26T15:59:04+00:00\",\"breadcrumb\":{\"@id\":\"https:\/\/lacigue\u00f1abebe.com\/?product=portachupete-abril-verde#breadcrumb\"},\"inLanguage\":\"es\",\"potentialAction\":[{\"@type\":\"ReadAction\",\"target\":[\"https:\/\/lacigue\u00f1abebe.com\/?product=portachupete-abril-verde\"]}]},{\"@type\":\"BreadcrumbList\",\"@id\":\"https:\/\/lacigue\u00f1abebe.com\/?product=portachupete-abril-verde#breadcrumb\",\"itemListElement\":[{\"@type\":\"ListItem\",\"position\":1,\"name\":\"Portada\",\"item\":\"https:\/\/lacigue\u00f1abebe.com\/\"},{\"@type\":\"ListItem\",\"position\":2,\"name\":\"Shop\",\"item\":\"https:\/\/lacigue\u00f1abebe.com\/?page_id=2432\"},{\"@type\":\"ListItem\",\"position\":3,\"name\":\"PORTACHUPETE ABRIL (verde)\"}]},{\"@type\":\"WebSite\",\"@id\":\"https:\/\/lacigue\u00f1abebe.com\/#website\",\"url\":\"https:\/\/lacigue\u00f1abebe.com\/\",\"name\":\"LA CIG\u00dcE\u00d1A - Tienda de moda y accesorios para tu bebe\",\"description\":\"Tienda de moda y accesorios para tu bebe \",\"publisher\":{\"@id\":\"https:\/\/lacigue\u00f1abebe.com\/#organization\"},\"potentialAction\":[{\"@type\":\"SearchAction\",\"target\":{\"@type\":\"EntryPoint\",\"urlTemplate\":\"https:\/\/lacigue\u00f1abebe.com\/?s={search_term_string}\"},\"query-input\":\"required name=search_term_string\"}],\"inLanguage\":\"es\"},{\"@type\":\"Organization\",\"@id\":\"https:\/\/lacigue\u00f1abebe.com\/#organization\",\"name\":\"LA CIG\u00dcE\u00d1A - Tienda de moda y accesorios para tu bebe\",\"url\":\"https:\/\/lacigue\u00f1abebe.com\/\",\"logo\":{\"@type\":\"ImageObject\",\"inLanguage\":\"es\",\"@id\":\"https:\/\/lacigue\u00f1abebe.com\/#\/schema\/logo\/image\/\",\"url\":\"https:\/\/lacigue\u00f1abebe.com\/wp-content\/uploads\/2023\/10\/cropped-cropped-WhatsApp_Image_2023-10-15_at_21.20.59-removebg-preview-1.png\",\"contentUrl\":\"https:\/\/lacigue\u00f1abebe.com\/wp-content\/uploads\/2023\/10\/cropped-cropped-WhatsApp_Image_2023-10-15_at_21.20.59-removebg-preview-1.png\",\"width\":512,\"height\":123,\"caption\":\"LA CIG\u00dcE\u00d1A - Tienda de moda y accesorios para tu bebe\"},\"image\":{\"@id\":\"https:\/\/lacigue\u00f1abebe.com\/#\/schema\/logo\/image\/\"}}]}<\/script>\n<!-- \/ Yoast SEO plugin. -->","yoast_head_json":{"title":"PORTACHUPETE ABRIL (verde) - LA CIG\u00dcE\u00d1A - Tienda de moda y accesorios para tu bebe","robots":{"index":"index","follow":"follow","max-snippet":"max-snippet:-1","max-image-preview":"max-image-preview:large","max-video-preview":"max-video-preview:-1"},"canonical":"https:\/\/lacigue\u00f1abebe.com\/?product=portachupete-abril-verde","og_locale":"es_ES","og_type":"article","og_title":"PORTACHUPETE ABRIL (verde) - LA CIG\u00dcE\u00d1A - Tienda de moda y accesorios para tu bebe","og_description":"El Porta chupete de Cambrass est\u00e1 dise\u00f1ado para guardar los chupetes o biberones peque\u00f1os del beb\u00e9 y transportarlos de forma c\u00f3moda e higi\u00e9nica. Fabricado en Espa\u00f1a. Por Cambrass.","og_url":"https:\/\/lacigue\u00f1abebe.com\/?product=portachupete-abril-verde","og_site_name":"LA CIG\u00dcE\u00d1A - Tienda de moda y accesorios para tu bebe","og_image":[{"width":800,"height":1000,"url":"https:\/\/lacigue\u00f1abebe.com\/wp-content\/uploads\/2023\/10\/51C92B26-CF40-4F0E-BC02-3CA5CA1FB4EF.png","type":"image\/png"}],"twitter_card":"summary_large_image","schema":{"@context":"https:\/\/schema.org","@graph":[{"@type":"WebPage","@id":"https:\/\/lacigue\u00f1abebe.com\/?product=portachupete-abril-verde","url":"https:\/\/lacigue\u00f1abebe.com\/?product=portachupete-abril-verde","name":"PORTACHUPETE ABRIL (verde) - LA CIG\u00dcE\u00d1A - Tienda de moda y accesorios para tu bebe","isPartOf":{"@id":"https:\/\/lacigue\u00f1abebe.com\/#website"},"datePublished":"2023-10-26T15:59:04+00:00","dateModified":"2023-10-26T15:59:04+00:00","breadcrumb":{"@id":"https:\/\/lacigue\u00f1abebe.com\/?product=portachupete-abril-verde#breadcrumb"},"inLanguage":"es","potentialAction":[{"@type":"ReadAction","target":["https:\/\/lacigue\u00f1abebe.com\/?product=portachupete-abril-verde"]}]},{"@type":"BreadcrumbList","@id":"https:\/\/lacigue\u00f1abebe.com\/?product=portachupete-abril-verde#breadcrumb","itemListElement":[{"@type":"ListItem","position":1,"name":"Portada","item":"https:\/\/lacigue\u00f1abebe.com\/"},{"@type":"ListItem","position":2,"name":"Shop","item":"https:\/\/lacigue\u00f1abebe.com\/?page_id=2432"},{"@type":"ListItem","position":3,"name":"PORTACHUPETE ABRIL (verde)"}]},{"@type":"WebSite","@id":"https:\/\/lacigue\u00f1abebe.com\/#website","url":"https:\/\/lacigue\u00f1abebe.com\/","name":"LA CIG\u00dcE\u00d1A - Tienda de moda y accesorios para tu bebe","description":"Tienda de moda y accesorios para tu bebe ","publisher":{"@id":"https:\/\/lacigue\u00f1abebe.com\/#organization"},"potentialAction":[{"@type":"SearchAction","target":{"@type":"EntryPoint","urlTemplate":"https:\/\/lacigue\u00f1abebe.com\/?s={search_term_string}"},"query-input":"required name=search_term_string"}],"inLanguage":"es"},{"@type":"Organization","@id":"https:\/\/lacigue\u00f1abebe.com\/#organization","name":"LA CIG\u00dcE\u00d1A - Tienda de moda y accesorios para tu bebe","url":"https:\/\/lacigue\u00f1abebe.com\/","logo":{"@type":"ImageObject","inLanguage":"es","@id":"https:\/\/lacigue\u00f1abebe.com\/#\/schema\/logo\/image\/","url":"https:\/\/lacigue\u00f1abebe.com\/wp-content\/uploads\/2023\/10\/cropped-cropped-WhatsApp_Image_2023-10-15_at_21.20.59-removebg-preview-1.png","contentUrl":"https:\/\/lacigue\u00f1abebe.com\/wp-content\/uploads\/2023\/10\/cropped-cropped-WhatsApp_Image_2023-10-15_at_21.20.59-removebg-preview-1.png","width":512,"height":123,"caption":"LA CIG\u00dcE\u00d1A - Tienda de moda y accesorios para tu bebe"},"image":{"@id":"https:\/\/lacigue\u00f1abebe.com\/#\/schema\/logo\/image\/"}}]}},"_links":{"self":[{"href":"https:\/\/lacigue\u00f1abebe.com\/index.php?rest_route=\/wp\/v2\/product\/2906","targetHints":{"allow":["GET"]}}],"collection":[{"href":"https:\/\/lacigue\u00f1abebe.com\/index.php?rest_route=\/wp\/v2\/product"}],"about":[{"href":"https:\/\/lacigue\u00f1abebe.com\/index.php?rest_route=\/wp\/v2\/types\/product"}],"version-history":[{"count":1,"href":"https:\/\/lacigue\u00f1abebe.com\/index.php?rest_route=\/wp\/v2\/product\/2906\/revisions"}],"predecessor-version":[{"id":2907,"href":"https:\/\/lacigue\u00f1abebe.com\/index.php?rest_route=\/wp\/v2\/product\/2906\/revisions\/2907"}],"wp:featuredmedia":[{"embeddable":true,"href":"https:\/\/lacigue\u00f1abebe.com\/index.php?rest_route=\/wp\/v2\/media\/2884"}],"wp:attachment":[{"href":"https:\/\/lacigue\u00f1abebe.com\/index.php?rest_route=%2Fwp%2Fv2%2Fmedia&parent=2906"}],"wp:term":[{"taxonomy":"product_cat","embeddable":true,"href":"https:\/\/lacigue\u00f1abebe.com\/index.php?rest_route=%2Fwp%2Fv2%2Fproduct_cat&post=2906"},{"taxonomy":"product_tag","embeddable":true,"href":"https:\/\/lacigue\u00f1abebe.com\/index.php?rest_route=%2Fwp%2Fv2%2Fproduct_tag&post=2906"}],"curies":[{"name":"wp","href":"https:\/\/api.w.org\/{rel}","templated":true}]}}