{"id":2901,"date":"2023-10-26T12:56:59","date_gmt":"2023-10-26T10:56:59","guid":{"rendered":"https:\/\/xn--lacigueabebe-ghb.com\/?post_type=product&#038;p=2901"},"modified":"2023-10-26T12:57:00","modified_gmt":"2023-10-26T10:57:00","slug":"portadocumentos-abril-crepe-rosa","status":"publish","type":"product","link":"https:\/\/lacigue\u00f1abebe.com\/?product=portadocumentos-abril-crepe-rosa","title":{"rendered":"PORTADOCUMENTOS ABRIL CREPE (rosa)"},"content":{"rendered":"<p>El Porta documentos de Cambrass est\u00e1 dise\u00f1ado para guardar y transportar la documentaci\u00f3n del beb\u00e9. Fabricado en Espa\u00f1a. Por Cambrass.<\/p>\n<p>Medidas:<\/p>\n<p>3X19X27 CM<\/p>\n","protected":false},"excerpt":{"rendered":"<p>El Porta documentos de Cambrass est\u00e1 dise\u00f1ado para guardar y transportar la documentaci\u00f3n del beb\u00e9, especialmente la de car\u00e1cter sanitario. La parte interior incluye diferentes compartimentos para organizar la documentaci\u00f3n. Adem\u00e1s, por su tama\u00f1o es f\u00e1cil de guardar dentro del bolso maternal.<\/p>\n","protected":false},"featured_media":2876,"template":"","meta":[],"product_cat":[27],"product_tag":[],"class_list":{"0":"post-2901","1":"product","2":"type-product","3":"status-publish","4":"has-post-thumbnail","6":"product_cat-sin-categorizar","8":"first","9":"instock","10":"shipping-taxable","11":"purchasable","12":"product-type-simple"},"yoast_head":"<!-- This site is optimized with the Yoast SEO plugin v22.1 - https:\/\/yoast.com\/wordpress\/plugins\/seo\/ -->\n<title>PORTADOCUMENTOS ABRIL CREPE (rosa) - LA CIG\u00dcE\u00d1A - Tienda de moda y accesorios para tu bebe<\/title>\n<meta name=\"robots\" content=\"index, follow, max-snippet:-1, max-image-preview:large, max-video-preview:-1\" \/>\n<link rel=\"canonical\" href=\"https:\/\/lacigue\u00f1abebe.com\/?product=portadocumentos-abril-crepe-rosa\" \/>\n<meta property=\"og:locale\" content=\"es_ES\" \/>\n<meta property=\"og:type\" content=\"article\" \/>\n<meta property=\"og:title\" content=\"PORTADOCUMENTOS ABRIL CREPE (rosa) - LA CIG\u00dcE\u00d1A - Tienda de moda y accesorios para tu bebe\" \/>\n<meta property=\"og:description\" content=\"El Porta documentos de Cambrass est\u00e1 dise\u00f1ado para guardar y transportar la documentaci\u00f3n del beb\u00e9, especialmente la de car\u00e1cter sanitario. La parte interior incluye diferentes compartimentos para organizar la documentaci\u00f3n. Adem\u00e1s, por su tama\u00f1o es f\u00e1cil de guardar dentro del bolso maternal.\" \/>\n<meta property=\"og:url\" content=\"https:\/\/lacigue\u00f1abebe.com\/?product=portadocumentos-abril-crepe-rosa\" \/>\n<meta property=\"og:site_name\" content=\"LA CIG\u00dcE\u00d1A - Tienda de moda y accesorios para tu bebe\" \/>\n<meta property=\"article:modified_time\" content=\"2023-10-26T10:57:00+00:00\" \/>\n<meta property=\"og:image\" content=\"https:\/\/lacigue\u00f1abebe.com\/wp-content\/uploads\/2023\/10\/936CF003-0B6A-4399-8778-EB9A5229CAC2.png\" \/>\n\t<meta property=\"og:image:width\" content=\"800\" \/>\n\t<meta property=\"og:image:height\" content=\"1000\" \/>\n\t<meta property=\"og:image:type\" content=\"image\/png\" \/>\n<meta name=\"twitter:card\" content=\"summary_large_image\" \/>\n<script type=\"application\/ld+json\" class=\"yoast-schema-graph\">{\"@context\":\"https:\/\/schema.org\",\"@graph\":[{\"@type\":\"WebPage\",\"@id\":\"https:\/\/lacigue\u00f1abebe.com\/?product=portadocumentos-abril-crepe-rosa\",\"url\":\"https:\/\/lacigue\u00f1abebe.com\/?product=portadocumentos-abril-crepe-rosa\",\"name\":\"PORTADOCUMENTOS ABRIL CREPE (rosa) - LA CIG\u00dcE\u00d1A - Tienda de moda y accesorios para tu bebe\",\"isPartOf\":{\"@id\":\"https:\/\/lacigue\u00f1abebe.com\/#website\"},\"datePublished\":\"2023-10-26T10:56:59+00:00\",\"dateModified\":\"2023-10-26T10:57:00+00:00\",\"breadcrumb\":{\"@id\":\"https:\/\/lacigue\u00f1abebe.com\/?product=portadocumentos-abril-crepe-rosa#breadcrumb\"},\"inLanguage\":\"es\",\"potentialAction\":[{\"@type\":\"ReadAction\",\"target\":[\"https:\/\/lacigue\u00f1abebe.com\/?product=portadocumentos-abril-crepe-rosa\"]}]},{\"@type\":\"BreadcrumbList\",\"@id\":\"https:\/\/lacigue\u00f1abebe.com\/?product=portadocumentos-abril-crepe-rosa#breadcrumb\",\"itemListElement\":[{\"@type\":\"ListItem\",\"position\":1,\"name\":\"Portada\",\"item\":\"https:\/\/lacigue\u00f1abebe.com\/\"},{\"@type\":\"ListItem\",\"position\":2,\"name\":\"Shop\",\"item\":\"https:\/\/lacigue\u00f1abebe.com\/?page_id=2432\"},{\"@type\":\"ListItem\",\"position\":3,\"name\":\"PORTADOCUMENTOS ABRIL CREPE (rosa)\"}]},{\"@type\":\"WebSite\",\"@id\":\"https:\/\/lacigue\u00f1abebe.com\/#website\",\"url\":\"https:\/\/lacigue\u00f1abebe.com\/\",\"name\":\"LA CIG\u00dcE\u00d1A - Tienda de moda y accesorios para tu bebe\",\"description\":\"Tienda de moda y accesorios para tu bebe \",\"publisher\":{\"@id\":\"https:\/\/lacigue\u00f1abebe.com\/#organization\"},\"potentialAction\":[{\"@type\":\"SearchAction\",\"target\":{\"@type\":\"EntryPoint\",\"urlTemplate\":\"https:\/\/lacigue\u00f1abebe.com\/?s={search_term_string}\"},\"query-input\":\"required name=search_term_string\"}],\"inLanguage\":\"es\"},{\"@type\":\"Organization\",\"@id\":\"https:\/\/lacigue\u00f1abebe.com\/#organization\",\"name\":\"LA CIG\u00dcE\u00d1A - Tienda de moda y accesorios para tu bebe\",\"url\":\"https:\/\/lacigue\u00f1abebe.com\/\",\"logo\":{\"@type\":\"ImageObject\",\"inLanguage\":\"es\",\"@id\":\"https:\/\/lacigue\u00f1abebe.com\/#\/schema\/logo\/image\/\",\"url\":\"https:\/\/lacigue\u00f1abebe.com\/wp-content\/uploads\/2023\/10\/cropped-cropped-WhatsApp_Image_2023-10-15_at_21.20.59-removebg-preview-1.png\",\"contentUrl\":\"https:\/\/lacigue\u00f1abebe.com\/wp-content\/uploads\/2023\/10\/cropped-cropped-WhatsApp_Image_2023-10-15_at_21.20.59-removebg-preview-1.png\",\"width\":512,\"height\":123,\"caption\":\"LA CIG\u00dcE\u00d1A - Tienda de moda y accesorios para tu bebe\"},\"image\":{\"@id\":\"https:\/\/lacigue\u00f1abebe.com\/#\/schema\/logo\/image\/\"}}]}<\/script>\n<!-- \/ Yoast SEO plugin. -->","yoast_head_json":{"title":"PORTADOCUMENTOS ABRIL CREPE (rosa) - LA CIG\u00dcE\u00d1A - Tienda de moda y accesorios para tu bebe","robots":{"index":"index","follow":"follow","max-snippet":"max-snippet:-1","max-image-preview":"max-image-preview:large","max-video-preview":"max-video-preview:-1"},"canonical":"https:\/\/lacigue\u00f1abebe.com\/?product=portadocumentos-abril-crepe-rosa","og_locale":"es_ES","og_type":"article","og_title":"PORTADOCUMENTOS ABRIL CREPE (rosa) - LA CIG\u00dcE\u00d1A - Tienda de moda y accesorios para tu bebe","og_description":"El Porta documentos de Cambrass est\u00e1 dise\u00f1ado para guardar y transportar la documentaci\u00f3n del beb\u00e9, especialmente la de car\u00e1cter sanitario. La parte interior incluye diferentes compartimentos para organizar la documentaci\u00f3n. Adem\u00e1s, por su tama\u00f1o es f\u00e1cil de guardar dentro del bolso maternal.","og_url":"https:\/\/lacigue\u00f1abebe.com\/?product=portadocumentos-abril-crepe-rosa","og_site_name":"LA CIG\u00dcE\u00d1A - Tienda de moda y accesorios para tu bebe","article_modified_time":"2023-10-26T10:57:00+00:00","og_image":[{"width":800,"height":1000,"url":"https:\/\/lacigue\u00f1abebe.com\/wp-content\/uploads\/2023\/10\/936CF003-0B6A-4399-8778-EB9A5229CAC2.png","type":"image\/png"}],"twitter_card":"summary_large_image","schema":{"@context":"https:\/\/schema.org","@graph":[{"@type":"WebPage","@id":"https:\/\/lacigue\u00f1abebe.com\/?product=portadocumentos-abril-crepe-rosa","url":"https:\/\/lacigue\u00f1abebe.com\/?product=portadocumentos-abril-crepe-rosa","name":"PORTADOCUMENTOS ABRIL CREPE (rosa) - LA CIG\u00dcE\u00d1A - Tienda de moda y accesorios para tu bebe","isPartOf":{"@id":"https:\/\/lacigue\u00f1abebe.com\/#website"},"datePublished":"2023-10-26T10:56:59+00:00","dateModified":"2023-10-26T10:57:00+00:00","breadcrumb":{"@id":"https:\/\/lacigue\u00f1abebe.com\/?product=portadocumentos-abril-crepe-rosa#breadcrumb"},"inLanguage":"es","potentialAction":[{"@type":"ReadAction","target":["https:\/\/lacigue\u00f1abebe.com\/?product=portadocumentos-abril-crepe-rosa"]}]},{"@type":"BreadcrumbList","@id":"https:\/\/lacigue\u00f1abebe.com\/?product=portadocumentos-abril-crepe-rosa#breadcrumb","itemListElement":[{"@type":"ListItem","position":1,"name":"Portada","item":"https:\/\/lacigue\u00f1abebe.com\/"},{"@type":"ListItem","position":2,"name":"Shop","item":"https:\/\/lacigue\u00f1abebe.com\/?page_id=2432"},{"@type":"ListItem","position":3,"name":"PORTADOCUMENTOS ABRIL CREPE (rosa)"}]},{"@type":"WebSite","@id":"https:\/\/lacigue\u00f1abebe.com\/#website","url":"https:\/\/lacigue\u00f1abebe.com\/","name":"LA CIG\u00dcE\u00d1A - Tienda de moda y accesorios para tu bebe","description":"Tienda de moda y accesorios para tu bebe ","publisher":{"@id":"https:\/\/lacigue\u00f1abebe.com\/#organization"},"potentialAction":[{"@type":"SearchAction","target":{"@type":"EntryPoint","urlTemplate":"https:\/\/lacigue\u00f1abebe.com\/?s={search_term_string}"},"query-input":"required name=search_term_string"}],"inLanguage":"es"},{"@type":"Organization","@id":"https:\/\/lacigue\u00f1abebe.com\/#organization","name":"LA CIG\u00dcE\u00d1A - Tienda de moda y accesorios para tu bebe","url":"https:\/\/lacigue\u00f1abebe.com\/","logo":{"@type":"ImageObject","inLanguage":"es","@id":"https:\/\/lacigue\u00f1abebe.com\/#\/schema\/logo\/image\/","url":"https:\/\/lacigue\u00f1abebe.com\/wp-content\/uploads\/2023\/10\/cropped-cropped-WhatsApp_Image_2023-10-15_at_21.20.59-removebg-preview-1.png","contentUrl":"https:\/\/lacigue\u00f1abebe.com\/wp-content\/uploads\/2023\/10\/cropped-cropped-WhatsApp_Image_2023-10-15_at_21.20.59-removebg-preview-1.png","width":512,"height":123,"caption":"LA CIG\u00dcE\u00d1A - Tienda de moda y accesorios para tu bebe"},"image":{"@id":"https:\/\/lacigue\u00f1abebe.com\/#\/schema\/logo\/image\/"}}]}},"_links":{"self":[{"href":"https:\/\/lacigue\u00f1abebe.com\/index.php?rest_route=\/wp\/v2\/product\/2901","targetHints":{"allow":["GET"]}}],"collection":[{"href":"https:\/\/lacigue\u00f1abebe.com\/index.php?rest_route=\/wp\/v2\/product"}],"about":[{"href":"https:\/\/lacigue\u00f1abebe.com\/index.php?rest_route=\/wp\/v2\/types\/product"}],"version-history":[{"count":1,"href":"https:\/\/lacigue\u00f1abebe.com\/index.php?rest_route=\/wp\/v2\/product\/2901\/revisions"}],"predecessor-version":[{"id":2902,"href":"https:\/\/lacigue\u00f1abebe.com\/index.php?rest_route=\/wp\/v2\/product\/2901\/revisions\/2902"}],"wp:featuredmedia":[{"embeddable":true,"href":"https:\/\/lacigue\u00f1abebe.com\/index.php?rest_route=\/wp\/v2\/media\/2876"}],"wp:attachment":[{"href":"https:\/\/lacigue\u00f1abebe.com\/index.php?rest_route=%2Fwp%2Fv2%2Fmedia&parent=2901"}],"wp:term":[{"taxonomy":"product_cat","embeddable":true,"href":"https:\/\/lacigue\u00f1abebe.com\/index.php?rest_route=%2Fwp%2Fv2%2Fproduct_cat&post=2901"},{"taxonomy":"product_tag","embeddable":true,"href":"https:\/\/lacigue\u00f1abebe.com\/index.php?rest_route=%2Fwp%2Fv2%2Fproduct_tag&post=2901"}],"curies":[{"name":"wp","href":"https:\/\/api.w.org\/{rel}","templated":true}]}}