{"id":2887,"date":"2023-10-26T12:27:25","date_gmt":"2023-10-26T10:27:25","guid":{"rendered":"https:\/\/xn--lacigueabebe-ghb.com\/?post_type=product&#038;p=2887"},"modified":"2023-10-26T12:27:26","modified_gmt":"2023-10-26T10:27:26","slug":"trona-avant-estrelas","status":"publish","type":"product","link":"https:\/\/lacigue\u00f1abebe.com\/?product=trona-avant-estrelas","title":{"rendered":"TRONA AVANT ESTRELAS"},"content":{"rendered":"<p>Con el bolso convertible en trona Avant podr\u00e1s desplazarte a cualquier lugar sin la preocupaci\u00f3n de no saber d\u00f3nde se sentar\u00e1 tu beb\u00e9. El bolso Avant dispone de un compartimento interior sin divisiones para aprovechar al m\u00e1ximo el espacio. \u00a1Adem\u00e1s, la sillita cuenta con los laterales reforzados!<\/p>\n","protected":false},"excerpt":{"rendered":"<p>Con el bolso convertible en trona Avant podr\u00e1s desplazarte a cualquier lugar sin la preocupaci\u00f3n de no saber d\u00f3nde se sentar\u00e1 tu beb\u00e9. El bolso Avant<span class=\"excerpt-hellip\"> [\u2026]<\/span><\/p>\n","protected":false},"featured_media":2864,"template":"","meta":[],"product_cat":[42,40,41],"product_tag":[175,173,172,174],"class_list":{"0":"post-2887","1":"product","2":"type-product","3":"status-publish","4":"has-post-thumbnail","6":"product_cat-accesorios-para-alimentacion-bebe","7":"product_cat-alimentacion","8":"product_cat-tronas","9":"product_tag-trona-avant","10":"product_tag-trona-bolso","11":"product_tag-trona-de-viaje","12":"product_tag-trona-jane","14":"first","15":"instock","16":"shipping-taxable","17":"purchasable","18":"product-type-simple"},"yoast_head":"<!-- This site is optimized with the Yoast SEO plugin v22.1 - https:\/\/yoast.com\/wordpress\/plugins\/seo\/ -->\n<title>TRONA AVANT ESTRELAS - LA CIG\u00dcE\u00d1A - Tienda de moda y accesorios para tu bebe<\/title>\n<meta name=\"robots\" content=\"index, follow, max-snippet:-1, max-image-preview:large, max-video-preview:-1\" \/>\n<link rel=\"canonical\" href=\"https:\/\/lacigue\u00f1abebe.com\/?product=trona-avant-estrelas\" \/>\n<meta property=\"og:locale\" content=\"es_ES\" \/>\n<meta property=\"og:type\" content=\"article\" \/>\n<meta property=\"og:title\" content=\"TRONA AVANT ESTRELAS - LA CIG\u00dcE\u00d1A - Tienda de moda y accesorios para tu bebe\" \/>\n<meta property=\"og:description\" content=\"Con el bolso convertible en trona Avant podr\u00e1s desplazarte a cualquier lugar sin la preocupaci\u00f3n de no saber d\u00f3nde se sentar\u00e1 tu beb\u00e9. El bolso Avant [\u2026]\" \/>\n<meta property=\"og:url\" content=\"https:\/\/lacigue\u00f1abebe.com\/?product=trona-avant-estrelas\" \/>\n<meta property=\"og:site_name\" content=\"LA CIG\u00dcE\u00d1A - Tienda de moda y accesorios para tu bebe\" \/>\n<meta property=\"article:modified_time\" content=\"2023-10-26T10:27:26+00:00\" \/>\n<meta property=\"og:image\" content=\"https:\/\/lacigue\u00f1abebe.com\/wp-content\/uploads\/2023\/10\/6E1A3911-551C-4EEF-B638-832F1F788B30.png\" \/>\n\t<meta property=\"og:image:width\" content=\"800\" \/>\n\t<meta property=\"og:image:height\" content=\"1000\" \/>\n\t<meta property=\"og:image:type\" content=\"image\/png\" \/>\n<meta name=\"twitter:card\" content=\"summary_large_image\" \/>\n<script type=\"application\/ld+json\" class=\"yoast-schema-graph\">{\"@context\":\"https:\/\/schema.org\",\"@graph\":[{\"@type\":\"WebPage\",\"@id\":\"https:\/\/lacigue\u00f1abebe.com\/?product=trona-avant-estrelas\",\"url\":\"https:\/\/lacigue\u00f1abebe.com\/?product=trona-avant-estrelas\",\"name\":\"TRONA AVANT ESTRELAS - LA CIG\u00dcE\u00d1A - Tienda de moda y accesorios para tu bebe\",\"isPartOf\":{\"@id\":\"https:\/\/lacigue\u00f1abebe.com\/#website\"},\"datePublished\":\"2023-10-26T10:27:25+00:00\",\"dateModified\":\"2023-10-26T10:27:26+00:00\",\"breadcrumb\":{\"@id\":\"https:\/\/lacigue\u00f1abebe.com\/?product=trona-avant-estrelas#breadcrumb\"},\"inLanguage\":\"es\",\"potentialAction\":[{\"@type\":\"ReadAction\",\"target\":[\"https:\/\/lacigue\u00f1abebe.com\/?product=trona-avant-estrelas\"]}]},{\"@type\":\"BreadcrumbList\",\"@id\":\"https:\/\/lacigue\u00f1abebe.com\/?product=trona-avant-estrelas#breadcrumb\",\"itemListElement\":[{\"@type\":\"ListItem\",\"position\":1,\"name\":\"Portada\",\"item\":\"https:\/\/lacigue\u00f1abebe.com\/\"},{\"@type\":\"ListItem\",\"position\":2,\"name\":\"Shop\",\"item\":\"https:\/\/lacigue\u00f1abebe.com\/?page_id=2432\"},{\"@type\":\"ListItem\",\"position\":3,\"name\":\"TRONA AVANT ESTRELAS\"}]},{\"@type\":\"WebSite\",\"@id\":\"https:\/\/lacigue\u00f1abebe.com\/#website\",\"url\":\"https:\/\/lacigue\u00f1abebe.com\/\",\"name\":\"LA CIG\u00dcE\u00d1A - Tienda de moda y accesorios para tu bebe\",\"description\":\"Tienda de moda y accesorios para tu bebe \",\"publisher\":{\"@id\":\"https:\/\/lacigue\u00f1abebe.com\/#organization\"},\"potentialAction\":[{\"@type\":\"SearchAction\",\"target\":{\"@type\":\"EntryPoint\",\"urlTemplate\":\"https:\/\/lacigue\u00f1abebe.com\/?s={search_term_string}\"},\"query-input\":\"required name=search_term_string\"}],\"inLanguage\":\"es\"},{\"@type\":\"Organization\",\"@id\":\"https:\/\/lacigue\u00f1abebe.com\/#organization\",\"name\":\"LA CIG\u00dcE\u00d1A - Tienda de moda y accesorios para tu bebe\",\"url\":\"https:\/\/lacigue\u00f1abebe.com\/\",\"logo\":{\"@type\":\"ImageObject\",\"inLanguage\":\"es\",\"@id\":\"https:\/\/lacigue\u00f1abebe.com\/#\/schema\/logo\/image\/\",\"url\":\"https:\/\/lacigue\u00f1abebe.com\/wp-content\/uploads\/2023\/10\/cropped-cropped-WhatsApp_Image_2023-10-15_at_21.20.59-removebg-preview-1.png\",\"contentUrl\":\"https:\/\/lacigue\u00f1abebe.com\/wp-content\/uploads\/2023\/10\/cropped-cropped-WhatsApp_Image_2023-10-15_at_21.20.59-removebg-preview-1.png\",\"width\":512,\"height\":123,\"caption\":\"LA CIG\u00dcE\u00d1A - Tienda de moda y accesorios para tu bebe\"},\"image\":{\"@id\":\"https:\/\/lacigue\u00f1abebe.com\/#\/schema\/logo\/image\/\"}}]}<\/script>\n<!-- \/ Yoast SEO plugin. -->","yoast_head_json":{"title":"TRONA AVANT ESTRELAS - LA CIG\u00dcE\u00d1A - Tienda de moda y accesorios para tu bebe","robots":{"index":"index","follow":"follow","max-snippet":"max-snippet:-1","max-image-preview":"max-image-preview:large","max-video-preview":"max-video-preview:-1"},"canonical":"https:\/\/lacigue\u00f1abebe.com\/?product=trona-avant-estrelas","og_locale":"es_ES","og_type":"article","og_title":"TRONA AVANT ESTRELAS - LA CIG\u00dcE\u00d1A - Tienda de moda y accesorios para tu bebe","og_description":"Con el bolso convertible en trona Avant podr\u00e1s desplazarte a cualquier lugar sin la preocupaci\u00f3n de no saber d\u00f3nde se sentar\u00e1 tu beb\u00e9. El bolso Avant [\u2026]","og_url":"https:\/\/lacigue\u00f1abebe.com\/?product=trona-avant-estrelas","og_site_name":"LA CIG\u00dcE\u00d1A - Tienda de moda y accesorios para tu bebe","article_modified_time":"2023-10-26T10:27:26+00:00","og_image":[{"width":800,"height":1000,"url":"https:\/\/lacigue\u00f1abebe.com\/wp-content\/uploads\/2023\/10\/6E1A3911-551C-4EEF-B638-832F1F788B30.png","type":"image\/png"}],"twitter_card":"summary_large_image","schema":{"@context":"https:\/\/schema.org","@graph":[{"@type":"WebPage","@id":"https:\/\/lacigue\u00f1abebe.com\/?product=trona-avant-estrelas","url":"https:\/\/lacigue\u00f1abebe.com\/?product=trona-avant-estrelas","name":"TRONA AVANT ESTRELAS - LA CIG\u00dcE\u00d1A - Tienda de moda y accesorios para tu bebe","isPartOf":{"@id":"https:\/\/lacigue\u00f1abebe.com\/#website"},"datePublished":"2023-10-26T10:27:25+00:00","dateModified":"2023-10-26T10:27:26+00:00","breadcrumb":{"@id":"https:\/\/lacigue\u00f1abebe.com\/?product=trona-avant-estrelas#breadcrumb"},"inLanguage":"es","potentialAction":[{"@type":"ReadAction","target":["https:\/\/lacigue\u00f1abebe.com\/?product=trona-avant-estrelas"]}]},{"@type":"BreadcrumbList","@id":"https:\/\/lacigue\u00f1abebe.com\/?product=trona-avant-estrelas#breadcrumb","itemListElement":[{"@type":"ListItem","position":1,"name":"Portada","item":"https:\/\/lacigue\u00f1abebe.com\/"},{"@type":"ListItem","position":2,"name":"Shop","item":"https:\/\/lacigue\u00f1abebe.com\/?page_id=2432"},{"@type":"ListItem","position":3,"name":"TRONA AVANT ESTRELAS"}]},{"@type":"WebSite","@id":"https:\/\/lacigue\u00f1abebe.com\/#website","url":"https:\/\/lacigue\u00f1abebe.com\/","name":"LA CIG\u00dcE\u00d1A - Tienda de moda y accesorios para tu bebe","description":"Tienda de moda y accesorios para tu bebe ","publisher":{"@id":"https:\/\/lacigue\u00f1abebe.com\/#organization"},"potentialAction":[{"@type":"SearchAction","target":{"@type":"EntryPoint","urlTemplate":"https:\/\/lacigue\u00f1abebe.com\/?s={search_term_string}"},"query-input":"required name=search_term_string"}],"inLanguage":"es"},{"@type":"Organization","@id":"https:\/\/lacigue\u00f1abebe.com\/#organization","name":"LA CIG\u00dcE\u00d1A - Tienda de moda y accesorios para tu bebe","url":"https:\/\/lacigue\u00f1abebe.com\/","logo":{"@type":"ImageObject","inLanguage":"es","@id":"https:\/\/lacigue\u00f1abebe.com\/#\/schema\/logo\/image\/","url":"https:\/\/lacigue\u00f1abebe.com\/wp-content\/uploads\/2023\/10\/cropped-cropped-WhatsApp_Image_2023-10-15_at_21.20.59-removebg-preview-1.png","contentUrl":"https:\/\/lacigue\u00f1abebe.com\/wp-content\/uploads\/2023\/10\/cropped-cropped-WhatsApp_Image_2023-10-15_at_21.20.59-removebg-preview-1.png","width":512,"height":123,"caption":"LA CIG\u00dcE\u00d1A - Tienda de moda y accesorios para tu bebe"},"image":{"@id":"https:\/\/lacigue\u00f1abebe.com\/#\/schema\/logo\/image\/"}}]}},"_links":{"self":[{"href":"https:\/\/lacigue\u00f1abebe.com\/index.php?rest_route=\/wp\/v2\/product\/2887","targetHints":{"allow":["GET"]}}],"collection":[{"href":"https:\/\/lacigue\u00f1abebe.com\/index.php?rest_route=\/wp\/v2\/product"}],"about":[{"href":"https:\/\/lacigue\u00f1abebe.com\/index.php?rest_route=\/wp\/v2\/types\/product"}],"version-history":[{"count":1,"href":"https:\/\/lacigue\u00f1abebe.com\/index.php?rest_route=\/wp\/v2\/product\/2887\/revisions"}],"predecessor-version":[{"id":2888,"href":"https:\/\/lacigue\u00f1abebe.com\/index.php?rest_route=\/wp\/v2\/product\/2887\/revisions\/2888"}],"wp:featuredmedia":[{"embeddable":true,"href":"https:\/\/lacigue\u00f1abebe.com\/index.php?rest_route=\/wp\/v2\/media\/2864"}],"wp:attachment":[{"href":"https:\/\/lacigue\u00f1abebe.com\/index.php?rest_route=%2Fwp%2Fv2%2Fmedia&parent=2887"}],"wp:term":[{"taxonomy":"product_cat","embeddable":true,"href":"https:\/\/lacigue\u00f1abebe.com\/index.php?rest_route=%2Fwp%2Fv2%2Fproduct_cat&post=2887"},{"taxonomy":"product_tag","embeddable":true,"href":"https:\/\/lacigue\u00f1abebe.com\/index.php?rest_route=%2Fwp%2Fv2%2Fproduct_tag&post=2887"}],"curies":[{"name":"wp","href":"https:\/\/api.w.org\/{rel}","templated":true}]}}