{"id":2824,"date":"2023-10-25T18:18:19","date_gmt":"2023-10-25T16:18:19","guid":{"rendered":"https:\/\/xn--lacigueabebe-ghb.com\/?post_type=product&#038;p=2824"},"modified":"2023-10-25T18:19:06","modified_gmt":"2023-10-25T16:19:06","slug":"neceser-bebe","status":"publish","type":"product","link":"https:\/\/lacigue\u00f1abebe.com\/?product=neceser-bebe","title":{"rendered":"Neceser Beb\u00e9"},"content":{"rendered":"<p>Neceser de viaje gris B\u00e9aba con accesorios: peine, term\u00f3metro, aspirador nasal para beb\u00e9, corta\u00fa\u00f1as\u2026<\/p>\n","protected":false},"excerpt":{"rendered":"<p>Un completo e ingenioso neceser n\u00f3mada que se puede colgar en cualquier sitio!<\/p>\n<ul>\n<li>Nueve accesorios indispensables para el aseo y cuidados del beb\u00e9 : tem\u00f3metro de ba\u00f1o, term\u00f3metro digital, tijeras, corta-u\u00f1as, cepillo para el pelo, mordedor, aliviador encias, aspirador nasal manual, lima de u\u00f1as<\/li>\n<li>Multi-apartados integrados, optimiza ordenar los accesorios: compartimentos el\u00e1sticos, 2 bolsillos con zip en el interior y 1 bolsillo en el dorso<\/li>\n<li>Gancho giratorio integrado : para poder colgar el neceser en cualquier sitio<\/li>\n<li>Ingenioso: gracias a su asa y a su tama\u00f1o compacto, se puede llevar a todas partes<\/li>\n<li>Pr\u00e1ctica: gracias a su apertura completa con doble cremallera<\/li>\n<li>Evolutiva: acompa\u00f1a al beb\u00e9 desde el nacimiento hasta el aprendizaje del uso del inodoro<\/li>\n<li>Composici\u00f3n : tejido 100 poli\u00e9ster<\/li>\n<\/ul>\n","protected":false},"featured_media":2836,"template":"","meta":[],"product_cat":[58,56,103],"product_tag":[163,165,162,164],"class_list":{"0":"post-2824","1":"product","2":"type-product","3":"status-publish","4":"has-post-thumbnail","6":"product_cat-accesorios-higiene","7":"product_cat-bano-e-higiene","8":"product_cat-otros","9":"product_tag-bolsa-de-aseo-bebe","10":"product_tag-canastilla","11":"product_tag-kit-de-higiene-bebe","12":"product_tag-nacimiento","14":"first","15":"instock","16":"shipping-taxable","17":"purchasable","18":"product-type-simple"},"yoast_head":"<!-- This site is optimized with the Yoast SEO plugin v22.1 - https:\/\/yoast.com\/wordpress\/plugins\/seo\/ -->\n<title>Neceser Beb\u00e9 - LA CIG\u00dcE\u00d1A - Tienda de moda y accesorios para tu bebe<\/title>\n<meta name=\"robots\" content=\"index, follow, max-snippet:-1, max-image-preview:large, max-video-preview:-1\" \/>\n<link rel=\"canonical\" href=\"https:\/\/lacigue\u00f1abebe.com\/?product=neceser-bebe\" \/>\n<meta property=\"og:locale\" content=\"es_ES\" \/>\n<meta property=\"og:type\" content=\"article\" \/>\n<meta property=\"og:title\" content=\"Neceser Beb\u00e9 - LA CIG\u00dcE\u00d1A - Tienda de moda y accesorios para tu bebe\" \/>\n<meta property=\"og:description\" content=\"Un completo e ingenioso neceser n\u00f3mada que se puede colgar en cualquier sitio!   Nueve accesorios indispensables para el aseo y cuidados del beb\u00e9 : tem\u00f3metro de ba\u00f1o, term\u00f3metro digital, tijeras, corta-u\u00f1as, cepillo para el pelo, mordedor, aliviador encias, aspirador nasal manual, lima de u\u00f1as  Multi-apartados integrados, optimiza ordenar los accesorios: compartimentos el\u00e1sticos, 2 bolsillos con zip en el interior y 1 bolsillo en el dorso  Gancho giratorio integrado : para poder colgar el neceser en cualquier sitio  Ingenioso: gracias a su asa y a su tama\u00f1o compacto, se puede llevar a todas partes  Pr\u00e1ctica: gracias a su apertura completa con doble cremallera  Evolutiva: acompa\u00f1a al beb\u00e9 desde el nacimiento hasta el aprendizaje del uso del inodoro  Composici\u00f3n : tejido 100 poli\u00e9ster\" \/>\n<meta property=\"og:url\" content=\"https:\/\/lacigue\u00f1abebe.com\/?product=neceser-bebe\" \/>\n<meta property=\"og:site_name\" content=\"LA CIG\u00dcE\u00d1A - Tienda de moda y accesorios para tu bebe\" \/>\n<meta property=\"article:modified_time\" content=\"2023-10-25T16:19:06+00:00\" \/>\n<meta property=\"og:image\" content=\"https:\/\/lacigue\u00f1abebe.com\/wp-content\/uploads\/2023\/10\/575D626F-7D04-47B8-B025-4DA626FCB55A.png\" \/>\n\t<meta property=\"og:image:width\" content=\"800\" \/>\n\t<meta property=\"og:image:height\" content=\"1000\" \/>\n\t<meta property=\"og:image:type\" content=\"image\/png\" \/>\n<meta name=\"twitter:card\" content=\"summary_large_image\" \/>\n<script type=\"application\/ld+json\" class=\"yoast-schema-graph\">{\"@context\":\"https:\/\/schema.org\",\"@graph\":[{\"@type\":\"WebPage\",\"@id\":\"https:\/\/lacigue\u00f1abebe.com\/?product=neceser-bebe\",\"url\":\"https:\/\/lacigue\u00f1abebe.com\/?product=neceser-bebe\",\"name\":\"Neceser Beb\u00e9 - LA CIG\u00dcE\u00d1A - Tienda de moda y accesorios para tu bebe\",\"isPartOf\":{\"@id\":\"https:\/\/lacigue\u00f1abebe.com\/#website\"},\"datePublished\":\"2023-10-25T16:18:19+00:00\",\"dateModified\":\"2023-10-25T16:19:06+00:00\",\"breadcrumb\":{\"@id\":\"https:\/\/lacigue\u00f1abebe.com\/?product=neceser-bebe#breadcrumb\"},\"inLanguage\":\"es\",\"potentialAction\":[{\"@type\":\"ReadAction\",\"target\":[\"https:\/\/lacigue\u00f1abebe.com\/?product=neceser-bebe\"]}]},{\"@type\":\"BreadcrumbList\",\"@id\":\"https:\/\/lacigue\u00f1abebe.com\/?product=neceser-bebe#breadcrumb\",\"itemListElement\":[{\"@type\":\"ListItem\",\"position\":1,\"name\":\"Portada\",\"item\":\"https:\/\/lacigue\u00f1abebe.com\/\"},{\"@type\":\"ListItem\",\"position\":2,\"name\":\"Shop\",\"item\":\"https:\/\/lacigue\u00f1abebe.com\/?page_id=2432\"},{\"@type\":\"ListItem\",\"position\":3,\"name\":\"Neceser Beb\u00e9\"}]},{\"@type\":\"WebSite\",\"@id\":\"https:\/\/lacigue\u00f1abebe.com\/#website\",\"url\":\"https:\/\/lacigue\u00f1abebe.com\/\",\"name\":\"LA CIG\u00dcE\u00d1A - Tienda de moda y accesorios para tu bebe\",\"description\":\"Tienda de moda y accesorios para tu bebe \",\"publisher\":{\"@id\":\"https:\/\/lacigue\u00f1abebe.com\/#organization\"},\"potentialAction\":[{\"@type\":\"SearchAction\",\"target\":{\"@type\":\"EntryPoint\",\"urlTemplate\":\"https:\/\/lacigue\u00f1abebe.com\/?s={search_term_string}\"},\"query-input\":\"required name=search_term_string\"}],\"inLanguage\":\"es\"},{\"@type\":\"Organization\",\"@id\":\"https:\/\/lacigue\u00f1abebe.com\/#organization\",\"name\":\"LA CIG\u00dcE\u00d1A - Tienda de moda y accesorios para tu bebe\",\"url\":\"https:\/\/lacigue\u00f1abebe.com\/\",\"logo\":{\"@type\":\"ImageObject\",\"inLanguage\":\"es\",\"@id\":\"https:\/\/lacigue\u00f1abebe.com\/#\/schema\/logo\/image\/\",\"url\":\"https:\/\/lacigue\u00f1abebe.com\/wp-content\/uploads\/2023\/10\/cropped-cropped-WhatsApp_Image_2023-10-15_at_21.20.59-removebg-preview-1.png\",\"contentUrl\":\"https:\/\/lacigue\u00f1abebe.com\/wp-content\/uploads\/2023\/10\/cropped-cropped-WhatsApp_Image_2023-10-15_at_21.20.59-removebg-preview-1.png\",\"width\":512,\"height\":123,\"caption\":\"LA CIG\u00dcE\u00d1A - Tienda de moda y accesorios para tu bebe\"},\"image\":{\"@id\":\"https:\/\/lacigue\u00f1abebe.com\/#\/schema\/logo\/image\/\"}}]}<\/script>\n<!-- \/ Yoast SEO plugin. -->","yoast_head_json":{"title":"Neceser Beb\u00e9 - LA CIG\u00dcE\u00d1A - Tienda de moda y accesorios para tu bebe","robots":{"index":"index","follow":"follow","max-snippet":"max-snippet:-1","max-image-preview":"max-image-preview:large","max-video-preview":"max-video-preview:-1"},"canonical":"https:\/\/lacigue\u00f1abebe.com\/?product=neceser-bebe","og_locale":"es_ES","og_type":"article","og_title":"Neceser Beb\u00e9 - LA CIG\u00dcE\u00d1A - Tienda de moda y accesorios para tu bebe","og_description":"Un completo e ingenioso neceser n\u00f3mada que se puede colgar en cualquier sitio!   Nueve accesorios indispensables para el aseo y cuidados del beb\u00e9 : tem\u00f3metro de ba\u00f1o, term\u00f3metro digital, tijeras, corta-u\u00f1as, cepillo para el pelo, mordedor, aliviador encias, aspirador nasal manual, lima de u\u00f1as  Multi-apartados integrados, optimiza ordenar los accesorios: compartimentos el\u00e1sticos, 2 bolsillos con zip en el interior y 1 bolsillo en el dorso  Gancho giratorio integrado : para poder colgar el neceser en cualquier sitio  Ingenioso: gracias a su asa y a su tama\u00f1o compacto, se puede llevar a todas partes  Pr\u00e1ctica: gracias a su apertura completa con doble cremallera  Evolutiva: acompa\u00f1a al beb\u00e9 desde el nacimiento hasta el aprendizaje del uso del inodoro  Composici\u00f3n : tejido 100 poli\u00e9ster","og_url":"https:\/\/lacigue\u00f1abebe.com\/?product=neceser-bebe","og_site_name":"LA CIG\u00dcE\u00d1A - Tienda de moda y accesorios para tu bebe","article_modified_time":"2023-10-25T16:19:06+00:00","og_image":[{"width":800,"height":1000,"url":"https:\/\/lacigue\u00f1abebe.com\/wp-content\/uploads\/2023\/10\/575D626F-7D04-47B8-B025-4DA626FCB55A.png","type":"image\/png"}],"twitter_card":"summary_large_image","schema":{"@context":"https:\/\/schema.org","@graph":[{"@type":"WebPage","@id":"https:\/\/lacigue\u00f1abebe.com\/?product=neceser-bebe","url":"https:\/\/lacigue\u00f1abebe.com\/?product=neceser-bebe","name":"Neceser Beb\u00e9 - LA CIG\u00dcE\u00d1A - Tienda de moda y accesorios para tu bebe","isPartOf":{"@id":"https:\/\/lacigue\u00f1abebe.com\/#website"},"datePublished":"2023-10-25T16:18:19+00:00","dateModified":"2023-10-25T16:19:06+00:00","breadcrumb":{"@id":"https:\/\/lacigue\u00f1abebe.com\/?product=neceser-bebe#breadcrumb"},"inLanguage":"es","potentialAction":[{"@type":"ReadAction","target":["https:\/\/lacigue\u00f1abebe.com\/?product=neceser-bebe"]}]},{"@type":"BreadcrumbList","@id":"https:\/\/lacigue\u00f1abebe.com\/?product=neceser-bebe#breadcrumb","itemListElement":[{"@type":"ListItem","position":1,"name":"Portada","item":"https:\/\/lacigue\u00f1abebe.com\/"},{"@type":"ListItem","position":2,"name":"Shop","item":"https:\/\/lacigue\u00f1abebe.com\/?page_id=2432"},{"@type":"ListItem","position":3,"name":"Neceser Beb\u00e9"}]},{"@type":"WebSite","@id":"https:\/\/lacigue\u00f1abebe.com\/#website","url":"https:\/\/lacigue\u00f1abebe.com\/","name":"LA CIG\u00dcE\u00d1A - Tienda de moda y accesorios para tu bebe","description":"Tienda de moda y accesorios para tu bebe ","publisher":{"@id":"https:\/\/lacigue\u00f1abebe.com\/#organization"},"potentialAction":[{"@type":"SearchAction","target":{"@type":"EntryPoint","urlTemplate":"https:\/\/lacigue\u00f1abebe.com\/?s={search_term_string}"},"query-input":"required name=search_term_string"}],"inLanguage":"es"},{"@type":"Organization","@id":"https:\/\/lacigue\u00f1abebe.com\/#organization","name":"LA CIG\u00dcE\u00d1A - Tienda de moda y accesorios para tu bebe","url":"https:\/\/lacigue\u00f1abebe.com\/","logo":{"@type":"ImageObject","inLanguage":"es","@id":"https:\/\/lacigue\u00f1abebe.com\/#\/schema\/logo\/image\/","url":"https:\/\/lacigue\u00f1abebe.com\/wp-content\/uploads\/2023\/10\/cropped-cropped-WhatsApp_Image_2023-10-15_at_21.20.59-removebg-preview-1.png","contentUrl":"https:\/\/lacigue\u00f1abebe.com\/wp-content\/uploads\/2023\/10\/cropped-cropped-WhatsApp_Image_2023-10-15_at_21.20.59-removebg-preview-1.png","width":512,"height":123,"caption":"LA CIG\u00dcE\u00d1A - Tienda de moda y accesorios para tu bebe"},"image":{"@id":"https:\/\/lacigue\u00f1abebe.com\/#\/schema\/logo\/image\/"}}]}},"_links":{"self":[{"href":"https:\/\/lacigue\u00f1abebe.com\/index.php?rest_route=\/wp\/v2\/product\/2824","targetHints":{"allow":["GET"]}}],"collection":[{"href":"https:\/\/lacigue\u00f1abebe.com\/index.php?rest_route=\/wp\/v2\/product"}],"about":[{"href":"https:\/\/lacigue\u00f1abebe.com\/index.php?rest_route=\/wp\/v2\/types\/product"}],"version-history":[{"count":1,"href":"https:\/\/lacigue\u00f1abebe.com\/index.php?rest_route=\/wp\/v2\/product\/2824\/revisions"}],"predecessor-version":[{"id":2838,"href":"https:\/\/lacigue\u00f1abebe.com\/index.php?rest_route=\/wp\/v2\/product\/2824\/revisions\/2838"}],"wp:featuredmedia":[{"embeddable":true,"href":"https:\/\/lacigue\u00f1abebe.com\/index.php?rest_route=\/wp\/v2\/media\/2836"}],"wp:attachment":[{"href":"https:\/\/lacigue\u00f1abebe.com\/index.php?rest_route=%2Fwp%2Fv2%2Fmedia&parent=2824"}],"wp:term":[{"taxonomy":"product_cat","embeddable":true,"href":"https:\/\/lacigue\u00f1abebe.com\/index.php?rest_route=%2Fwp%2Fv2%2Fproduct_cat&post=2824"},{"taxonomy":"product_tag","embeddable":true,"href":"https:\/\/lacigue\u00f1abebe.com\/index.php?rest_route=%2Fwp%2Fv2%2Fproduct_tag&post=2824"}],"curies":[{"name":"wp","href":"https:\/\/api.w.org\/{rel}","templated":true}]}}