{"id":2815,"date":"2023-10-25T13:20:17","date_gmt":"2023-10-25T11:20:17","guid":{"rendered":"https:\/\/xn--lacigueabebe-ghb.com\/?post_type=product&#038;p=2815"},"modified":"2023-10-25T13:20:18","modified_gmt":"2023-10-25T11:20:18","slug":"transat-updown-plus-sea-salt","status":"publish","type":"product","link":"https:\/\/lacigue\u00f1abebe.com\/?product=transat-updown-plus-sea-salt","title":{"rendered":"TRANSAT UP&#038;DOWN PLUS SEA SALT"},"content":{"rendered":"<p>Sigue siendo Up&amp;Down, \u00a1pero con un gran plus!<\/p>\n<ul>\n<li>Plegable y compacta: funci\u00f3n de plegado integrada para guardarla f\u00e1cilmente debajo de la cama o detr\u00e1s de una puerta. S\u00f3lo mide 18 cm de alto cuando est\u00e1 plegada<\/li>\n<li>Tecnolog\u00eda Up&amp;Down patentada: garantiza un deslizamiento suave para un ajuste seguro de la hamaca<\/li>\n<li>C\u00f3moda: 4 alturas de ajuste en un solo movimiento<\/li>\n<li>3 posiciones de reclinado: se adapta a todas las situaciones<\/li>\n<li>Dise\u00f1o y tendencia: se adapta al hogar de los padres<\/li>\n<li>C\u00f3moda y de alta calidad: permite al beb\u00e9 conocer el mundo que le rodea e interactuar con sus padres con total seguridad<\/li>\n<li>Asiento 100% algod\u00f3n: sin sustancias nocivas<\/li>\n<li>Espuma firme con respuesta: garantiza total comodidad y apoyo para el ni\u00f1o<\/li>\n<li>M\u00e1xima seguridad: arn\u00e9s de 5 puntos f\u00e1cil de usar y adaptable al tama\u00f1o del beb\u00e9<\/li>\n<li>Reductor de nacimiento: ergon\u00f3mico y c\u00f3modo para el reci\u00e9n nacido, proporciona un apoyo \u00f3ptimo, utilizable de 0 a 3 meses<\/li>\n<li>Funda de asiento totalmente extra\u00edble y lavable a m\u00e1quina<\/li>\n<li>Funci\u00f3n antirrocking: permite mecer al ni\u00f1o con total seguridad<\/li>\n<li>Puede utilizarse desde el nacimiento hasta los 9 kg<\/li>\n<li>Accesorio complementario: arco de juego con m\u00faltiples texturas, sonidos y colores, que permite una experiencia sensorial que favorece el desarrollo del ni\u00f1o<\/li>\n<li>Cumple la norma europea EN12790-1:2022 sobre hamacas para beb\u00e9s<\/li>\n<li>Atenci\u00f3n: esta hamaca no sustituye a un mois\u00e9s ni a una cama. Cuando el ni\u00f1o necesite dormir, debe colocarse en un mois\u00e9s o cama adecuados<\/li>\n<\/ul>\n","protected":false},"excerpt":{"rendered":"<p>Hamaca Beaba 4 alturas.<\/p>\n","protected":false},"featured_media":2818,"template":"","meta":[],"product_cat":[41],"product_tag":[],"class_list":{"0":"post-2815","1":"product","2":"type-product","3":"status-publish","4":"has-post-thumbnail","6":"product_cat-tronas","8":"first","9":"instock","10":"shipping-taxable","11":"purchasable","12":"product-type-simple"},"yoast_head":"<!-- This site is optimized with the Yoast SEO plugin v22.1 - https:\/\/yoast.com\/wordpress\/plugins\/seo\/ -->\n<title>TRANSAT UP&amp;DOWN PLUS SEA SALT - LA CIG\u00dcE\u00d1A - Tienda de moda y accesorios para tu bebe<\/title>\n<meta name=\"robots\" content=\"index, follow, max-snippet:-1, max-image-preview:large, max-video-preview:-1\" \/>\n<link rel=\"canonical\" href=\"https:\/\/lacigue\u00f1abebe.com\/?product=transat-updown-plus-sea-salt\" \/>\n<meta property=\"og:locale\" content=\"es_ES\" \/>\n<meta property=\"og:type\" content=\"article\" \/>\n<meta property=\"og:title\" content=\"TRANSAT UP&amp;DOWN PLUS SEA SALT - LA CIG\u00dcE\u00d1A - Tienda de moda y accesorios para tu bebe\" \/>\n<meta property=\"og:description\" content=\"Hamaca Beaba 4 alturas.\" \/>\n<meta property=\"og:url\" content=\"https:\/\/lacigue\u00f1abebe.com\/?product=transat-updown-plus-sea-salt\" \/>\n<meta property=\"og:site_name\" content=\"LA CIG\u00dcE\u00d1A - Tienda de moda y accesorios para tu bebe\" \/>\n<meta property=\"article:modified_time\" content=\"2023-10-25T11:20:18+00:00\" \/>\n<meta property=\"og:image\" content=\"https:\/\/lacigue\u00f1abebe.com\/wp-content\/uploads\/2023\/10\/2E03E10A-0E98-461D-A26C-46FFCB7D0DB2.png\" \/>\n\t<meta property=\"og:image:width\" content=\"800\" \/>\n\t<meta property=\"og:image:height\" content=\"1000\" \/>\n\t<meta property=\"og:image:type\" content=\"image\/png\" \/>\n<meta name=\"twitter:card\" content=\"summary_large_image\" \/>\n<meta name=\"twitter:label1\" content=\"Tiempo de lectura\" \/>\n\t<meta name=\"twitter:data1\" content=\"1 minuto\" \/>\n<script type=\"application\/ld+json\" class=\"yoast-schema-graph\">{\"@context\":\"https:\/\/schema.org\",\"@graph\":[{\"@type\":\"WebPage\",\"@id\":\"https:\/\/lacigue\u00f1abebe.com\/?product=transat-updown-plus-sea-salt\",\"url\":\"https:\/\/lacigue\u00f1abebe.com\/?product=transat-updown-plus-sea-salt\",\"name\":\"TRANSAT UP&DOWN PLUS SEA SALT - LA CIG\u00dcE\u00d1A - Tienda de moda y accesorios para tu bebe\",\"isPartOf\":{\"@id\":\"https:\/\/lacigue\u00f1abebe.com\/#website\"},\"datePublished\":\"2023-10-25T11:20:17+00:00\",\"dateModified\":\"2023-10-25T11:20:18+00:00\",\"breadcrumb\":{\"@id\":\"https:\/\/lacigue\u00f1abebe.com\/?product=transat-updown-plus-sea-salt#breadcrumb\"},\"inLanguage\":\"es\",\"potentialAction\":[{\"@type\":\"ReadAction\",\"target\":[\"https:\/\/lacigue\u00f1abebe.com\/?product=transat-updown-plus-sea-salt\"]}]},{\"@type\":\"BreadcrumbList\",\"@id\":\"https:\/\/lacigue\u00f1abebe.com\/?product=transat-updown-plus-sea-salt#breadcrumb\",\"itemListElement\":[{\"@type\":\"ListItem\",\"position\":1,\"name\":\"Portada\",\"item\":\"https:\/\/lacigue\u00f1abebe.com\/\"},{\"@type\":\"ListItem\",\"position\":2,\"name\":\"Shop\",\"item\":\"https:\/\/lacigue\u00f1abebe.com\/?page_id=2432\"},{\"@type\":\"ListItem\",\"position\":3,\"name\":\"TRANSAT UP&#038;DOWN PLUS SEA SALT\"}]},{\"@type\":\"WebSite\",\"@id\":\"https:\/\/lacigue\u00f1abebe.com\/#website\",\"url\":\"https:\/\/lacigue\u00f1abebe.com\/\",\"name\":\"LA CIG\u00dcE\u00d1A - Tienda de moda y accesorios para tu bebe\",\"description\":\"Tienda de moda y accesorios para tu bebe \",\"publisher\":{\"@id\":\"https:\/\/lacigue\u00f1abebe.com\/#organization\"},\"potentialAction\":[{\"@type\":\"SearchAction\",\"target\":{\"@type\":\"EntryPoint\",\"urlTemplate\":\"https:\/\/lacigue\u00f1abebe.com\/?s={search_term_string}\"},\"query-input\":\"required name=search_term_string\"}],\"inLanguage\":\"es\"},{\"@type\":\"Organization\",\"@id\":\"https:\/\/lacigue\u00f1abebe.com\/#organization\",\"name\":\"LA CIG\u00dcE\u00d1A - Tienda de moda y accesorios para tu bebe\",\"url\":\"https:\/\/lacigue\u00f1abebe.com\/\",\"logo\":{\"@type\":\"ImageObject\",\"inLanguage\":\"es\",\"@id\":\"https:\/\/lacigue\u00f1abebe.com\/#\/schema\/logo\/image\/\",\"url\":\"https:\/\/lacigue\u00f1abebe.com\/wp-content\/uploads\/2023\/10\/cropped-cropped-WhatsApp_Image_2023-10-15_at_21.20.59-removebg-preview-1.png\",\"contentUrl\":\"https:\/\/lacigue\u00f1abebe.com\/wp-content\/uploads\/2023\/10\/cropped-cropped-WhatsApp_Image_2023-10-15_at_21.20.59-removebg-preview-1.png\",\"width\":512,\"height\":123,\"caption\":\"LA CIG\u00dcE\u00d1A - Tienda de moda y accesorios para tu bebe\"},\"image\":{\"@id\":\"https:\/\/lacigue\u00f1abebe.com\/#\/schema\/logo\/image\/\"}}]}<\/script>\n<!-- \/ Yoast SEO plugin. -->","yoast_head_json":{"title":"TRANSAT UP&DOWN PLUS SEA SALT - LA CIG\u00dcE\u00d1A - Tienda de moda y accesorios para tu bebe","robots":{"index":"index","follow":"follow","max-snippet":"max-snippet:-1","max-image-preview":"max-image-preview:large","max-video-preview":"max-video-preview:-1"},"canonical":"https:\/\/lacigue\u00f1abebe.com\/?product=transat-updown-plus-sea-salt","og_locale":"es_ES","og_type":"article","og_title":"TRANSAT UP&DOWN PLUS SEA SALT - LA CIG\u00dcE\u00d1A - Tienda de moda y accesorios para tu bebe","og_description":"Hamaca Beaba 4 alturas.","og_url":"https:\/\/lacigue\u00f1abebe.com\/?product=transat-updown-plus-sea-salt","og_site_name":"LA CIG\u00dcE\u00d1A - Tienda de moda y accesorios para tu bebe","article_modified_time":"2023-10-25T11:20:18+00:00","og_image":[{"width":800,"height":1000,"url":"https:\/\/lacigue\u00f1abebe.com\/wp-content\/uploads\/2023\/10\/2E03E10A-0E98-461D-A26C-46FFCB7D0DB2.png","type":"image\/png"}],"twitter_card":"summary_large_image","twitter_misc":{"Tiempo de lectura":"1 minuto"},"schema":{"@context":"https:\/\/schema.org","@graph":[{"@type":"WebPage","@id":"https:\/\/lacigue\u00f1abebe.com\/?product=transat-updown-plus-sea-salt","url":"https:\/\/lacigue\u00f1abebe.com\/?product=transat-updown-plus-sea-salt","name":"TRANSAT UP&DOWN PLUS SEA SALT - LA CIG\u00dcE\u00d1A - Tienda de moda y accesorios para tu bebe","isPartOf":{"@id":"https:\/\/lacigue\u00f1abebe.com\/#website"},"datePublished":"2023-10-25T11:20:17+00:00","dateModified":"2023-10-25T11:20:18+00:00","breadcrumb":{"@id":"https:\/\/lacigue\u00f1abebe.com\/?product=transat-updown-plus-sea-salt#breadcrumb"},"inLanguage":"es","potentialAction":[{"@type":"ReadAction","target":["https:\/\/lacigue\u00f1abebe.com\/?product=transat-updown-plus-sea-salt"]}]},{"@type":"BreadcrumbList","@id":"https:\/\/lacigue\u00f1abebe.com\/?product=transat-updown-plus-sea-salt#breadcrumb","itemListElement":[{"@type":"ListItem","position":1,"name":"Portada","item":"https:\/\/lacigue\u00f1abebe.com\/"},{"@type":"ListItem","position":2,"name":"Shop","item":"https:\/\/lacigue\u00f1abebe.com\/?page_id=2432"},{"@type":"ListItem","position":3,"name":"TRANSAT UP&#038;DOWN PLUS SEA SALT"}]},{"@type":"WebSite","@id":"https:\/\/lacigue\u00f1abebe.com\/#website","url":"https:\/\/lacigue\u00f1abebe.com\/","name":"LA CIG\u00dcE\u00d1A - Tienda de moda y accesorios para tu bebe","description":"Tienda de moda y accesorios para tu bebe ","publisher":{"@id":"https:\/\/lacigue\u00f1abebe.com\/#organization"},"potentialAction":[{"@type":"SearchAction","target":{"@type":"EntryPoint","urlTemplate":"https:\/\/lacigue\u00f1abebe.com\/?s={search_term_string}"},"query-input":"required name=search_term_string"}],"inLanguage":"es"},{"@type":"Organization","@id":"https:\/\/lacigue\u00f1abebe.com\/#organization","name":"LA CIG\u00dcE\u00d1A - Tienda de moda y accesorios para tu bebe","url":"https:\/\/lacigue\u00f1abebe.com\/","logo":{"@type":"ImageObject","inLanguage":"es","@id":"https:\/\/lacigue\u00f1abebe.com\/#\/schema\/logo\/image\/","url":"https:\/\/lacigue\u00f1abebe.com\/wp-content\/uploads\/2023\/10\/cropped-cropped-WhatsApp_Image_2023-10-15_at_21.20.59-removebg-preview-1.png","contentUrl":"https:\/\/lacigue\u00f1abebe.com\/wp-content\/uploads\/2023\/10\/cropped-cropped-WhatsApp_Image_2023-10-15_at_21.20.59-removebg-preview-1.png","width":512,"height":123,"caption":"LA CIG\u00dcE\u00d1A - Tienda de moda y accesorios para tu bebe"},"image":{"@id":"https:\/\/lacigue\u00f1abebe.com\/#\/schema\/logo\/image\/"}}]}},"_links":{"self":[{"href":"https:\/\/lacigue\u00f1abebe.com\/index.php?rest_route=\/wp\/v2\/product\/2815","targetHints":{"allow":["GET"]}}],"collection":[{"href":"https:\/\/lacigue\u00f1abebe.com\/index.php?rest_route=\/wp\/v2\/product"}],"about":[{"href":"https:\/\/lacigue\u00f1abebe.com\/index.php?rest_route=\/wp\/v2\/types\/product"}],"version-history":[{"count":1,"href":"https:\/\/lacigue\u00f1abebe.com\/index.php?rest_route=\/wp\/v2\/product\/2815\/revisions"}],"predecessor-version":[{"id":2822,"href":"https:\/\/lacigue\u00f1abebe.com\/index.php?rest_route=\/wp\/v2\/product\/2815\/revisions\/2822"}],"wp:featuredmedia":[{"embeddable":true,"href":"https:\/\/lacigue\u00f1abebe.com\/index.php?rest_route=\/wp\/v2\/media\/2818"}],"wp:attachment":[{"href":"https:\/\/lacigue\u00f1abebe.com\/index.php?rest_route=%2Fwp%2Fv2%2Fmedia&parent=2815"}],"wp:term":[{"taxonomy":"product_cat","embeddable":true,"href":"https:\/\/lacigue\u00f1abebe.com\/index.php?rest_route=%2Fwp%2Fv2%2Fproduct_cat&post=2815"},{"taxonomy":"product_tag","embeddable":true,"href":"https:\/\/lacigue\u00f1abebe.com\/index.php?rest_route=%2Fwp%2Fv2%2Fproduct_tag&post=2815"}],"curies":[{"name":"wp","href":"https:\/\/api.w.org\/{rel}","templated":true}]}}